{"id":85,"date":"2025-02-19T13:45:03","date_gmt":"2025-02-19T13:45:03","guid":{"rendered":"https:\/\/oxford.fetchtdelivery.com\/?page_id=85"},"modified":"2025-11-26T14:53:21","modified_gmt":"2025-11-26T14:53:21","slug":"casino-bonus","status":"publish","type":"page","link":"https:\/\/shopzigzagstripe.com\/collections\/casino-bonus\/","title":{"rendered":"Casino bonus"},"content":{"rendered":"\n<p>S\u00e5 du ser etter en norsk casino bonus? Da har du kommet til riktig sted! Her finner du v\u00e5re beste norske casino bonuser, men ogs\u00e5 de viktigste tipsene f\u00f8r du godtar en bonus.<\/p>\n\n\n\n<p>Det finnes mange typer bonuser \u2013 fra velkomsttilbud til cashback. Men \u2014 alle tilbud er ikke like gode. Store bonusbel\u00f8p kan v\u00e6re fristende, men vilk\u00e5rene avgj\u00f8r hvor verdifull bonusen egentlig er.<\/p>\n\n\n\n<p>\ud83c\udfaf Hvilke bonuser gir deg faktisk verdi?<\/p>\n\n\n\n<p>\ud83c\udfaf Hva b\u00f8r du passe p\u00e5 f\u00f8r du aksepterer en casino bonus?<\/p>\n\n\n\n<p>Her f\u00e5r du svarene \u2013 og veien videre til en real norsk casino bonus!<\/p>\n\n\n\n<div class=\"gb-element-04098302\">\n<p>\ud83d\uded1 Viktig \u00e5 huske: Casinoet vinner alltid over tid. Spill p\u00e5 nettcasino inneb\u00e6rer risiko, og du b\u00f8r kun spille for penger du har r\u00e5d til \u00e5 tape. Sett spillgrenser og spill med ansvar. \ud83d\udd1e Aldersgrense: 18 \u00e5r. Trenger du hjelp? Les mer p\u00e5 v\u00e5r side om ansvarlig spilling eller bes\u00f8k <a href=\"https:\/\/hjelpelinjen.no\/\" target=\"_blank\" rel=\"noreferrer noopener\">Hjelpelinjen.no<\/a>.<\/p>\n<\/div>\n\n\n\n<h2 class=\"gb-text\">Beste casino bonus 2025<\/h2>\n\n\n\n<div><div class=\"casino-banners\"><p>Ingen casinoer funnet.<\/p><\/div>\n<\/div>\n\n\n\n<figure class=\"wp-block-image size-full\"><img decoding=\"async\" src=\"https:\/\/shopzigzagstripe.com\/collections\/collections\/wp-content\/uploads\/2025\/02\/norsk-casino-bonus-infografikk.jpg\" alt=\"Infografikk for norsk casino bonus side. Bulletpoints forteller hva vi skal g\u00e5 gjennom p\u00e5 denne siden\" class=\"wp-image-86\"\/><\/figure>\n\n\n\n<p><\/p>\n\n\n\n<div class=\"gb-element-2abe712a\">\n<h2 class=\"wp-block-heading\">Hva er en norsk casino bonus?<\/h2>\n\n\n\n<p>La oss v\u00e6re \u00e6rlige: Et <a href=\"https:\/\/shopzigzagstripe.com\/collections\/collections\/collections\/\">norsk casino<\/a> gir ikke bort penger for moro skyld. En casino bonus er per definisjon en ren markedsf\u00f8ringsstrategi. Den er der for \u00e5 lokke deg inn d\u00f8ra, f\u00e5 deg til \u00e5 registrere deg og deretter gj\u00f8re et innskudd. Og det stopper ikke der: I tillegg til \u00e5 tiltrekke seg nye spillere, vil ogs\u00e5 en norsk casino bonus v\u00e6re et virkemiddel for \u00e5 f\u00e5 deg til \u00e5 spille mer. Den vil ogs\u00e5 rett og slett som en konkurranse mellom casinoene.<\/p>\n\n\n\n<p>N\u00e5r det er sagt: dette betyr ikke at en casinobonus er ubrukelig eller lureri! Du kan faktisk dra nytte av den hvis du forst\u00e5r vilk\u00e5rene. Det dreier seg om \u00e5 velge casinobonuser som gir mest verdi uten \u00e5 binde deg til d\u00e5rlige omsetningskrav eller andre skjulte regler og vilk\u00e5r.<\/p>\n\n\n\n<p>Kort fortalt: om du vet hva du gj\u00f8r kan du bruke bonusen til din fordel. Det dreier seg om \u00e5 velge riktig bonus.<\/p>\n<\/div>\n\n\n\n<p><\/p>\n\n\n\n<div class=\"gb-element-b7bbd19a\">\n<h2 class=\"wp-block-heading\">Typer norske casino bonuser?<\/h2>\n\n\n\n<p>Det finnes en rekke norske casino bonuser! For nye spillere er velkomstbonusen det viktigste. For andre er det reload-bonuser. Og det mest forvirrende av alt: noen bonuser flyter inn i hverandre!<\/p>\n\n\n\n<figure class=\"wp-block-table is-style-regular\"><table class=\"has-fixed-layout\"><tbody><tr><td><strong>Bonus<\/strong><\/td><td><strong>Hva er det?<\/strong><\/td><td><strong>Fordel<\/strong><\/td><td><strong>Ulempe<\/strong><\/td><\/tr><tr><td><strong>Velkomstbonus<\/strong><\/td><td>Ekstra penger p\u00e5 f\u00f8rste innskudd<\/td><td>Store bonuser<\/td><td>H\u00f8ye omsetningskrav<\/td><\/tr><tr><td><strong>Innskuddsbonus<\/strong><\/td><td>P\u00e5fyllingsbonus for eksisterende spillere<\/td><td>Gir merverdi p\u00e5 innskudd<\/td><td>Ofte lavere prosentsats<\/td><\/tr><tr><td><strong>Freespins<\/strong><\/td><td>Gratis spill p\u00e5 utvalgte spilleautomater<\/td><td>Mulighet for ekte gevinster<\/td><td>Lave gevinstuttak<\/td><\/tr><tr><td><strong>Cashback<\/strong><\/td><td>F\u00e5 tilbake en andel av tapene dine<\/td><td>Gir en viss sikkerhet<\/td><td>Lav prosentandel<\/td><\/tr><tr><td><strong>Bonus uten innskudd<\/strong><\/td><td>Gratis penger eller spinn uten krav om innskudd<\/td><td>Ingen risiko<\/td><td>Strenge uttaksregler<\/td><\/tr><\/tbody><\/table><\/figure>\n<\/div>\n\n\n\n<h2 class=\"wp-block-heading\"><br><strong>Les mer om ulike norske casino bonuser her:<\/strong><\/h2>\n\n\n\n<div class=\"gbp-casino-bonus-grid\">\n<div class=\"gb-element-a9e3abd6\">\n<div class=\"gb-element-b77045d5\">\n<div class=\"gb-element-008c69f6\">\n<h2 class=\"gb-text gb-text-94cfecc4\"><strong>100% <\/strong><\/h2>\n\n\n\n<h4 class=\"gb-text gb-text-65500bdd\"><strong>CASINO BONUS<\/strong><\/h4>\n\n\n\n<div class=\"gb-element-ce024cdd\">\n<ul class=\"wp-block-list\">\n<li class=\"has-small-font-size\">Sett inn 3000 kroner og spill for 6000 kroner<\/li>\n\n\n\n<li class=\"has-small-font-size\">Den mest popul\u00e6re casino bonusen<\/li>\n\n\n\n<li class=\"has-small-font-size\">Det finnes et stort utvalg av disse!<\/li>\n\n\n\n<li class=\"has-small-font-size\">Les tips og r\u00e5d for hva du b\u00f8r v\u00e6re obs p\u00e5<\/li>\n<\/ul>\n\n\n\n<div>\n<div class=\"wp-block-buttons is-content-justification-center is-nowrap is-layout-flex wp-container-core-buttons-is-layout-94bc23d7 wp-block-buttons-is-layout-flex\">\n<div class=\"wp-block-button is-style-fill\"><a class=\"wp-block-button__link has-white-color has-text-color has-background has-link-color wp-element-button\" href=\"https:\/\/shopzigzagstripe.com\/collections\/collections\/collections\/casino-bonus\/100-casino-bonus\/\" style=\"border-radius:10px;background-color:#22315e\">Les mer om 100% casino bonus her!<\/a><\/div>\n<\/div>\n<\/div>\n<\/div>\n<\/div>\n<\/div>\n\n\n\n<div class=\"gb-element-b495ff07\">\n<div class=\"gb-element-c68ab675\">\n<h2 class=\"gb-text gb-text-e21e7f3e\"><strong>200% <\/strong><\/h2>\n\n\n\n<h4 class=\"gb-text gb-text-7ebbca9a\"><strong>CASINO BONUS<\/strong><\/h4>\n\n\n\n<div class=\"gb-element-82385010\">\n<ul class=\"wp-block-list\">\n<li class=\"has-small-font-size\">Sett inn 1000 kroner og spill for 3000 kroner<\/li>\n\n\n\n<li class=\"has-small-font-size\">Vi ser p\u00e5 omsetningskravene!<\/li>\n\n\n\n<li class=\"has-small-font-size\">Hvordan skaffe seg en slik bonus?<\/li>\n\n\n\n<li class=\"has-small-font-size\">Godt illustrerte eksempler i tabeller<\/li>\n<\/ul>\n\n\n\n<div>\n<div class=\"wp-block-buttons is-content-justification-center is-nowrap is-layout-flex wp-container-core-buttons-is-layout-1fb9aab6 wp-block-buttons-is-layout-flex\">\n<div class=\"wp-block-button\"><a class=\"wp-block-button__link has-base-3-color has-text-color has-background has-link-color has-text-align-center wp-element-button\" href=\"https:\/\/shopzigzagstripe.com\/collections\/collections\/collections\/casino-bonus\/200-casino-bonus\/\" style=\"border-radius:10px;background-color:#22315e\">Les mer om 200% casino bonus her!<\/a><\/div>\n<\/div>\n<\/div>\n<\/div>\n<\/div>\n<\/div>\n\n\n\n<div class=\"gb-element-9e8fb0b0\">\n<div class=\"gb-element-f0e7a21d\">\n<h2 class=\"gb-text gb-text-cf110cd8\"><strong>500% <\/strong><\/h2>\n\n\n\n<h4 class=\"gb-text gb-text-9ca7c204\"><strong>CASINO BONUS<\/strong><\/h4>\n\n\n\n<div class=\"gb-element-51b49b11\">\n<ul class=\"wp-block-list\">\n<li class=\"has-small-font-size\">Sett inn 1000 kroner og spill for 6000 kroner<\/li>\n\n\n\n<li class=\"has-small-font-size\">T\u00f8ffe omsetningskrav p\u00e5 denne bonusen<\/li>\n\n\n\n<li class=\"has-small-font-size\">Sjelden bonus \u00e5 finne p\u00e5 norske casino<\/li>\n\n\n\n<li class=\"has-small-font-size\">Vi har tatt en titt p\u00e5 hva du m\u00e5 passe deg for<\/li>\n<\/ul>\n\n\n\n<div>\n<div class=\"wp-block-buttons is-content-justification-center is-nowrap is-layout-flex wp-container-core-buttons-is-layout-94bc23d7 wp-block-buttons-is-layout-flex\">\n<div class=\"wp-block-button is-style-fill\"><a class=\"wp-block-button__link has-base-3-color has-text-color has-background has-link-color wp-element-button\" href=\"https:\/\/shopzigzagstripe.com\/collections\/collections\/collections\/casino-bonus\/500-casino-bonus\/\" style=\"border-radius:10px;background-color:#22315e\">Les mer om 500% casino bonus her!<\/a><\/div>\n<\/div>\n<\/div>\n<\/div>\n<\/div>\n<\/div>\n<\/div>\n<\/div>\n\n\n\n<p><\/p>\n\n\n\n<p>Viser 1 til 1 av 1 linjer<\/p>\n\n\n\n<div class=\"gb-element-2df6e8e8\">\n<h2 class=\"wp-block-heading\">Casino bonus og vilk\u00e5r\/regler \u2013 det finnes ingen gratis lunsj!<\/h2>\n\n\n\n<p>Det er lett \u00e5 bli fristet av en stor bonus \u2013 men ikke la deg lure av store tall alene!0 En norsk casinobonus handler aldri om gratis penger, og alle tilbud kommer med regler og vilk\u00e5r.<\/p>\n\n\n\n<p><strong>Her er de viktigste tingene du b\u00f8r vite:<\/strong><\/p>\n\n\n\n<p>\ud83d\udcdc <strong>Omsetningskrav<\/strong> \u2013 Du m\u00e5 spille gjennom bonusen et visst antall ganger f\u00f8r du kan ta ut gevinstene dine. Vi snakker her om alt fra 20x til 50x av erfaring. P\u00e5 en <a href=\"https:\/\/shopzigzagstripe.com\/collections\/collections\/collections\/100-kr-gratis-casino-uten-innskudd\/\">100 kr gratis casino uten innskudd<\/a> bonus er f.eks. omsetningskravet h\u00f8yt.<\/p>\n\n\n\n<p>\u23f3 <strong>Casino bonus og vilk\u00e5r\/regler<\/strong> \u2013 det er ingen gratis lunsj! \u2013 Bonuser har en utl\u00f8psdato. Sjekk hvor lang tid du har til \u00e5 bruke og omsette bonusen. Alt over 10 dager er egentlig bra, men det kommer litt an p\u00e5 bonusst\u00f8rrelsen.<\/p>\n\n\n\n<p>\ud83d\udcb0 <strong>Maks innsats<\/strong> \u2013 De fleste bonuser har en grense for hvor mye du kan satse per spillrunde. Overskrider du denne, kan bonusen og gevinstene dine bli annullert. Grensen er oftest p\u00e5 50 kroner pr. spillrunde.<\/p>\n\n\n\n<p>\ud83c\udfb0 <strong>Spillrestriksjoner<\/strong> \u2013 Ikke alle spill teller mot omsetningskravet. Bordspill og live casino teller ofte mindre enn spilleautomater. Husk p\u00e5 at du heller ikke kan bruke Buy-in funksjoner n\u00e5r du spiller med bonuspenger. Disse har som regel en h\u00f8yere RTP \u2013 hvilket betyr h\u00f8yere gevinstmuligheter. Husk ogs\u00e5 at mange spilleautomater er helt ekskludert fra \u00e5 bruke med bonuspenger.<\/p>\n\n\n\n<p>\ud83c\udfc6 <strong>Maksgevinst<\/strong> \u2013 Noen bonuser har en \u00f8vre grense for hvor mye du kan vinne og ta ut. Dette er negativt. Vinner du stort med bonuspengene dine, er det kjipt \u00e5 ikke f\u00e5 ut hele gevinsten fordi casinoet har satt en maksgrense.<\/p>\n\n\n\n<p>\ud83d\udccc Les bonusvilk\u00e5rene f\u00f8r du godtar en bonus \u2013 s\u00e5 slipper du ubehagelige overraskelser! Sjekk ogs\u00e5 v\u00e5r artikkel om <a data-type=\"page\" data-id=\"70\" href=\"https:\/\/shopzigzagstripe.com\/collections\/collections\/collections\/trygge-norske-casino\/\">trygge norske casino<\/a>!<\/p>\n<\/div>\n\n\n\n<p><\/p>\n\n\n\n<div class=\"gb-element-c7c4b944\">\n<h2 class=\"wp-block-heading\">Hva er omsetningskrav p\u00e5 casino bonus?<\/h2>\n\n\n\n<p>La oss si at du f\u00e5r en bonus p\u00e5 1.000 kr. Hurra! Gratis penger! Eller\u2026? Ikke helt.<\/p>\n\n\n\n<p>F\u00f8r du kan ta ut pengene, m\u00e5 du \u00abbevise\u00bb for casinoet at du faktisk spiller med dem. Det betyr at du m\u00e5 bruke bonuspengene et visst antall ganger f\u00f8r de blir ekte penger du kan ta ut. Dette kalles omsetningskrav.<\/p>\n\n\n\n<figure class=\"wp-block-image size-full\"><img decoding=\"async\" src=\"https:\/\/shopzigzagstripe.com\/collections\/collections\/wp-content\/uploads\/2025\/02\/Casino-bonus-omsetningsvilkar.jpg\" alt=\"Illustrasjon til orsk casino bonus som omsetningsvilk\u00e5r som et 30x symbol\" class=\"wp-image-92\"\/><figcaption class=\"wp-element-caption\"><br><em>N\u00e5r du skal vurdere en norsk casino bonus er det viktig at du ser p\u00e5 bonusvilk\u00e5rene \u2013 og spesielt omsetningskravet!<\/em><\/figcaption><\/figure>\n\n\n\n<p>N\u00e5r du skal vurdere en norsk casino bonus er det viktig at du ser p\u00e5 bonusvilk\u00e5rene \u2013 og spesielt omsetningskravet! . Illustrasjon: ChatGPT<\/p>\n\n\n\n<p>\ud83c\udfb2 <strong>Hvorfor gj\u00f8r casinoet dette?<\/strong><\/p>\n\n\n\n<p>Enkelt forklart: Casinoet kan ikke bare gi bort penger uten videre. Uten omsetningskrav kunne hvem som helst satt inn penger, tatt imot bonusen og cashet ut med \u00e9n gang \u2013 og casinoet ville g\u00e5tt konkurs p\u00e5 dagen. Derfor m\u00e5 du omsette bonusen f\u00f8r den blir tilgjengelig for uttak.<\/p>\n\n\n\n<p>\ud83d\udca1 Tenk p\u00e5 det som en sn\u00f8ball \u2013 du m\u00e5 rulle den lenge nok til at den blir stor nok til \u00e5 ta med hjem. Hvis du stopper for tidlig, smelter den mellom hendene dine!<\/p>\n\n\n\n<p>\ud83d\udd39 <strong>Hvordan fungerer det?<\/strong><\/p>\n\n\n\n<p>Omsetningskravet oppgis alltid som et tall med en \u00abx\u00bb bak, for eksempel 35x. Hvis bonusen din er p\u00e5 1.000 kr med 35x omsetningskrav, m\u00e5 du satse til sammen 35.000 kr f\u00f8r du kan ta ut gevinster.<\/p>\n\n\n\n<p>Det betyr ikke at du m\u00e5 sette inn 35.000 kr!<\/p>\n\n\n\n<p>Du spiller jo med pengene dine, vinner noen runder, taper noen runder \u2013 og s\u00e5 g\u00e5r det rundt og rundt. Men du m\u00e5 holde liv i pengene lenge nok til at du har satset nok!<\/p>\n\n\n\n<h4 class=\"wp-block-heading\">Eksempel p\u00e5 omsetningskrav p\u00e5 en 100% casino bonus<\/h4>\n\n\n\n<figure class=\"wp-block-table\"><table class=\"has-fixed-layout\"><tbody><tr><td><strong>Innskudd<\/strong><\/td><td><strong>Bonus<\/strong><\/td><td><strong>Totalt p\u00e5 konto<\/strong><\/td><td><strong>Omsetningskrav<\/strong><\/td><td><strong>M\u00e5 satse f\u00f8r uttak<\/strong><\/td><\/tr><tr><td>500 kr<\/td><td>500 kr<\/td><td>1000 kr<\/td><td>35x<\/td><td>17.500 kr<\/td><\/tr><tr><td>1000 kr<\/td><td>1000 kr<\/td><td>2000 kr<\/td><td>35x<\/td><td>35.000 kr<\/td><\/tr><tr><td>2000 kr<\/td><td>2000 kr<\/td><td>4000 kr<\/td><td>35x<\/td><td>70.000 kr<\/td><\/tr><\/tbody><\/table><\/figure>\n\n\n\n<h4 class=\"wp-block-heading\">Viktig \u00e5 vite om omsetningskrav<\/h4>\n\n\n\n<p>Viktige ting \u00e5 vite om omsetningskrav:<\/p>\n\n\n\n<p>\ud83d\udcb0 Pengene m\u00e5 \u00absirkulere\u00bb f\u00f8r de blir ekte \u2013 du m\u00e5 spille for en viss sum f\u00f8r du kan ta ut.<\/p>\n\n\n\n<p>\ud83c\udfb0 Ikke alle spill teller likt \u2013 Spilleautomater teller vanligvis 100%, mens bordspill ofte teller mye mindre.<\/p>\n\n\n\n<p>\u23f3 Tidsfrist er viktig! \u2013 Om du ikke omsetter i tide (ofte 7\u201330 dager), mister du bonusen og gevinstene dine.<\/p>\n\n\n\n<p>\ud83d\udcb8 Jo lavere omsetningskrav, jo bedre \u2013 En bonus med 20x omsetningskrav er mye lettere \u00e5 omsette enn en med 50x!<\/p>\n\n\n\n<p>\ud83d\udccc Husk: Hvis du har 2.000 kr p\u00e5 konto med et 35x krav, betyr det ikke at du m\u00e5 ha 35.000 kr \u2013 men at du m\u00e5 spille lenge nok til at du har satset totalt 35.000 kr.<\/p>\n<\/div>\n\n\n\n<p><\/p>\n\n\n\n<p><\/p>\n","protected":false},"excerpt":{"rendered":"<p>S\u00e5 du ser etter en norsk casino bonus? Da har du kommet til riktig sted! Her finner du v\u00e5re beste norske casino bonuser, men ogs\u00e5 de viktigste tipsene f\u00f8r du godtar en bonus. Det finnes mange typer bonuser \u2013 fra velkomsttilbud til cashback. Men \u2014 alle tilbud er ikke like gode. Store bonusbel\u00f8p kan v\u00e6re [&hellip;]<\/p>\n","protected":false},"author":1,"featured_media":0,"parent":0,"menu_order":0,"comment_status":"closed","ping_status":"closed","template":"","meta":{"_acf_changed":false,"footnotes":""},"class_list":["post-85","page","type-page","status-publish","hentry"],"acf":[],"yoast_head":"<!-- This site is optimized with the Yoast SEO plugin v27.4 - https:\/\/yoast.com\/product\/yoast-seo-wordpress\/ -->\n<title>Casino bonus 2025 | Norges beste casinobonuser &#187; TrygtSpill<\/title>\n<meta name=\"description\" content=\"Finn en norsk casino bonus her! Vi har en oppdatert oversikt over Norges beste casino bonuser. \u2705 Alle bonustyper \u2705 Gode tilbud hele veien!\" \/>\n<meta name=\"robots\" content=\"index, follow, max-snippet:-1, max-image-preview:large, max-video-preview:-1\" \/>\n<link rel=\"canonical\" href=\"https:\/\/shopzigzagstripe.com\/collections\/casino-bonus\/\" \/>\n<meta property=\"og:locale\" content=\"nb_NO\" \/>\n<meta property=\"og:type\" content=\"article\" \/>\n<meta property=\"og:title\" content=\"Casino bonus 2025 | Norges beste casinobonuser &#187; TrygtSpill\" \/>\n<meta property=\"og:description\" content=\"Finn en norsk casino bonus her! Vi har en oppdatert oversikt over Norges beste casino bonuser. \u2705 Alle bonustyper \u2705 Gode tilbud hele veien!\" \/>\n<meta property=\"og:url\" content=\"https:\/\/shopzigzagstripe.com\/collections\/casino-bonus\/\" \/>\n<meta property=\"og:site_name\" content=\"TrygtSpill\" \/>\n<meta property=\"article:modified_time\" content=\"2025-11-26T14:53:21+00:00\" \/>\n<meta property=\"og:image\" content=\"https:\/\/shopzigzagstripe.com\/collections\/wp-content\/uploads\/2025\/02\/norsk-casino-bonus-infografikk.jpg\" \/>\n<meta name=\"twitter:card\" content=\"summary_large_image\" \/>\n<meta name=\"twitter:label1\" content=\"Est. reading time\" \/>\n\t<meta name=\"twitter:data1\" content=\"8 minutes\" \/>\n<script type=\"application\/ld+json\" class=\"yoast-schema-graph\">{\"@context\":\"https:\\\/\\\/schema.org\",\"@graph\":[{\"@type\":\"WebPage\",\"@id\":\"https:\\\/\\\/shopzigzagstripe.com\\\/collections\\\/casino-bonus\\\/\",\"url\":\"https:\\\/\\\/shopzigzagstripe.com\\\/collections\\\/casino-bonus\\\/\",\"name\":\"Casino bonus 2025 | Norges beste casinobonuser &#187; TrygtSpill\",\"isPartOf\":{\"@id\":\"https:\\\/\\\/shopzigzagstripe.com\\\/collections\\\/#website\"},\"primaryImageOfPage\":{\"@id\":\"https:\\\/\\\/shopzigzagstripe.com\\\/collections\\\/casino-bonus\\\/#primaryimage\"},\"image\":{\"@id\":\"https:\\\/\\\/shopzigzagstripe.com\\\/collections\\\/casino-bonus\\\/#primaryimage\"},\"thumbnailUrl\":\"https:\\\/\\\/shopzigzagstripe.com\\\/collections\\\/collections\\\/wp-content\\\/uploads\\\/2025\\\/02\\\/norsk-casino-bonus-infografikk.jpg\",\"datePublished\":\"2025-02-19T13:45:03+00:00\",\"dateModified\":\"2025-11-26T14:53:21+00:00\",\"description\":\"Finn en norsk casino bonus her! Vi har en oppdatert oversikt over Norges beste casino bonuser. \u2705 Alle bonustyper \u2705 Gode tilbud hele veien!\",\"breadcrumb\":{\"@id\":\"https:\\\/\\\/shopzigzagstripe.com\\\/collections\\\/casino-bonus\\\/#breadcrumb\"},\"inLanguage\":\"nb-NO\",\"potentialAction\":[{\"@type\":\"ReadAction\",\"target\":[\"https:\\\/\\\/shopzigzagstripe.com\\\/collections\\\/casino-bonus\\\/\"]}]},{\"@type\":\"ImageObject\",\"inLanguage\":\"nb-NO\",\"@id\":\"https:\\\/\\\/shopzigzagstripe.com\\\/collections\\\/casino-bonus\\\/#primaryimage\",\"url\":\"https:\\\/\\\/shopzigzagstripe.com\\\/collections\\\/collections\\\/wp-content\\\/uploads\\\/2025\\\/02\\\/norsk-casino-bonus-infografikk.jpg\",\"contentUrl\":\"https:\\\/\\\/shopzigzagstripe.com\\\/collections\\\/collections\\\/wp-content\\\/uploads\\\/2025\\\/02\\\/norsk-casino-bonus-infografikk.jpg\"},{\"@type\":\"BreadcrumbList\",\"@id\":\"https:\\\/\\\/shopzigzagstripe.com\\\/collections\\\/casino-bonus\\\/#breadcrumb\",\"itemListElement\":[{\"@type\":\"ListItem\",\"position\":1,\"name\":\"Home\",\"item\":\"https:\\\/\\\/shopzigzagstripe.com\\\/collections\\\/\"},{\"@type\":\"ListItem\",\"position\":2,\"name\":\"Casino bonus\"}]},{\"@type\":\"WebSite\",\"@id\":\"https:\\\/\\\/shopzigzagstripe.com\\\/collections\\\/#website\",\"url\":\"https:\\\/\\\/shopzigzagstripe.com\\\/collections\\\/\",\"name\":\"TrygtSpill\",\"description\":\"\",\"potentialAction\":[{\"@type\":\"SearchAction\",\"target\":{\"@type\":\"EntryPoint\",\"urlTemplate\":\"https:\\\/\\\/shopzigzagstripe.com\\\/collections\\\/?s={search_term_string}\"},\"query-input\":{\"@type\":\"PropertyValueSpecification\",\"valueRequired\":true,\"valueName\":\"search_term_string\"}}],\"inLanguage\":\"nb-NO\"}]}<\/script>\n<!-- \/ Yoast SEO plugin. -->","yoast_head_json":{"title":"Casino bonus 2025 | Norges beste casinobonuser &#187; TrygtSpill","description":"Finn en norsk casino bonus her! Vi har en oppdatert oversikt over Norges beste casino bonuser. \u2705 Alle bonustyper \u2705 Gode tilbud hele veien!","robots":{"index":"index","follow":"follow","max-snippet":"max-snippet:-1","max-image-preview":"max-image-preview:large","max-video-preview":"max-video-preview:-1"},"canonical":"https:\/\/shopzigzagstripe.com\/collections\/casino-bonus\/","og_locale":"nb_NO","og_type":"article","og_title":"Casino bonus 2025 | Norges beste casinobonuser &#187; TrygtSpill","og_description":"Finn en norsk casino bonus her! Vi har en oppdatert oversikt over Norges beste casino bonuser. \u2705 Alle bonustyper \u2705 Gode tilbud hele veien!","og_url":"https:\/\/shopzigzagstripe.com\/collections\/casino-bonus\/","og_site_name":"TrygtSpill","article_modified_time":"2025-11-26T14:53:21+00:00","og_image":[{"url":"https:\/\/shopzigzagstripe.com\/collections\/wp-content\/uploads\/2025\/02\/norsk-casino-bonus-infografikk.jpg","type":"","width":"","height":""}],"twitter_card":"summary_large_image","twitter_misc":{"Est. reading time":"8 minutes"},"schema":{"@context":"https:\/\/schema.org","@graph":[{"@type":"WebPage","@id":"https:\/\/shopzigzagstripe.com\/collections\/casino-bonus\/","url":"https:\/\/shopzigzagstripe.com\/collections\/casino-bonus\/","name":"Casino bonus 2025 | Norges beste casinobonuser &#187; TrygtSpill","isPartOf":{"@id":"https:\/\/shopzigzagstripe.com\/collections\/#website"},"primaryImageOfPage":{"@id":"https:\/\/shopzigzagstripe.com\/collections\/casino-bonus\/#primaryimage"},"image":{"@id":"https:\/\/shopzigzagstripe.com\/collections\/casino-bonus\/#primaryimage"},"thumbnailUrl":"https:\/\/shopzigzagstripe.com\/collections\/collections\/wp-content\/uploads\/2025\/02\/norsk-casino-bonus-infografikk.jpg","datePublished":"2025-02-19T13:45:03+00:00","dateModified":"2025-11-26T14:53:21+00:00","description":"Finn en norsk casino bonus her! Vi har en oppdatert oversikt over Norges beste casino bonuser. \u2705 Alle bonustyper \u2705 Gode tilbud hele veien!","breadcrumb":{"@id":"https:\/\/shopzigzagstripe.com\/collections\/casino-bonus\/#breadcrumb"},"inLanguage":"nb-NO","potentialAction":[{"@type":"ReadAction","target":["https:\/\/shopzigzagstripe.com\/collections\/casino-bonus\/"]}]},{"@type":"ImageObject","inLanguage":"nb-NO","@id":"https:\/\/shopzigzagstripe.com\/collections\/casino-bonus\/#primaryimage","url":"https:\/\/shopzigzagstripe.com\/collections\/collections\/wp-content\/uploads\/2025\/02\/norsk-casino-bonus-infografikk.jpg","contentUrl":"https:\/\/shopzigzagstripe.com\/collections\/collections\/wp-content\/uploads\/2025\/02\/norsk-casino-bonus-infografikk.jpg"},{"@type":"BreadcrumbList","@id":"https:\/\/shopzigzagstripe.com\/collections\/casino-bonus\/#breadcrumb","itemListElement":[{"@type":"ListItem","position":1,"name":"Home","item":"https:\/\/shopzigzagstripe.com\/collections\/"},{"@type":"ListItem","position":2,"name":"Casino bonus"}]},{"@type":"WebSite","@id":"https:\/\/shopzigzagstripe.com\/collections\/#website","url":"https:\/\/shopzigzagstripe.com\/collections\/","name":"TrygtSpill","description":"","potentialAction":[{"@type":"SearchAction","target":{"@type":"EntryPoint","urlTemplate":"https:\/\/shopzigzagstripe.com\/collections\/?s={search_term_string}"},"query-input":{"@type":"PropertyValueSpecification","valueRequired":true,"valueName":"search_term_string"}}],"inLanguage":"nb-NO"}]}},"_links":{"self":[{"href":"https:\/\/shopzigzagstripe.com\/collections\/wp-json\/wp\/v2\/pages\/85","targetHints":{"allow":["GET"]}}],"collection":[{"href":"https:\/\/shopzigzagstripe.com\/collections\/wp-json\/wp\/v2\/pages"}],"about":[{"href":"https:\/\/shopzigzagstripe.com\/collections\/wp-json\/wp\/v2\/types\/page"}],"author":[{"embeddable":true,"href":"https:\/\/shopzigzagstripe.com\/collections\/wp-json\/wp\/v2\/users\/1"}],"replies":[{"embeddable":true,"href":"https:\/\/shopzigzagstripe.com\/collections\/wp-json\/wp\/v2\/comments?post=85"}],"version-history":[{"count":17,"href":"https:\/\/shopzigzagstripe.com\/collections\/wp-json\/wp\/v2\/pages\/85\/revisions"}],"predecessor-version":[{"id":2234,"href":"https:\/\/shopzigzagstripe.com\/collections\/wp-json\/wp\/v2\/pages\/85\/revisions\/2234"}],"wp:attachment":[{"href":"https:\/\/shopzigzagstripe.com\/collections\/wp-json\/wp\/v2\/media?parent=85"}],"curies":[{"name":"wp","href":"https:\/\/api.w.org\/{rel}","templated":true}]}}