{"id":808,"date":"2025-03-17T10:59:38","date_gmt":"2025-03-17T10:59:38","guid":{"rendered":"https:\/\/oxford.fetchtdelivery.com\/?page_id=808"},"modified":"2025-10-17T23:52:14","modified_gmt":"2025-10-17T23:52:14","slug":"norgesautomaten","status":"publish","type":"page","link":"https:\/\/shopzigzagstripe.com\/collections\/norgesautomaten\/","title":{"rendered":"Norgesautomaten"},"content":{"rendered":"\n<p>Norgesautomaten og Jackpot 6000 er to begreper som g\u00e5r h\u00e5nd i h\u00e5nd i norsk casinohistorie. Denne megapopul\u00e6re fruktautomaten kom ut p\u00e5 markedet i 2014, og var inspirert av de gamle spilleautomatene som sto utplassert rundt om i landet.<\/p>\n\n\n\n<p>Automaten ble etter hvert kjent som Norgesautomaten, og er et navn den virkelig har fortjent.<\/p>\n\n\n\n<p>Vi skal her lose deg gjennom litt spennende historikk, og samtidig f\u00e5r du muligheten til \u00e5 pr\u00f8ve NorgesAutomaten Jackpot 6000 her hos oss \u2013 helt gratis!<\/p>\n\n\n\n<p><\/p>\n\n\n\n<div>\n<p><em>F\u00f8r vi g\u00e5r videre s\u00e5 vil vi klargj\u00f8re et par ting: For mange s\u00e5 er Norgesautomaten kjent som et norsk casino &#8211; hvilket er riktig. Dette casinoet heter n\u00e5 <a href=\"https:\/\/shopzigzagstripe.com\/collections\/collections\/collections\/nordicautomaten\/\">NordicAutomaten<\/a> og du kan f\u00f8lge lenken for \u00e5 lese mer om casinoet. Denne artikkelen fokuserer imidlertid p\u00e5 spilleautomaten Norgesautomaten &#8211; alts\u00e5 Jackpot 6000. <\/em><\/p>\n<\/div>\n\n\n\n<div class=\"gb-element-0527ca56\">\n<p>\ud83d\uded1 Viktig p\u00e5minnelse: Spill p\u00e5 nettcasino inneb\u00e6rer alltid en risiko. Over tid har casinoet fordelen, s\u00e5 bruk kun penger du har r\u00e5d til \u00e5 tape. Husk \u00e5 sette grenser for spillingen og ta ansvar for egen \u00f8konomi. \ud83d\udd1e Aldersgrense: 18 \u00e5r. Trenger du noen \u00e5 snakke med? Se v\u00e5r side om ansvarlig spill eller bes\u00f8k Hjelpelinjen.no.<\/p>\n<\/div>\n\n\n\n<div>\n<h2 class=\"wp-block-heading\">Spill Norgesautomaten Jackpot 6000 her<\/h2>\n\n\n<div class=\"casino-banners\"><div class=\"casino-banner\"><div class=\"casino-box logo-box\" style=\"background-color: #04326d;\"><img decoding=\"async\" src=\"https:\/\/shopzigzagstripe.com\/collections\/wp-content\/uploads\/2025\/11\/SGCasino.png?wsr\" alt=\"SGCasino\" class=\"casino-logo\"><\/div><div class=\"casino-box bonus-box\"><h3 class=\"casino-name\">SGCasino<\/h3><p class=\"casino-bonus\">100% opptil 5 000 kr + 200 GS + 1 Bonus Crab <\/p><\/div><div class=\"casino-box bulletpoints-box\"><h4 class=\"bulletpoints-header\">Kort info<\/h4><ul class=\"bulletpoints-list\"><li>\ud83c\udfb0 Massive Selection Of Slots<\/li><li>\ud83d\udcac 24\/7 Support In All Languages<\/li><li>\ud83c\udfc6 Live Casino &amp; Sportsbook<\/li><\/ul><\/div><div class=\"casino-box button-box\"><div class=\"button-wrap\"><a href=\"https:\/\/tryggtspill.link\/sgcasino\" class=\"button\" rel=\"nofollow\" target=\"_blank\">Hent din bonus!<\/a><\/div><\/div><\/div><div class=\"casino-banner\"><div class=\"casino-box logo-box\" style=\"background-color: #0D0C0C;\"><img decoding=\"async\" src=\"https:\/\/shopzigzagstripe.com\/collections\/wp-content\/uploads\/2025\/11\/legiano.png?wsr\" alt=\"Legiano\" class=\"casino-logo\"><\/div><div class=\"casino-box bonus-box\"><h3 class=\"casino-name\">Legiano<\/h3><p class=\"casino-bonus\">100% opptil 5 000 kr + 200 GS + 1 Bonus Crab <\/p><\/div><div class=\"casino-box bulletpoints-box\"><h4 class=\"bulletpoints-header\">Kort info<\/h4><ul class=\"bulletpoints-list\"><li>\ud83d\udcac 24\/7 Support<\/li><li>\ud83c\udfae Unique Gamification<\/li><li>\ud83c\udf81 Non-Sticky Welcome Bonus<\/li><\/ul><\/div><div class=\"casino-box button-box\"><div class=\"button-wrap\"><a href=\"https:\/\/tryggtspill.link\/legiano\" class=\"button\" rel=\"nofollow\" target=\"_blank\">Hent din bonus!<\/a><\/div><\/div><\/div><div class=\"casino-banner\"><div class=\"casino-box logo-box\" style=\"background-color: #40151f;\"><img decoding=\"async\" src=\"https:\/\/shopzigzagstripe.com\/collections\/wp-content\/uploads\/2025\/11\/logo@2x.png?wsr\" alt=\"Allyspin\" class=\"casino-logo\"><\/div><div class=\"casino-box bonus-box\"><h3 class=\"casino-name\">Allyspin<\/h3><p class=\"casino-bonus\">250% opptil 10 000 kr + 200 GS + 1 Bonus Crab<\/p><\/div><div class=\"casino-box bulletpoints-box\"><h4 class=\"bulletpoints-header\">Kort info<\/h4><ul class=\"bulletpoints-list\"><li>\ud83c\udfae All Popular Gaming Providers<\/li><li>\ud83c\udf81 Boosted Welcome Offer (250% Up To \u20ac1,000 + 200 FS)<\/li><li>\u2728 Super Catchy Design<\/li><\/ul><\/div><div class=\"casino-box button-box\"><div class=\"button-wrap\"><a href=\"https:\/\/tryggtspill.link\/allyspin\" class=\"button\" rel=\"nofollow\" target=\"_blank\">Hent din bonus!<\/a><\/div><\/div><\/div><div class=\"casino-banner\"><div class=\"casino-box logo-box\" style=\"background-color: #0d1269;\"><img decoding=\"async\" src=\"https:\/\/shopzigzagstripe.com\/collections\/wp-content\/uploads\/2025\/11\/spinbara.svg?wsr\" alt=\"Spinbara\" class=\"casino-logo\"><\/div><div class=\"casino-box bonus-box\"><h3 class=\"casino-name\">Spinbara<\/h3><p class=\"casino-bonus\"> 100% opptil 5 000 kr + 200 GS + 1 Bonus Crab <\/p><\/div><div class=\"casino-box bulletpoints-box\"><h4 class=\"bulletpoints-header\">Kort info<\/h4><ul class=\"bulletpoints-list\"><li>\ud83c\udfc6 Join Our Tournaments \u2014 Win 60,000,000 NOK!<\/li><li>\ud83d\udcac 24\/7 Support &amp; Unique Gamification<\/li><li>\ud83c\udf81 Non-Sticky Welcome Bonus<\/li><\/ul><\/div><div class=\"casino-box button-box\"><div class=\"button-wrap\"><a href=\"https:\/\/tryggtspill.link\/spinbara\" class=\"button\" rel=\"nofollow\" target=\"_blank\">Hent din bonus!<\/a><\/div><\/div><\/div><div class=\"casino-banner\"><div class=\"casino-box logo-box\" style=\"background-color: #5b2013;\"><img decoding=\"async\" src=\"https:\/\/shopzigzagstripe.com\/collections\/wp-content\/uploads\/2025\/11\/cleobetra.webp?wsr\" alt=\"Cleobetra\" class=\"casino-logo\"><\/div><div class=\"casino-box bonus-box\"><h3 class=\"casino-name\">Cleobetra<\/h3><p class=\"casino-bonus\">Velkomstpakke 10 000 kr + 350 Gratisspinn<\/p><\/div><div class=\"casino-box bulletpoints-box\"><h4 class=\"bulletpoints-header\">Kort info<\/h4><ul class=\"bulletpoints-list\"><li>\ud83c\udffa Top-Notch Egyptian-Themed Casino With Premium UX<\/li><li>\ud83c\udf81 Multi-Tier Welcome Bonus<\/li><li>\ud83d\udc8e Ongoing Rewards: Cashback, Reloads &amp; VIP Perks<\/li><\/ul><\/div><div class=\"casino-box button-box\"><div class=\"button-wrap\"><a href=\"https:\/\/tryggtspill.link\/cleobetr\" class=\"button\" rel=\"nofollow\" target=\"_blank\">Hent din bonus!<\/a><\/div><\/div><\/div><div class=\"casino-banner\"><div class=\"casino-box logo-box\" style=\"background-color: #ffffff;\"><img decoding=\"async\" src=\"https:\/\/shopzigzagstripe.com\/collections\/wp-content\/uploads\/2025\/11\/puntit-1.svg?wsr\" alt=\"Puntit Casino\" class=\"casino-logo\"><\/div><div class=\"casino-box bonus-box\"><h3 class=\"casino-name\">Puntit Casino<\/h3><p class=\"casino-bonus\">100% opptil 5 000 kr + 50 Gratisspinn + 15% Cashback<\/p><\/div><div class=\"casino-box bulletpoints-box\"><h4 class=\"bulletpoints-header\">Kort info<\/h4><ul class=\"bulletpoints-list\"><li>\ud83d\udcb8 Weekly Cashback With No Wagering<\/li><li>\ud83c\udfb0 No Wagering On Free Spins<\/li><li>\ud83d\udd25 Casino Lobby Jam-Packed With The Best &amp; Most Popular Slots<\/li><\/ul><\/div><div class=\"casino-box button-box\"><div class=\"button-wrap\"><a href=\"https:\/\/tryggtspill.link\/putnit\" class=\"button\" rel=\"nofollow\" target=\"_blank\">Hent din bonus!<\/a><\/div><\/div><\/div><div class=\"casino-banner\"><div class=\"casino-box logo-box\" style=\"background-color: #36272d;\"><img decoding=\"async\" src=\"https:\/\/shopzigzagstripe.com\/collections\/wp-content\/uploads\/2025\/10\/dragonia.webp?wsr\" alt=\"Dragonia\" class=\"casino-logo\"><\/div><div class=\"casino-box bonus-box\"><h3 class=\"casino-name\">Dragonia<\/h3><p class=\"casino-bonus\">100% opptil 5 000 kr + 200 GS + 1 Bonus Crab<\/p><\/div><div class=\"casino-box bulletpoints-box\"><h4 class=\"bulletpoints-header\">Kort info<\/h4><ul class=\"bulletpoints-list\"><li>\ud83d\udc51 VIP Program with 5 Levels &amp; Exclusive Perks<\/li><li>\ud83c\udfc6 Exciting Tournaments with Big Prize Pools<\/li><li>\ud83d\udecd\ufe0f Reward Shop with Bonuses &amp; Free Spins<\/li><\/ul><\/div><div class=\"casino-box button-box\"><div class=\"button-wrap\"><a href=\"https:\/\/tryggtspill.link\/dragonia\" class=\"button\" rel=\"nofollow\" target=\"_blank\">Hent din bonus!<\/a><\/div><\/div><\/div><div class=\"casino-banner\"><div class=\"casino-box logo-box\" style=\"background-color: #101116;\"><img decoding=\"async\" src=\"https:\/\/shopzigzagstripe.com\/collections\/wp-content\/uploads\/2025\/10\/casinova.svg?wsr\" alt=\"Casinova\" class=\"casino-logo\"><\/div><div class=\"casino-box bonus-box\"><h3 class=\"casino-name\">Casinova<\/h3><p class=\"casino-bonus\">20 000 kr V\u00e4lkomstpaket + 350 Gratisspinn<\/p><\/div><div class=\"casino-box bulletpoints-box\"><h4 class=\"bulletpoints-header\">Kort info<\/h4><ul class=\"bulletpoints-list\"><li>\ud83c\udf81 Huge, Multi-Part Welcome Package + Free Spins<\/li><li>\ud83d\udcb0 Frequent &amp; Generous Cashback and Reloads<\/li><li>\ud83c\udfb2 Massive Game Variety and Casino Features<\/li><\/ul><\/div><div class=\"casino-box button-box\"><div class=\"button-wrap\"><a href=\"https:\/\/tryggtspill.link\/casinova\" class=\"button\" rel=\"nofollow\" target=\"_blank\">Hent din bonus!<\/a><\/div><\/div><\/div><div class=\"casino-banner\"><div class=\"casino-box logo-box\" style=\"background-color: #430f71;\"><img decoding=\"async\" src=\"https:\/\/shopzigzagstripe.com\/collections\/wp-content\/uploads\/2025\/10\/kingmaker-logo.svg?wsr\" alt=\"Kingmaker\" class=\"casino-logo\"><\/div><div class=\"casino-box bonus-box\"><h3 class=\"casino-name\">Kingmaker<\/h3><p class=\"casino-bonus\">100% opptil 5 000 kr + 50 sjanser til \u00e5 vinne \u20ac1m<\/p><\/div><div class=\"casino-box bulletpoints-box\"><h4 class=\"bulletpoints-header\">Kort info<\/h4><ul class=\"bulletpoints-list\"><li>\ud83d\ude80 Next-Gen Casino Experience with Elite Game Studios<\/li><li>\ud83d\udcb8 Non-Sticky Bonuses and Instant Cash Freedom<\/li><li>\u26a1 Lightning-Fast Gameplay and Withdrawals<\/li><\/ul><\/div><div class=\"casino-box button-box\"><div class=\"button-wrap\"><a href=\"https:\/\/tryggtspill.link\/kingmaker\" class=\"button\" rel=\"nofollow\" target=\"_blank\">Hent din bonus!<\/a><\/div><\/div><\/div><\/div>\n\n\n\n<p><\/p>\n<\/div>\n\n\n\n<div>\n<h2 class=\"gb-text\">Norgesautomaten Jackpot 6000 &#8211; litt historie<\/h2>\n\n\n\n<p>Da de ekte spilleautomatene var tilgjengelig rundt om i landet f\u00f8r, kunne man knapt g\u00e5 inn p\u00e5 en butikk, bensinstasjon eller ferge uten det sto \u00e9n eller flere maskiner klare! Nordmenn spilte enormt mye p\u00e5 disse, og i topp\u00e5ret 2005 ble det omsatt for svimlende 27 milliarder kroner p\u00e5 disse automatene. <\/p>\n\n\n\n<p>En av de mest popul\u00e6re automatene i denne epoken var Jackpot 2000. <\/p>\n\n\n\n<p>Myndighetene i Norge s\u00e5 med uro p\u00e5 utviklingen og etter flere \u00e5r med forberedelser og dr\u00f8fting ble spilleautomater vedtatt forbudt. Fra 2007 var det derfor ikke mulig for nordmenn \u00e5 spille p\u00e5 spilleautomater lenger. Unntaket var naturligvis Norsk Tippings spill. <\/p>\n\n\n\n<p>Forbudet mot spilleautomater \u00e5pnet d\u00f8rene for en ny bransje &#8211; nemlig online casino. Casino p\u00e5 nett var naturligvis en greie f\u00f8r dette, men automatforbudet f\u00f8rte til at mange nordmenn gikk p\u00e5 nett for \u00e5 spille. <\/p>\n\n\n\n<p>Nordmenn var &#8211; og er &#8211; en attraktiv kundegruppe, og dette var det spesielt \u00e9n spillutvikler som var fullt klar over. Vi snakker her om Net Entertainment &#8211; selskapet som i dag heter NetEnt. <\/p>\n\n\n\n<div>\n<div>\n<h3 class=\"gb-text\">Net Entertainment lager Norgesautomaten Jackpot 6000<\/h3>\n\n\n\n<p>Net Entertainment skj\u00f8nte hvor sterkt disse klassiske spilleautomatene sto i den norske befolkningen. De bestemte seg derfor \u00e5 lage en kopi av den legendariske Jackpot 2000 automaten, og resultatet ble alts\u00e5 Jackpot 6000 som kom ut tilbake i 2007. <\/p>\n\n\n\n<p>I gamblingmilj\u00f8et fikk spillet etterhvert kj\u00e6lenavnet &#8216;Norgesautomaten&#8217;, og spillet ble kjapt et av de mest spilte i online casinoer. Net Entertainment var utvilsomt dyktige og p\u00e5 rett plass til rett tid. Det var flere de gamle klassiske automatene som var popul\u00e6re, og som fikk egne nettversjoner. B\u00e5de spill som <a href=\"https:\/\/shopzigzagstripe.com\/collections\/collections\/collections\/mega-joker-gratis\/\">Mega Joker<\/a> og Super Nudge var nettversjoner av gamle klassikere. <\/p>\n<\/div>\n<\/div>\n<\/div>\n\n\n\n<div class=\"gb-element-f8da61db\">\n<h2 class=\"gb-text\">Jackpot 6000 &#8211; informasjon om spillet<\/h2>\n\n\n\n<p>Jackpot 6000 er en klassisk spilleautomat med en teoretisk tilbakebetalingsprosent (RTP) p\u00e5 97,5 % i grunnspillet. I Supermeter-modus kan den stige til hele 99 %. \u00c5 spille i Supermeter koster mer, og innsatsen dobles. Gevinstmulighetene \u00f8ker samtidig med en \u00f8kt RTP, s\u00e5 her kan man f\u00e5 godt betalt om man er litt heldig. <\/p>\n\n\n\n<p>Automaten har 5 gevinstlinjer, akkurat som den gamle Jackpot 2000-maskinen. Det enkle oppsettet gj\u00f8r det lett \u00e5 f\u00f8lge med p\u00e5 hvilke linjer som gir gevinst. For \u00e5 f\u00e5 en vinnende kombinasjon m\u00e5 man f\u00e5 tre matchende symboler langs en gevinstlinje. <\/p>\n\n\n\n<div>\n<div><div class=\"wp-block-image\">\n<figure class=\"alignright size-full\"><img loading=\"lazy\" decoding=\"async\" width=\"400\" height=\"225\" src=\"https:\/\/shopzigzagstripe.com\/collections\/collections\/wp-content\/uploads\/2025\/10\/Skjermbilde-jackpot.jpg\" alt=\"\" class=\"wp-image-1815\" style=\"object-fit:cover\" srcset=\"https:\/\/shopzigzagstripe.com\/collections\/wp-content\/uploads\/2025\/10\/Skjermbilde-jackpot.jpg 400w, https:\/\/shopzigzagstripe.com\/collections\/wp-content\/uploads\/2025\/10\/Skjermbilde-jackpot-300x169.jpg 300w\" sizes=\"auto, (max-width: 400px) 100vw, 400px\" \/><figcaption class=\"wp-element-caption\"><em>Slik ser Jackpot 6000 ut &#8211; alts\u00e5 en skikkelig klassisk spilleautomat. Grafikk fra NetEnt. <\/em><\/figcaption><\/figure>\n<\/div><\/div>\n<\/div>\n\n\n\n<p>Jokeren er det mest verdifulle symbolet i spillet &#8211; og gir toppgevinsten. Dette gjelder b\u00e5de i grunnspillet og i Supermeter. Dette kan du lese mer om lenger ned. <\/p>\n\n\n\n<h3 class=\"wp-block-heading\">Tema og grafikk<\/h3>\n\n\n\n<p>Jackpot 6000 er laget som en hyllest til den gamle, landbaserte klassikeren Jackpot 2000. Automaten er satt inn i en spillehall, og designet er enkelt og nostalgisk. Joker-symbolet spiller en sentral rolle \u2013 og nettopp jokeren kan gi deg toppgevinsten i Supermeter.<\/p>\n\n\n\n<h3 class=\"wp-block-heading\">Supermeter og toppgevinst<\/h3>\n\n\n\n<p>F\u00e5r du en gevinst i grunnspillet, kan du velge \u00e5 satse videre i Supermeter-modus. Her \u00f8ker b\u00e5de innsatsen og mulighetene for st\u00f8rre utbetalinger.<\/p>\n\n\n\n<p>For \u00e5 vinne toppgevinsten m\u00e5 du lande tre jokere p\u00e5 \u00e9n gevinstlinje i Supermeter. Da vinner du 6000 mynter. Hva det blir i kroner, avhenger av myntverdien du har satt. Maksgevinsten er 60 000 kroner n\u00e5r du spiller med h\u00f8yeste innsats.<\/p>\n\n\n\n<p>Jackpotten er fast, ikke progressiv, s\u00e5 det er alltid 6000 mynter som gjelder.<\/p>\n<\/div>\n\n\n\n<div class=\"gb-element-a014c34a\">\n<h2 class=\"gb-text\">Hvor kan man spille Norgesautomaten Jackpot 6000?<\/h2>\n<\/div>\n\n\n\n<p>Som sagt s\u00e5 er Jackpot 6000 utviklet av NetEnt, og disse en av de mest kjente spillutviklerne i bransjen. Det betyr at automatene deres er tilgjengelig p\u00e5 de aller fleste nettcasinoer som tilbyr spill fra NetEnt. Utvalget er stort, s\u00e5 du har mange online casino \u00e5 velge mellom.<\/p>\n\n\n\n<p>For \u00e5 gj\u00f8re det enkelt har vi allerede plukket ut noen anbefalte casinoer lenger opp i artikkelen. Disse tilbyr Jackpot 6000 i sitt sortiment, og flere av dem har ogs\u00e5 bonuser som kan brukes p\u00e5 akkurat denne automaten. P\u00e5 forsiden v\u00e5r har vi en enda st\u00f8rre oversikt over <a href=\"https:\/\/shopzigzagstripe.com\/collections\/collections\/collections\/\">norske casino sider<\/a> som du kan velge i.<\/p>\n\n\n\n<p>Du kan selvsagt ogs\u00e5 velge \u00e5 spille jackpot 2000 gratis her hos oss!<\/p>\n\n\n\n<div>\n<h2 class=\"gb-text\">Nyt norsk spilleautomat-historie!<\/h2>\n\n\n\n<p>Som du skj\u00f8nner s\u00e5 er det vel ingen tvil om at Norgesautomaten Jackpot 6000 er mer enn bare en vanlig spilleautomat. Den er faktisk et stort stykke norsk spilleautomat-historie! <\/p>\n\n\n\n<p>For de som husker tilbake til dagene da vi hadde disse fysiske automatene plassert ut, s\u00e5 var Jackpot 2000 en automat man fant n\u00e6rmest p\u00e5 hvert gatehj\u00f8rne og kiosk i Norge. <\/p>\n\n\n\n<p>Med sitt enkle oppsett, klassiske design og spennende Supermeter var den en sikker vinner &#8211; og NetEnt har klart \u00e5 gjenskape dette i sin versjon Jackpot 6000. <\/p>\n\n\n\n<p>Om du vil reise tilbake i tid og oppleve litt nostalgi er derfor Jackpot 6000 et helt naturlig valg!<\/p>\n<\/div>\n","protected":false},"excerpt":{"rendered":"<p>Norgesautomaten og Jackpot 6000 er to begreper som g\u00e5r h\u00e5nd i h\u00e5nd i norsk casinohistorie. Denne megapopul\u00e6re fruktautomaten kom ut p\u00e5 markedet i 2014, og var inspirert av de gamle spilleautomatene som sto utplassert rundt om i landet. Automaten ble etter hvert kjent som Norgesautomaten, og er et navn den virkelig har fortjent. Vi skal [&hellip;]<\/p>\n","protected":false},"author":1,"featured_media":0,"parent":0,"menu_order":0,"comment_status":"closed","ping_status":"closed","template":"","meta":{"_acf_changed":false,"footnotes":""},"class_list":["post-808","page","type-page","status-publish","hentry"],"acf":[],"yoast_head":"<!-- This site is optimized with the Yoast SEO plugin v27.4 - https:\/\/yoast.com\/product\/yoast-seo-wordpress\/ -->\n<title>Norgesautomaten Jackpot 6000 | En klassike hos norske spillere! &#187; TrygtSpill<\/title>\n<meta name=\"description\" content=\"Norgesautomaten Jackpot 6000 er en enormt popul\u00e6r spilleautomat med lang forhistorie. Les alt om spillet og pr\u00f8v Jackpot 6000 gratis!\" \/>\n<meta name=\"robots\" content=\"index, follow, max-snippet:-1, max-image-preview:large, max-video-preview:-1\" \/>\n<link rel=\"canonical\" href=\"https:\/\/shopzigzagstripe.com\/collections\/norgesautomaten\/\" \/>\n<meta property=\"og:locale\" content=\"nb_NO\" \/>\n<meta property=\"og:type\" content=\"article\" \/>\n<meta property=\"og:title\" content=\"Norgesautomaten Jackpot 6000 | En klassike hos norske spillere! &#187; TrygtSpill\" \/>\n<meta property=\"og:description\" content=\"Norgesautomaten Jackpot 6000 er en enormt popul\u00e6r spilleautomat med lang forhistorie. Les alt om spillet og pr\u00f8v Jackpot 6000 gratis!\" \/>\n<meta property=\"og:url\" content=\"https:\/\/shopzigzagstripe.com\/collections\/norgesautomaten\/\" \/>\n<meta property=\"og:site_name\" content=\"TrygtSpill\" \/>\n<meta property=\"article:modified_time\" content=\"2025-10-17T23:52:14+00:00\" \/>\n<meta property=\"og:image\" content=\"https:\/\/shopzigzagstripe.com\/collections\/wp-content\/uploads\/2025\/10\/Skjermbilde-jackpot.jpg\" \/>\n<meta name=\"twitter:card\" content=\"summary_large_image\" \/>\n<meta name=\"twitter:label1\" content=\"Est. reading time\" \/>\n\t<meta name=\"twitter:data1\" content=\"6 minutes\" \/>\n<script type=\"application\/ld+json\" class=\"yoast-schema-graph\">{\"@context\":\"https:\\\/\\\/schema.org\",\"@graph\":[{\"@type\":\"WebPage\",\"@id\":\"https:\\\/\\\/shopzigzagstripe.com\\\/collections\\\/norgesautomaten\\\/\",\"url\":\"https:\\\/\\\/shopzigzagstripe.com\\\/collections\\\/norgesautomaten\\\/\",\"name\":\"Norgesautomaten Jackpot 6000 | En klassike hos norske spillere! &#187; TrygtSpill\",\"isPartOf\":{\"@id\":\"https:\\\/\\\/shopzigzagstripe.com\\\/collections\\\/#website\"},\"primaryImageOfPage\":{\"@id\":\"https:\\\/\\\/shopzigzagstripe.com\\\/collections\\\/norgesautomaten\\\/#primaryimage\"},\"image\":{\"@id\":\"https:\\\/\\\/shopzigzagstripe.com\\\/collections\\\/norgesautomaten\\\/#primaryimage\"},\"thumbnailUrl\":\"https:\\\/\\\/shopzigzagstripe.com\\\/collections\\\/collections\\\/wp-content\\\/uploads\\\/2025\\\/10\\\/Skjermbilde-jackpot.jpg\",\"datePublished\":\"2025-03-17T10:59:38+00:00\",\"dateModified\":\"2025-10-17T23:52:14+00:00\",\"description\":\"Norgesautomaten Jackpot 6000 er en enormt popul\u00e6r spilleautomat med lang forhistorie. Les alt om spillet og pr\u00f8v Jackpot 6000 gratis!\",\"breadcrumb\":{\"@id\":\"https:\\\/\\\/shopzigzagstripe.com\\\/collections\\\/norgesautomaten\\\/#breadcrumb\"},\"inLanguage\":\"nb-NO\",\"potentialAction\":[{\"@type\":\"ReadAction\",\"target\":[\"https:\\\/\\\/shopzigzagstripe.com\\\/collections\\\/norgesautomaten\\\/\"]}]},{\"@type\":\"ImageObject\",\"inLanguage\":\"nb-NO\",\"@id\":\"https:\\\/\\\/shopzigzagstripe.com\\\/collections\\\/norgesautomaten\\\/#primaryimage\",\"url\":\"https:\\\/\\\/shopzigzagstripe.com\\\/collections\\\/collections\\\/wp-content\\\/uploads\\\/2025\\\/10\\\/Skjermbilde-jackpot.jpg\",\"contentUrl\":\"https:\\\/\\\/shopzigzagstripe.com\\\/collections\\\/collections\\\/wp-content\\\/uploads\\\/2025\\\/10\\\/Skjermbilde-jackpot.jpg\"},{\"@type\":\"BreadcrumbList\",\"@id\":\"https:\\\/\\\/shopzigzagstripe.com\\\/collections\\\/norgesautomaten\\\/#breadcrumb\",\"itemListElement\":[{\"@type\":\"ListItem\",\"position\":1,\"name\":\"Home\",\"item\":\"https:\\\/\\\/shopzigzagstripe.com\\\/collections\\\/\"},{\"@type\":\"ListItem\",\"position\":2,\"name\":\"Norgesautomaten\"}]},{\"@type\":\"WebSite\",\"@id\":\"https:\\\/\\\/shopzigzagstripe.com\\\/collections\\\/#website\",\"url\":\"https:\\\/\\\/shopzigzagstripe.com\\\/collections\\\/\",\"name\":\"TrygtSpill\",\"description\":\"\",\"potentialAction\":[{\"@type\":\"SearchAction\",\"target\":{\"@type\":\"EntryPoint\",\"urlTemplate\":\"https:\\\/\\\/shopzigzagstripe.com\\\/collections\\\/?s={search_term_string}\"},\"query-input\":{\"@type\":\"PropertyValueSpecification\",\"valueRequired\":true,\"valueName\":\"search_term_string\"}}],\"inLanguage\":\"nb-NO\"}]}<\/script>\n<!-- \/ Yoast SEO plugin. -->","yoast_head_json":{"title":"Norgesautomaten Jackpot 6000 | En klassike hos norske spillere! &#187; TrygtSpill","description":"Norgesautomaten Jackpot 6000 er en enormt popul\u00e6r spilleautomat med lang forhistorie. Les alt om spillet og pr\u00f8v Jackpot 6000 gratis!","robots":{"index":"index","follow":"follow","max-snippet":"max-snippet:-1","max-image-preview":"max-image-preview:large","max-video-preview":"max-video-preview:-1"},"canonical":"https:\/\/shopzigzagstripe.com\/collections\/norgesautomaten\/","og_locale":"nb_NO","og_type":"article","og_title":"Norgesautomaten Jackpot 6000 | En klassike hos norske spillere! &#187; TrygtSpill","og_description":"Norgesautomaten Jackpot 6000 er en enormt popul\u00e6r spilleautomat med lang forhistorie. Les alt om spillet og pr\u00f8v Jackpot 6000 gratis!","og_url":"https:\/\/shopzigzagstripe.com\/collections\/norgesautomaten\/","og_site_name":"TrygtSpill","article_modified_time":"2025-10-17T23:52:14+00:00","og_image":[{"url":"https:\/\/shopzigzagstripe.com\/collections\/wp-content\/uploads\/2025\/10\/Skjermbilde-jackpot.jpg","type":"","width":"","height":""}],"twitter_card":"summary_large_image","twitter_misc":{"Est. reading time":"6 minutes"},"schema":{"@context":"https:\/\/schema.org","@graph":[{"@type":"WebPage","@id":"https:\/\/shopzigzagstripe.com\/collections\/norgesautomaten\/","url":"https:\/\/shopzigzagstripe.com\/collections\/norgesautomaten\/","name":"Norgesautomaten Jackpot 6000 | En klassike hos norske spillere! &#187; TrygtSpill","isPartOf":{"@id":"https:\/\/shopzigzagstripe.com\/collections\/#website"},"primaryImageOfPage":{"@id":"https:\/\/shopzigzagstripe.com\/collections\/norgesautomaten\/#primaryimage"},"image":{"@id":"https:\/\/shopzigzagstripe.com\/collections\/norgesautomaten\/#primaryimage"},"thumbnailUrl":"https:\/\/shopzigzagstripe.com\/collections\/collections\/wp-content\/uploads\/2025\/10\/Skjermbilde-jackpot.jpg","datePublished":"2025-03-17T10:59:38+00:00","dateModified":"2025-10-17T23:52:14+00:00","description":"Norgesautomaten Jackpot 6000 er en enormt popul\u00e6r spilleautomat med lang forhistorie. Les alt om spillet og pr\u00f8v Jackpot 6000 gratis!","breadcrumb":{"@id":"https:\/\/shopzigzagstripe.com\/collections\/norgesautomaten\/#breadcrumb"},"inLanguage":"nb-NO","potentialAction":[{"@type":"ReadAction","target":["https:\/\/shopzigzagstripe.com\/collections\/norgesautomaten\/"]}]},{"@type":"ImageObject","inLanguage":"nb-NO","@id":"https:\/\/shopzigzagstripe.com\/collections\/norgesautomaten\/#primaryimage","url":"https:\/\/shopzigzagstripe.com\/collections\/collections\/wp-content\/uploads\/2025\/10\/Skjermbilde-jackpot.jpg","contentUrl":"https:\/\/shopzigzagstripe.com\/collections\/collections\/wp-content\/uploads\/2025\/10\/Skjermbilde-jackpot.jpg"},{"@type":"BreadcrumbList","@id":"https:\/\/shopzigzagstripe.com\/collections\/norgesautomaten\/#breadcrumb","itemListElement":[{"@type":"ListItem","position":1,"name":"Home","item":"https:\/\/shopzigzagstripe.com\/collections\/"},{"@type":"ListItem","position":2,"name":"Norgesautomaten"}]},{"@type":"WebSite","@id":"https:\/\/shopzigzagstripe.com\/collections\/#website","url":"https:\/\/shopzigzagstripe.com\/collections\/","name":"TrygtSpill","description":"","potentialAction":[{"@type":"SearchAction","target":{"@type":"EntryPoint","urlTemplate":"https:\/\/shopzigzagstripe.com\/collections\/?s={search_term_string}"},"query-input":{"@type":"PropertyValueSpecification","valueRequired":true,"valueName":"search_term_string"}}],"inLanguage":"nb-NO"}]}},"_links":{"self":[{"href":"https:\/\/shopzigzagstripe.com\/collections\/wp-json\/wp\/v2\/pages\/808","targetHints":{"allow":["GET"]}}],"collection":[{"href":"https:\/\/shopzigzagstripe.com\/collections\/wp-json\/wp\/v2\/pages"}],"about":[{"href":"https:\/\/shopzigzagstripe.com\/collections\/wp-json\/wp\/v2\/types\/page"}],"author":[{"embeddable":true,"href":"https:\/\/shopzigzagstripe.com\/collections\/wp-json\/wp\/v2\/users\/1"}],"replies":[{"embeddable":true,"href":"https:\/\/shopzigzagstripe.com\/collections\/wp-json\/wp\/v2\/comments?post=808"}],"version-history":[{"count":7,"href":"https:\/\/shopzigzagstripe.com\/collections\/wp-json\/wp\/v2\/pages\/808\/revisions"}],"predecessor-version":[{"id":1824,"href":"https:\/\/shopzigzagstripe.com\/collections\/wp-json\/wp\/v2\/pages\/808\/revisions\/1824"}],"wp:attachment":[{"href":"https:\/\/shopzigzagstripe.com\/collections\/wp-json\/wp\/v2\/media?parent=808"}],"curies":[{"name":"wp","href":"https:\/\/api.w.org\/{rel}","templated":true}]}}