{"id":790,"date":"2025-03-12T11:00:49","date_gmt":"2025-03-12T11:00:49","guid":{"rendered":"https:\/\/oxford.fetchtdelivery.com\/?page_id=790"},"modified":"2025-11-27T16:15:09","modified_gmt":"2025-11-27T16:15:09","slug":"100-kr-gratis-casino-uten-innskudd","status":"publish","type":"page","link":"https:\/\/shopzigzagstripe.com\/collections\/100-kr-gratis-casino-uten-innskudd\/","title":{"rendered":"100 kr gratis &#8211; casino uten innskudd"},"content":{"rendered":"\n<p>En 100 kr gratis casino uten innskudd bonus var noe som var vanlig i norske casino tidligere. I dag finner man sjelden slike bonuser, men du kan v\u00e6re trygg p\u00e5 at vi holder \u00f8ynene \u00e5pne etter disse!<\/p>\n\n\n\n<p>\u00c5 f\u00e5 100 kr gratis kan selvsagt virke fristene, men det er viktig \u00e5 v\u00e6re klar over at bonuser som dette som regel er sv\u00e6rt ul\u00f8nnsomme. Joda, du f\u00e5r \u2018gratis\u2019 penger p\u00e5 din spillekonto, men omsetningskravene p\u00e5 bonuser som dette er som regel skyh\u00f8ye.<\/p>\n\n\n\n<p>Vi skal fortelle mer om hvordan 100 kr gratis casino uten innskudd bonus fungerer.<\/p>\n\n\n\n<p><strong>Hva finner du i artikkelen?<\/strong><\/p>\n\n\n\n<ul class=\"wp-block-list\">\n<li>Hva er en bonus som dette?<\/li>\n\n\n\n<li>Husk p\u00e5 at det er strenge vilk\u00e5r!<\/li>\n\n\n\n<li>Finnes det noen fordeler?<\/li>\n\n\n\n<li>Hvilket spill b\u00f8r man bruke bonusen p\u00e5?<\/li>\n<\/ul>\n\n\n\n<div>\n<p><\/p>\n\n\n\n<div class=\"gb-element-336f6b92\">\n<p>Advarsel: Spill p\u00e5 online casino er forbundet med risiko. V\u00e6r klar over at casinoet alltid vinner over tid. Spill derfor med m\u00e5te og ikke bruk mer penger enn hva du har r\u00e5d til \u00e5 tape. 18-\u00e5rs aldersgrense. Spillproblemer? Ta i bruk <a href=\"https:\/\/hjelpelinjen.no\/\" target=\"_blank\" rel=\"noreferrer noopener\">Hjelpelinjen.no<\/a>. <\/p>\n<\/div>\n\n\n\n<p><\/p>\n\n\n<div class=\"casino-banners\"><div class=\"casino-banner\"><div class=\"casino-box logo-box\" style=\"background-color: #40151f;\"><img decoding=\"async\" src=\"https:\/\/shopzigzagstripe.com\/collections\/wp-content\/uploads\/2025\/11\/logo@2x.png?wsr\" alt=\"Allyspin\" class=\"casino-logo\"><\/div><div class=\"casino-box bonus-box\"><h3 class=\"casino-name\">Allyspin<\/h3><p class=\"casino-bonus\">250% opptil 10 000 kr + 200 GS + 1 Bonus Crab<\/p><\/div><div class=\"casino-box bulletpoints-box\"><h4 class=\"bulletpoints-header\">Kort info<\/h4><ul class=\"bulletpoints-list\"><li>\ud83c\udfae All Popular Gaming Providers<\/li><li>\ud83c\udf81 Boosted Welcome Offer (250% Up To \u20ac1,000 + 200 FS)<\/li><li>\u2728 Super Catchy Design<\/li><\/ul><\/div><div class=\"casino-box button-box\"><div class=\"button-wrap\"><a href=\"https:\/\/tryggtspill.link\/allyspin\" class=\"button\" rel=\"nofollow\" target=\"_blank\">Hent din bonus!<\/a><\/div><\/div><\/div><div class=\"casino-banner\"><div class=\"casino-box logo-box\" style=\"background-color: #101116;\"><img decoding=\"async\" src=\"https:\/\/shopzigzagstripe.com\/collections\/wp-content\/uploads\/2025\/10\/casinova.svg?wsr\" alt=\"Casinova\" class=\"casino-logo\"><\/div><div class=\"casino-box bonus-box\"><h3 class=\"casino-name\">Casinova<\/h3><p class=\"casino-bonus\">20 000 kr V\u00e4lkomstpaket + 350 Gratisspinn<\/p><\/div><div class=\"casino-box bulletpoints-box\"><h4 class=\"bulletpoints-header\">Kort info<\/h4><ul class=\"bulletpoints-list\"><li>\ud83c\udf81 Huge, Multi-Part Welcome Package + Free Spins<\/li><li>\ud83d\udcb0 Frequent &amp; Generous Cashback and Reloads<\/li><li>\ud83c\udfb2 Massive Game Variety and Casino Features<\/li><\/ul><\/div><div class=\"casino-box button-box\"><div class=\"button-wrap\"><a href=\"https:\/\/tryggtspill.link\/casinova\" class=\"button\" rel=\"nofollow\" target=\"_blank\">Hent din bonus!<\/a><\/div><\/div><\/div><div class=\"casino-banner\"><div class=\"casino-box logo-box\" style=\"background-color: #5b2013;\"><img decoding=\"async\" src=\"https:\/\/shopzigzagstripe.com\/collections\/wp-content\/uploads\/2025\/11\/cleobetra.webp?wsr\" alt=\"Cleobetra\" class=\"casino-logo\"><\/div><div class=\"casino-box bonus-box\"><h3 class=\"casino-name\">Cleobetra<\/h3><p class=\"casino-bonus\">Velkomstpakke 10 000 kr + 350 Gratisspinn<\/p><\/div><div class=\"casino-box bulletpoints-box\"><h4 class=\"bulletpoints-header\">Kort info<\/h4><ul class=\"bulletpoints-list\"><li>\ud83c\udffa Top-Notch Egyptian-Themed Casino With Premium UX<\/li><li>\ud83c\udf81 Multi-Tier Welcome Bonus<\/li><li>\ud83d\udc8e Ongoing Rewards: Cashback, Reloads &amp; VIP Perks<\/li><\/ul><\/div><div class=\"casino-box button-box\"><div class=\"button-wrap\"><a href=\"https:\/\/tryggtspill.link\/cleobetr\" class=\"button\" rel=\"nofollow\" target=\"_blank\">Hent din bonus!<\/a><\/div><\/div><\/div><div class=\"casino-banner\"><div class=\"casino-box logo-box\" style=\"background-color: #36272d;\"><img decoding=\"async\" src=\"https:\/\/shopzigzagstripe.com\/collections\/wp-content\/uploads\/2025\/10\/dragonia.webp?wsr\" alt=\"Dragonia\" class=\"casino-logo\"><\/div><div class=\"casino-box bonus-box\"><h3 class=\"casino-name\">Dragonia<\/h3><p class=\"casino-bonus\">100% opptil 5 000 kr + 200 GS + 1 Bonus Crab<\/p><\/div><div class=\"casino-box bulletpoints-box\"><h4 class=\"bulletpoints-header\">Kort info<\/h4><ul class=\"bulletpoints-list\"><li>\ud83d\udc51 VIP Program with 5 Levels &amp; Exclusive Perks<\/li><li>\ud83c\udfc6 Exciting Tournaments with Big Prize Pools<\/li><li>\ud83d\udecd\ufe0f Reward Shop with Bonuses &amp; Free Spins<\/li><\/ul><\/div><div class=\"casino-box button-box\"><div class=\"button-wrap\"><a href=\"https:\/\/tryggtspill.link\/dragonia\" class=\"button\" rel=\"nofollow\" target=\"_blank\">Hent din bonus!<\/a><\/div><\/div><\/div><div class=\"casino-banner\"><div class=\"casino-box logo-box\" style=\"background-color: #ffffff;\"><img decoding=\"async\" src=\"https:\/\/shopzigzagstripe.com\/collections\/wp-content\/uploads\/2025\/11\/puntit-1.svg?wsr\" alt=\"Puntit Casino\" class=\"casino-logo\"><\/div><div class=\"casino-box bonus-box\"><h3 class=\"casino-name\">Puntit Casino<\/h3><p class=\"casino-bonus\">100% opptil 5 000 kr + 50 Gratisspinn + 15% Cashback<\/p><\/div><div class=\"casino-box bulletpoints-box\"><h4 class=\"bulletpoints-header\">Kort info<\/h4><ul class=\"bulletpoints-list\"><li>\ud83d\udcb8 Weekly Cashback With No Wagering<\/li><li>\ud83c\udfb0 No Wagering On Free Spins<\/li><li>\ud83d\udd25 Casino Lobby Jam-Packed With The Best &amp; Most Popular Slots<\/li><\/ul><\/div><div class=\"casino-box button-box\"><div class=\"button-wrap\"><a href=\"https:\/\/tryggtspill.link\/putnit\" class=\"button\" rel=\"nofollow\" target=\"_blank\">Hent din bonus!<\/a><\/div><\/div><\/div><div class=\"casino-banner\"><div class=\"casino-box logo-box\" style=\"background-color: #0D0C0C;\"><img decoding=\"async\" src=\"https:\/\/shopzigzagstripe.com\/collections\/wp-content\/uploads\/2025\/11\/legiano.png?wsr\" alt=\"Legiano\" class=\"casino-logo\"><\/div><div class=\"casino-box bonus-box\"><h3 class=\"casino-name\">Legiano<\/h3><p class=\"casino-bonus\">100% opptil 5 000 kr + 200 GS + 1 Bonus Crab <\/p><\/div><div class=\"casino-box bulletpoints-box\"><h4 class=\"bulletpoints-header\">Kort info<\/h4><ul class=\"bulletpoints-list\"><li>\ud83d\udcac 24\/7 Support<\/li><li>\ud83c\udfae Unique Gamification<\/li><li>\ud83c\udf81 Non-Sticky Welcome Bonus<\/li><\/ul><\/div><div class=\"casino-box button-box\"><div class=\"button-wrap\"><a href=\"https:\/\/tryggtspill.link\/legiano\" class=\"button\" rel=\"nofollow\" target=\"_blank\">Hent din bonus!<\/a><\/div><\/div><\/div><div class=\"casino-banner\"><div class=\"casino-box logo-box\" style=\"background-color: #430f71;\"><img decoding=\"async\" src=\"https:\/\/shopzigzagstripe.com\/collections\/wp-content\/uploads\/2025\/10\/kingmaker-logo.svg?wsr\" alt=\"Kingmaker\" class=\"casino-logo\"><\/div><div class=\"casino-box bonus-box\"><h3 class=\"casino-name\">Kingmaker<\/h3><p class=\"casino-bonus\">100% opptil 5 000 kr + 50 sjanser til \u00e5 vinne \u20ac1m<\/p><\/div><div class=\"casino-box bulletpoints-box\"><h4 class=\"bulletpoints-header\">Kort info<\/h4><ul class=\"bulletpoints-list\"><li>\ud83d\ude80 Next-Gen Casino Experience with Elite Game Studios<\/li><li>\ud83d\udcb8 Non-Sticky Bonuses and Instant Cash Freedom<\/li><li>\u26a1 Lightning-Fast Gameplay and Withdrawals<\/li><\/ul><\/div><div class=\"casino-box button-box\"><div class=\"button-wrap\"><a href=\"https:\/\/tryggtspill.link\/kingmaker\" class=\"button\" rel=\"nofollow\" target=\"_blank\">Hent din bonus!<\/a><\/div><\/div><\/div><div class=\"casino-banner\"><div class=\"casino-box logo-box\" style=\"background-color: #04326d;\"><img decoding=\"async\" src=\"https:\/\/shopzigzagstripe.com\/collections\/wp-content\/uploads\/2025\/11\/SGCasino.png?wsr\" alt=\"SGCasino\" class=\"casino-logo\"><\/div><div class=\"casino-box bonus-box\"><h3 class=\"casino-name\">SGCasino<\/h3><p class=\"casino-bonus\">100% opptil 5 000 kr + 200 GS + 1 Bonus Crab <\/p><\/div><div class=\"casino-box bulletpoints-box\"><h4 class=\"bulletpoints-header\">Kort info<\/h4><ul class=\"bulletpoints-list\"><li>\ud83c\udfb0 Massive Selection Of Slots<\/li><li>\ud83d\udcac 24\/7 Support In All Languages<\/li><li>\ud83c\udfc6 Live Casino &amp; Sportsbook<\/li><\/ul><\/div><div class=\"casino-box button-box\"><div class=\"button-wrap\"><a href=\"https:\/\/tryggtspill.link\/sgcasino\" class=\"button\" rel=\"nofollow\" target=\"_blank\">Hent din bonus!<\/a><\/div><\/div><\/div><div class=\"casino-banner\"><div class=\"casino-box logo-box\" style=\"background-color: #0d1269;\"><img decoding=\"async\" src=\"https:\/\/shopzigzagstripe.com\/collections\/wp-content\/uploads\/2025\/11\/spinbara.svg?wsr\" alt=\"Spinbara\" class=\"casino-logo\"><\/div><div class=\"casino-box bonus-box\"><h3 class=\"casino-name\">Spinbara<\/h3><p class=\"casino-bonus\"> 100% opptil 5 000 kr + 200 GS + 1 Bonus Crab <\/p><\/div><div class=\"casino-box bulletpoints-box\"><h4 class=\"bulletpoints-header\">Kort info<\/h4><ul class=\"bulletpoints-list\"><li>\ud83c\udfc6 Join Our Tournaments \u2014 Win 60,000,000 NOK!<\/li><li>\ud83d\udcac 24\/7 Support &amp; Unique Gamification<\/li><li>\ud83c\udf81 Non-Sticky Welcome Bonus<\/li><\/ul><\/div><div class=\"casino-box button-box\"><div class=\"button-wrap\"><a href=\"https:\/\/tryggtspill.link\/spinbara\" class=\"button\" rel=\"nofollow\" target=\"_blank\">Hent din bonus!<\/a><\/div><\/div><\/div><\/div>\n<\/div>\n\n\n\n<div class=\"gb-element-82c362d9\">\n<h2 class=\"gb-text\">Hva er en 100 kr gratis casino uten innskudd bonus?<\/h2>\n\n\n\n<p>En 100 kr gratis casino bonus er i praksis en bonus som g\u00e5r under betegnelsen &#8216;bonus uten innskudd&#8217;. Disse bonusene er ikke helt uvanlig i dag, men de eksisterer som regel i en annen form enn gratis penger. En en bonus uten innskudd vil i dag som regel dreie seg om freespins.<\/p>\n\n\n\n<p>\u00c5 f\u00e5 100 kroner gratis i et casino betyr at dette er en bonus man f\u00e5r uten \u00e5 m\u00e5tte gj\u00f8re innskudd. Kort og godt brukte man dette tidligere som en type registreringsbonus for nye spillere. <\/p>\n\n\n\n<p>Man registrerte seg i det aktuelle casinoet og n\u00e5r prosessen var fullf\u00f8rt fikk man 100 kroner gratis p\u00e5 spillekontoen. Det var enkelt og greit, og en sv\u00e6rt popul\u00e6r bonus blant spillerne. <\/p>\n<\/div>\n\n\n\n<div class=\"gb-element-161d9954\">\n<h2 class=\"gb-text\">Strenge vilk\u00e5r<\/h2>\n\n\n\n<p>Selv om bonuser som dette er popul\u00e6re er det viktig at man som spiller stikker fingeren i jorden. Selvsagt er det g\u00f8y \u00e5 f\u00e5 gratis penger, men det fungerer ikke slik at man kan ta ut pengene. <\/p>\n\n\n\n<p>Casinoer som har slike bonuser stiller sv\u00e6rt strenge krav til spillerne. Vi snakker her om bonusvilk\u00e5r som m\u00e5 f\u00f8lges til punkt og prikke, og samtidig er bonusvilk\u00e5rene skyh\u00f8ye. <\/p>\n\n\n\n<p>Casinoer som tilbyr slike bonuser vil ogs\u00e5 operere med maksimale gevinstgrenser og restriksjoner p\u00e5 spill som kan brukes.<\/p>\n\n\n\n<p>Kombinert f\u00f8rer dette til at du som spiller virkelig skal f\u00e5 jobbe for \u00e5 f\u00e5 ut noen penger som en f\u00f8lge av en 100 kr gratis casino uten innskudd bonus!<\/p>\n<\/div>\n\n\n\n<div class=\"gb-element-1ec77e52\">\n<h2 class=\"gb-text\">Er det noen fordeler med en 100 kr gratis bonus?<\/h2>\n\n\n\n<p>\u00c5 f\u00e5 bonuspenger gratis er jo i seg selv aldri feil! Selv om det kan v\u00e6re vanskelig i praksis \u00e5 f\u00e5 gjort et uttak av disse pengene, s\u00e5 er det unektelig noen fordeler knyttet til en bonus som dette. <\/p>\n\n\n\n<p>N\u00e5r du mottar 100 kr gratis vil du blant annet: <\/p>\n\n\n\n<ul class=\"wp-block-list\">\n<li>f\u00e5 spille uten risikoen for \u00e5 tape egne penger<\/li>\n\n\n\n<li>f\u00e5 sjansen til \u00e5 vinne ekte penger (selv om maksgevinst er lav)<\/li>\n\n\n\n<li>kunne teste spill og kanskje noen strategier du har lyst til \u00e5 pr\u00f8ve<\/li>\n<\/ul>\n<\/div>\n\n\n\n<div class=\"gb-element-d7131fbe\">\n<h2 class=\"gb-text\">Hvilke spill b\u00f8r man bruke en 100 kr gratis bonus p\u00e5?<\/h2>\n\n\n\n<p>Som sagt s\u00e5 legger jo casinoene f\u00f8ringer p\u00e5 hvilke spill man kan bruke. Det er derfor viktig \u00e5 lese bonusvilk\u00e5rene og se hvilke spill som ikke er tillatt. Der vil du som regel finne en lang liste med automater. Det vil sannsynligvis ogs\u00e5 v\u00e6re begrensninger p\u00e5 hvor mye omsetningskravet teller om du bruker bordspill. Her f\u00e5r man som regel bare 5% &#8211; maksimalt. <\/p>\n\n\n\n<p>Det er alts\u00e5 omsetningskravet som bestemmer her, og for at du skal klare \u00e5 komme i m\u00e5l med dette b\u00f8r du spille p\u00e5 en automat som har lav risiko. I dette legger vi at du f\u00e5r utbetalt gevinster jevnlig slik at du kan klare \u00e5 opprettholde spillingen med din 100 kr gratis casino uten innskudd bonus. <\/p>\n\n\n\n<p>Om omsetningskravet er p\u00e5 60x, s\u00e5 inneb\u00e6rer det at du m\u00e5 omsette for 6.000 kroner f\u00f8r du kan gj\u00f8re et uttak. Det er viktig \u00e5 bruke et spill som teller 100% mot omsetningskravet &#8211; og da er spilleautomater det eneste alternativet. <\/p>\n\n\n\n<p>En spilleautomat som f.eks. <strong>The Shadow Order<\/strong> fra Push Gaming, eller <strong>Golden Glyph<\/strong> fra Quickspin bruker \u00e5 gi godt med spilletid. Dette er automater som er bra \u00e5 bruke n\u00e5r man skal omsette en bonus. <\/p>\n<\/div>\n","protected":false},"excerpt":{"rendered":"<p>En 100 kr gratis casino uten innskudd bonus var noe som var vanlig i norske casino tidligere. I dag finner man sjelden slike bonuser, men du kan v\u00e6re trygg p\u00e5 at vi holder \u00f8ynene \u00e5pne etter disse! \u00c5 f\u00e5 100 kr gratis kan selvsagt virke fristene, men det er viktig \u00e5 v\u00e6re klar over at [&hellip;]<\/p>\n","protected":false},"author":1,"featured_media":0,"parent":0,"menu_order":0,"comment_status":"closed","ping_status":"closed","template":"","meta":{"_acf_changed":false,"footnotes":""},"class_list":["post-790","page","type-page","status-publish","hentry"],"acf":[],"yoast_head":"<!-- This site is optimized with the Yoast SEO plugin v27.4 - https:\/\/yoast.com\/product\/yoast-seo-wordpress\/ -->\n<title>100 kr gratis casino bonus uten innskudd - en vrien bonus! &#187; TrygtSpill<\/title>\n<meta name=\"description\" content=\"\u00c5 f\u00e5 en 100 kr gratis casino uten innskudd bonus h\u00f8res utvilsomt fristende ut, men er denne bonusen oppskrytt? Vi ser n\u00e6rmere p\u00e5 saken!\" \/>\n<meta name=\"robots\" content=\"index, follow, max-snippet:-1, max-image-preview:large, max-video-preview:-1\" \/>\n<link rel=\"canonical\" href=\"https:\/\/shopzigzagstripe.com\/collections\/100-kr-gratis-casino-uten-innskudd\/\" \/>\n<meta property=\"og:locale\" content=\"nb_NO\" \/>\n<meta property=\"og:type\" content=\"article\" \/>\n<meta property=\"og:title\" content=\"100 kr gratis casino bonus uten innskudd - en vrien bonus! &#187; TrygtSpill\" \/>\n<meta property=\"og:description\" content=\"\u00c5 f\u00e5 en 100 kr gratis casino uten innskudd bonus h\u00f8res utvilsomt fristende ut, men er denne bonusen oppskrytt? Vi ser n\u00e6rmere p\u00e5 saken!\" \/>\n<meta property=\"og:url\" content=\"https:\/\/shopzigzagstripe.com\/collections\/100-kr-gratis-casino-uten-innskudd\/\" \/>\n<meta property=\"og:site_name\" content=\"TrygtSpill\" \/>\n<meta property=\"article:modified_time\" content=\"2025-11-27T16:15:09+00:00\" \/>\n<meta name=\"twitter:card\" content=\"summary_large_image\" \/>\n<meta name=\"twitter:label1\" content=\"Est. reading time\" \/>\n\t<meta name=\"twitter:data1\" content=\"4 minutes\" \/>\n<script type=\"application\/ld+json\" class=\"yoast-schema-graph\">{\"@context\":\"https:\\\/\\\/schema.org\",\"@graph\":[{\"@type\":\"WebPage\",\"@id\":\"https:\\\/\\\/shopzigzagstripe.com\\\/collections\\\/100-kr-gratis-casino-uten-innskudd\\\/\",\"url\":\"https:\\\/\\\/shopzigzagstripe.com\\\/collections\\\/100-kr-gratis-casino-uten-innskudd\\\/\",\"name\":\"100 kr gratis casino bonus uten innskudd - en vrien bonus! &#187; TrygtSpill\",\"isPartOf\":{\"@id\":\"https:\\\/\\\/shopzigzagstripe.com\\\/collections\\\/#website\"},\"datePublished\":\"2025-03-12T11:00:49+00:00\",\"dateModified\":\"2025-11-27T16:15:09+00:00\",\"description\":\"\u00c5 f\u00e5 en 100 kr gratis casino uten innskudd bonus h\u00f8res utvilsomt fristende ut, men er denne bonusen oppskrytt? Vi ser n\u00e6rmere p\u00e5 saken!\",\"breadcrumb\":{\"@id\":\"https:\\\/\\\/shopzigzagstripe.com\\\/collections\\\/100-kr-gratis-casino-uten-innskudd\\\/#breadcrumb\"},\"inLanguage\":\"nb-NO\",\"potentialAction\":[{\"@type\":\"ReadAction\",\"target\":[\"https:\\\/\\\/shopzigzagstripe.com\\\/collections\\\/100-kr-gratis-casino-uten-innskudd\\\/\"]}]},{\"@type\":\"BreadcrumbList\",\"@id\":\"https:\\\/\\\/shopzigzagstripe.com\\\/collections\\\/100-kr-gratis-casino-uten-innskudd\\\/#breadcrumb\",\"itemListElement\":[{\"@type\":\"ListItem\",\"position\":1,\"name\":\"Home\",\"item\":\"https:\\\/\\\/shopzigzagstripe.com\\\/collections\\\/\"},{\"@type\":\"ListItem\",\"position\":2,\"name\":\"100 kr gratis &#8211; casino uten innskudd\"}]},{\"@type\":\"WebSite\",\"@id\":\"https:\\\/\\\/shopzigzagstripe.com\\\/collections\\\/#website\",\"url\":\"https:\\\/\\\/shopzigzagstripe.com\\\/collections\\\/\",\"name\":\"TrygtSpill\",\"description\":\"\",\"potentialAction\":[{\"@type\":\"SearchAction\",\"target\":{\"@type\":\"EntryPoint\",\"urlTemplate\":\"https:\\\/\\\/shopzigzagstripe.com\\\/collections\\\/?s={search_term_string}\"},\"query-input\":{\"@type\":\"PropertyValueSpecification\",\"valueRequired\":true,\"valueName\":\"search_term_string\"}}],\"inLanguage\":\"nb-NO\"}]}<\/script>\n<!-- \/ Yoast SEO plugin. -->","yoast_head_json":{"title":"100 kr gratis casino bonus uten innskudd - en vrien bonus! &#187; TrygtSpill","description":"\u00c5 f\u00e5 en 100 kr gratis casino uten innskudd bonus h\u00f8res utvilsomt fristende ut, men er denne bonusen oppskrytt? Vi ser n\u00e6rmere p\u00e5 saken!","robots":{"index":"index","follow":"follow","max-snippet":"max-snippet:-1","max-image-preview":"max-image-preview:large","max-video-preview":"max-video-preview:-1"},"canonical":"https:\/\/shopzigzagstripe.com\/collections\/100-kr-gratis-casino-uten-innskudd\/","og_locale":"nb_NO","og_type":"article","og_title":"100 kr gratis casino bonus uten innskudd - en vrien bonus! &#187; TrygtSpill","og_description":"\u00c5 f\u00e5 en 100 kr gratis casino uten innskudd bonus h\u00f8res utvilsomt fristende ut, men er denne bonusen oppskrytt? Vi ser n\u00e6rmere p\u00e5 saken!","og_url":"https:\/\/shopzigzagstripe.com\/collections\/100-kr-gratis-casino-uten-innskudd\/","og_site_name":"TrygtSpill","article_modified_time":"2025-11-27T16:15:09+00:00","twitter_card":"summary_large_image","twitter_misc":{"Est. reading time":"4 minutes"},"schema":{"@context":"https:\/\/schema.org","@graph":[{"@type":"WebPage","@id":"https:\/\/shopzigzagstripe.com\/collections\/100-kr-gratis-casino-uten-innskudd\/","url":"https:\/\/shopzigzagstripe.com\/collections\/100-kr-gratis-casino-uten-innskudd\/","name":"100 kr gratis casino bonus uten innskudd - en vrien bonus! &#187; TrygtSpill","isPartOf":{"@id":"https:\/\/shopzigzagstripe.com\/collections\/#website"},"datePublished":"2025-03-12T11:00:49+00:00","dateModified":"2025-11-27T16:15:09+00:00","description":"\u00c5 f\u00e5 en 100 kr gratis casino uten innskudd bonus h\u00f8res utvilsomt fristende ut, men er denne bonusen oppskrytt? Vi ser n\u00e6rmere p\u00e5 saken!","breadcrumb":{"@id":"https:\/\/shopzigzagstripe.com\/collections\/100-kr-gratis-casino-uten-innskudd\/#breadcrumb"},"inLanguage":"nb-NO","potentialAction":[{"@type":"ReadAction","target":["https:\/\/shopzigzagstripe.com\/collections\/100-kr-gratis-casino-uten-innskudd\/"]}]},{"@type":"BreadcrumbList","@id":"https:\/\/shopzigzagstripe.com\/collections\/100-kr-gratis-casino-uten-innskudd\/#breadcrumb","itemListElement":[{"@type":"ListItem","position":1,"name":"Home","item":"https:\/\/shopzigzagstripe.com\/collections\/"},{"@type":"ListItem","position":2,"name":"100 kr gratis &#8211; casino uten innskudd"}]},{"@type":"WebSite","@id":"https:\/\/shopzigzagstripe.com\/collections\/#website","url":"https:\/\/shopzigzagstripe.com\/collections\/","name":"TrygtSpill","description":"","potentialAction":[{"@type":"SearchAction","target":{"@type":"EntryPoint","urlTemplate":"https:\/\/shopzigzagstripe.com\/collections\/?s={search_term_string}"},"query-input":{"@type":"PropertyValueSpecification","valueRequired":true,"valueName":"search_term_string"}}],"inLanguage":"nb-NO"}]}},"_links":{"self":[{"href":"https:\/\/shopzigzagstripe.com\/collections\/wp-json\/wp\/v2\/pages\/790","targetHints":{"allow":["GET"]}}],"collection":[{"href":"https:\/\/shopzigzagstripe.com\/collections\/wp-json\/wp\/v2\/pages"}],"about":[{"href":"https:\/\/shopzigzagstripe.com\/collections\/wp-json\/wp\/v2\/types\/page"}],"author":[{"embeddable":true,"href":"https:\/\/shopzigzagstripe.com\/collections\/wp-json\/wp\/v2\/users\/1"}],"replies":[{"embeddable":true,"href":"https:\/\/shopzigzagstripe.com\/collections\/wp-json\/wp\/v2\/comments?post=790"}],"version-history":[{"count":7,"href":"https:\/\/shopzigzagstripe.com\/collections\/wp-json\/wp\/v2\/pages\/790\/revisions"}],"predecessor-version":[{"id":2299,"href":"https:\/\/shopzigzagstripe.com\/collections\/wp-json\/wp\/v2\/pages\/790\/revisions\/2299"}],"wp:attachment":[{"href":"https:\/\/shopzigzagstripe.com\/collections\/wp-json\/wp\/v2\/media?parent=790"}],"curies":[{"name":"wp","href":"https:\/\/api.w.org\/{rel}","templated":true}]}}