{"id":764,"date":"2025-03-10T10:15:20","date_gmt":"2025-03-10T10:15:20","guid":{"rendered":"https:\/\/oxford.fetchtdelivery.com\/?page_id=764"},"modified":"2025-10-17T23:31:54","modified_gmt":"2025-10-17T23:31:54","slug":"casinofriday","status":"publish","type":"page","link":"https:\/\/shopzigzagstripe.com\/collections\/casinofriday\/","title":{"rendered":"CasinoFriday"},"content":{"rendered":"\n<p>CasinoFriday har f\u00e5tt en helt unik posisjon blant norske casinospillere, og har blitt et go-to casino her p\u00e5 berget.<\/p>\n\n\n\n<p>\u00c5rsaken er nok at stemningen her er veldig god \u2013 men samtidig skal man ikke stikke under en stol at den fantastiske no-sticky bonusen deres har mye \u00e5 si.<\/p>\n\n\n\n<p>Bli med oss p\u00e5 en litt annerledes gjennomgang av et nydelig casino!<\/p>\n\n\n\n<div class=\"gbp-section gb-element-35e20675\">\n<div class=\"gbp-section__inner gb-element-3120f5e5\">\n<div>\n<h3 class=\"gb-text gbp-card__title\">En av de store<\/h3>\n\n\n\n<p class=\"gb-text gbp-card__text\">CasinoFriday har klart noe helt spesielt: de har utfordret de aller st\u00f8rste nettcasinoene, og har n\u00e5 selv f\u00e5tt en posisjon som et av de mest popul\u00e6re stedene \u00e5 spille. Det er et unikt online casino vi snakker om her, og det er gode grunner til at de har klart \u00e5 etablere seg i toppen. <\/p>\n<\/div>\n\n\n\n<div>\n<h3 class=\"gb-text gbp-card__title\">No-sticky bonus!<\/h3>\n\n\n\n<p class=\"gb-text gbp-card__text\">Casino Friday har en fabelaktig no-sticky bonus til sine nye kunder. Den er p\u00e5 <strong>100% opptil 5.000 kroner og 200 freespins<\/strong>!<\/p>\n\n\n\n<p>At en bonus er no-sticky betyr at du spiller med egne penger f\u00f8rst. Dette er gunstig om du skulle vinne stort &#8211; for da kan du ta ut gevinsten med \u00e9n gang &#8211; uten omsetningskrav!<\/p>\n<\/div>\n\n\n\n<div>\n<h3 class=\"gb-text gbp-card__title\">Spinboosteren<\/h3>\n\n\n\n<p class=\"gb-text gbp-card__text\">Spinbooster er en herlig bonusfunksjon. Hver gang du spiller samler du inn poeng som vil sende deg oppover p\u00e5 niv\u00e5stigen. N\u00e5r du kommer til et nytt niv\u00e5 f\u00e5r du gratisspinn p\u00e5 dine favorittspill. Disse gratisrundene er verdt mye &#8211; og faktisk helt opp til 100 kr pr spinn!<\/p>\n<\/div>\n\n\n\n<div>\n<h3 class=\"gb-text gbp-card__title\">De beste spillene<\/h3>\n\n\n\n<p class=\"gb-text gbp-card__text\">Du trenger heller ikke bekymre deg over kvaliteten p\u00e5 spillene hos CasinoFriday. De beste spillutviklerne er representert med sine spill her. Du f\u00e5r derfor underholdning fra NetEnt, Nolimit City, Play&#8217;n GO, Pragmatic Play, Push Gaming, Quickspin og en rekke andre store spillutviklere. <\/p>\n<\/div>\n<\/div>\n<\/div>\n\n\n\n<div>\n<div>\n<h2 class=\"gb-text\">Startet i 2020 &#8211; ikke sett seg tilbake!<\/h2>\n\n\n\n<p>CasinoFriday kom ut p\u00e5 markedet i 2020 &#8211; og selv om det i hodene v\u00e5re kanskje virker nytt, s\u00e5 er det faktisk i skrivende stund 5 \u00e5r siden! 5 \u00e5r i casinobransjen er faktisk ganske lang tid. Det er langt i fra gitt at et casino overlever sine f\u00f8rste \u00e5r, men for Casino Friday har historien sett annerledes ut. <\/p>\n\n\n\n<p>Da 1UP Entertainment lanserte casinoet hadde de tydeligvis en helt klar plan og en strategi. Det har gjennomf\u00f8rt denne planen til punkt og prikke, og de har v\u00e6rt str\u00e5lende i sin markedsf\u00f8ring. N\u00e5r de i tillegg har levert et produkt som underbygger det de har lovet, s\u00e5 har alts\u00e5 resultatet endt opp med \u00e5 bli str\u00e5lende. <\/p>\n\n\n\n<p>P\u00e5 sine egne sider sier Casino Friday dette:<\/p>\n\n\n\n<blockquote class=\"wp-block-quote is-style-default has-background is-layout-flow wp-block-quote-is-layout-flow\" style=\"background-color:#5177e8\">\n<div>\n<div class=\"gb-element-3eac53df\">\n<p class=\"has-white-color has-text-color has-link-color wp-elements-18692d759e51730c9bba7a102d9a4064\">CasinoFriday er et uttrykk av v\u00e5r lidenskap for gambling. \u00c5 logge p\u00e5 CasinoFriday er som en dagdr\u00f8m der sansene dine pirres av forventningene til det uforventede. V\u00e5rt lille hj\u00f8rne av internett er like intuitivt som det er elegant og gj\u00f8r reisen til de forjettede euforiske f\u00f8lelsene enkel.<\/p>\n<\/div>\n<\/div>\n<\/blockquote>\n\n\n\n<p>Som du ser s\u00e5 mangler det ikke p\u00e5 ambisjoner hos CasinoFriday &#8211; men vi liker det! Det finnes nok av casinooperat\u00f8rer som lanserer casinoer i hytt og pine, og det vi f\u00e5r fra denne gjengen er derfor noks\u00e5 sjelden. <\/p>\n\n\n<div class=\"wp-block-image\">\n<figure class=\"alignright size-full is-resized\"><img decoding=\"async\" src=\"https:\/\/shopzigzagstripe.com\/collections\/collections\/wp-content\/uploads\/2025\/10\/CasinoFriday.svg\" alt=\"\" class=\"wp-image-1803\" style=\"width:210px;height:auto\"\/><\/figure>\n<\/div>\n\n\n<p>Man har tatt seg tid til \u00e5 utvikle et ypperlig online casino som fungerer str\u00f8mlinjeformet. Det er tilpasset norske spillere, og det er tydelig at det ikke er Google Translate eller AI-generert innhold vi finner p\u00e5 sidene. <\/p>\n\n\n\n<p>Stein for stein er lagt til, og dette har gitt en stadig bedre funksjonalitet og brukervennlighet for oss spillere. Samtidig har den t\u00e5lmodige jobbingen gjort at har en sv\u00e6rt solid grunnmur som definitivt t\u00e5ler enda mer moro. <\/p>\n\n\n\n<p>CasinoFriday vil komme med enda flere nyheter og spennende funksjoner! Det kan du v\u00e6re 100% sikker p\u00e5. <\/p>\n\n\n\n<div>\n<h3 class=\"gb-text\">Norsk live chat hos Casino Friday<\/h3>\n\n\n\n<p>CasinoFriday kan ogs\u00e5 tilby noe s\u00e5 sjeldent som norsk live chat! Vi snakker her ikke om programvare som oversetter &#8211; men faktiske norske medarbeidere som tilbyr ypperlig support. <\/p>\n\n\n\n<p>Dette er det mangelvare p\u00e5 i de aller fleste nettcasinoer i dag, og gj\u00f8r at CasinoFriday skiller seg ut i sv\u00e6rt positiv retning. Vi har naturligvis testet supporten, og da blant annet med tanke p\u00e5 innskudd av penger. <\/p>\n\n\n\n<p>Vi var sv\u00e6rt tilfredse med \u00e6rlige svar og rask hjelp, og vi fikk god informasjon som er nyttig for deg som leser. <\/p>\n\n\n\n<div>\n<h2 class=\"gb-text\">Null stress med innskudd \/ uttak<\/h2>\n\n\n\n<p>Man skj\u00f8nner jo at et casino har lyktes n\u00e5r det har en s\u00e5 stor norsk spillerskare. Det helt essensielle i s\u00e5 m\u00e5te er \u00e5 ha betalingsmetoder som fungerer! For norske spillere er det i stor grad Visa som gjelder &#8211; og da via eget ens eget bankkort. <\/p>\n\n\n\n<p>Dette kan fungere, i noen tilfeller, hos CasinoFriday &#8211; men det er ingen garanti. Som kjent s\u00e5 blokkerer norske banker transaksjoner til og fra online casino. Dette betyr at det er litt tilfeldig om du f\u00e5r gjort et innskudd med ditt norske bankkort. <\/p>\n\n\n\n<p>Det er dog andre &#8211; og bedre muligheter n\u00e5r det gjelder innskudd \/ uttak. <\/p>\n\n\n\n<div class=\"gb-element-98b92608\">\n<ul class=\"wp-block-list has-white-color has-text-color has-link-color wp-elements-cd4bac00a590dfdca22f8ee2325e9e40\">\n<li><strong>Revolut<\/strong> (du f\u00e5r et virtuelt Visa-kort som du kan gj\u00f8re innskudd med &#8211; kjapt og enkelt)<\/li>\n\n\n\n<li><strong>Mifinity<\/strong> (e-lommebok som fungerer 100%)<\/li>\n\n\n\n<li><strong>Kryptovaluta<\/strong> (gj\u00f8r innskudd fra din kryptowallet direkte til CasinoFriday)<\/li>\n\n\n\n<li><strong>MuchBetter<\/strong> (samme som Revolut &#8211; du f\u00e5r et virtuelt Mastercard som du kan gj\u00f8re innskudd med. <\/li>\n<\/ul>\n<\/div>\n\n\n\n<p>Med disse metodene setter du inn penger i casinoet via et ekstra trinn. Du m\u00e5 overf\u00f8re penger til din Revolut-, Mifinity- eller MuchBetter-konto. Deretter setter du inn pengene hos CasinoFriday uten problemer. Verre er det faktisk ikke, og det er en fordel \u00e5 ha spillpengene dine adskilt fra dine \u00f8vrige penger. <\/p>\n<\/div>\n<\/div>\n<\/div>\n<\/div>\n\n\n\n<div>\n<h2 class=\"gb-text\">100% opptil 5.000 kr eller 400% opptil 800 kr bonus!<\/h2>\n\n\n\n<p>P\u00e5 forsiden til CasinoFriday reklameres det med 100% opptil 5.000 kroner og 200 freespins. Denne bonusen er no sticky, og er f\u00f8lgelig sv\u00e6rt ettertraktet. <\/p>\n\n\n\n<p>Vi var inne p\u00e5 det i starten av teksten, men vi skal forklare litt n\u00e6rmere hva no sticky betyr. En bonus som er &#8216;no sticky&#8217; innb\u00e6rer at du spiller med egne penger f\u00f8rst. <\/p>\n\n\n\n<p>Har du f.eks. satt inn 3.000 kroner vil bonusen gi deg 3.000 kroner ekstra \u00e5 spille for. Du vil da ha 6.000 kroner totalt. Du starter som sagt \u00e5 spille med dine egne penger &#8211; alts\u00e5 de 3.000 kroner som du satte inn. Fordelen med en no sticky bonus er da at om du skulle vinne stort under spill med egne penger, s\u00e5 vil du kunne ta ut pengene uten \u00e5 m\u00e5tte gjennom noe omsetningskrav! Det er ikke mange casinoer som tilbyr denne bonusformen, og det er naturligvis en fordel for deg. <\/p>\n\n\n\n<p><strong><em>Husk p\u00e5: om du gj\u00f8r innskudd med Mifinity eller kryptovaluta vil du ikke kunne motta en bonus!<\/em><\/strong><\/p>\n\n\n\n<h3 class=\"gb-text\">Bonuser og bonusvilk\u00e5r hos CasinoFriday<\/h3>\n\n\n\n<p>Alle bonuser har omsetningskrav. Under ser du et kjapt sammendrag av de viktigste bonusvilk\u00e5rene p\u00e5 de to velkomstbonusene du kan velge mellom hos Casino Friday.<\/p>\n\n\n\n<div class=\"gb-element-69aff66f\">\n<h4 class=\"gb-text gb-text-b0ee3759\">\ud83c\udf81 <strong>Velkomstbonus 1: 100% opptil 5000 kr + 200 gratisspinn<\/strong><\/h4>\n\n\n\n<ul class=\"wp-block-list\">\n<li>Sett inn minst <strong>200 kr<\/strong>, f\u00e5 <strong>100% bonus<\/strong> opptil <strong>5000 kr<\/strong>. <\/li>\n\n\n\n<li><strong>Omsetningskrav<\/strong>: 40x p\u00e5 bonuspengene. <\/li>\n\n\n\n<li>Bonusen m\u00e5 brukes innen <strong>30 dager<\/strong>. <\/li>\n\n\n\n<li>Ingen begrensning p\u00e5 gevinster eller uttak n\u00e5r krav er oppfylt. <\/li>\n\n\n\n<li>200 gratisspinn (20 per dag i 10 dager), gevinster m\u00e5 omsettes 30x.<\/li>\n<\/ul>\n<\/div>\n\n\n\n<div class=\"gb-element-1419ad50\">\n<h4 class=\"gb-text gb-text-54bb0add\">\ud83c\udf81 Velkomstbonus 2: 400% opptil 800 kr + 200 gratisspinn<\/h4>\n\n\n\n<ul class=\"wp-block-list\">\n<li>Sett inn minst <strong>200 kr<\/strong>, f\u00e5 <strong>400% bonus<\/strong> opptil <strong>800 kr<\/strong>. <\/li>\n\n\n\n<li><strong>Omsetningskrav<\/strong>: 55x p\u00e5 bonuspengene. <\/li>\n\n\n\n<li>Bonusen m\u00e5 brukes innen <strong>30 dager<\/strong>. <\/li>\n\n\n\n<li>Ingen begrensning p\u00e5 gevinster eller uttak n\u00e5r krav er oppfylt. <\/li>\n\n\n\n<li>200 gratisspinn (20 per dag i 10 dager), gevinster m\u00e5 omsettes 30x.<\/li>\n<\/ul>\n<\/div>\n<\/div>\n\n\n\n<div>\n<h2 class=\"gb-text\">De beste spillene p\u00e5 markedet<\/h2>\n<\/div>\n\n\n\n<p>Det siste vi skal si litt om &#8211; og som CasinoFriday fortjener skryt for &#8211; er utvalget av casinospill. Vi var inne p\u00e5 dette i starten, og vil egentlig bare understreke hvor viktig det er. <\/p>\n\n\n\n<p>Et casino kan v\u00e6re topp p\u00e5 n\u00e6rmest alle mulige m\u00e5ter, men om spillutvalget ikke er godt er egentlig alt arbeidet forgjeves. Hva er egentlig et casino uten gode spill? Svaret gir seg selv, men heldigvis har CasinoFriday tatt konsekvensen av dette ogs\u00e5. <\/p>\n\n\n\n<p>Dette er et rendyrket casino, og det betyr at det ikke er noen forstyrrende elementer som f.eks. odds her. Du f\u00e5r derfor utelukkende casinospill her, og da naturligvis i alle kategorier. <\/p>\n\n\n\n<ul class=\"wp-block-list\">\n<li>Spilleautomater<\/li>\n\n\n\n<li>Live casino<\/li>\n\n\n\n<li>Bordspill<\/li>\n\n\n\n<li>Andre spill (video poker, Plinko, Aviator etc)<\/li>\n<\/ul>\n\n\n\n<p>Som vi ogs\u00e5 nevnte s\u00e5 har man alliert seg med de beste utviklerne av casinospill. Det betyr at du her f\u00e5r tusenvis av spill av meget h\u00f8y kvalitet. De er naturligvis mest spilleautomater som er p\u00e5 plass her, og der er det et knippe utviklere som vi \u00f8nsker \u00e5 se &#8211; og som CasinoFriday da ogs\u00e5 tilbyr. <\/p>\n\n\n\n<p>N\u00e5r det gjelder automater s\u00e5 f\u00e5r vi derfor spill fra <strong>Nolimit City, NetEnt, Play&#8217;n GO, Quickspin, Push Gaming, ELK Studios, Relax Gaming, Pragmatic Play<\/strong> og flere andre sentrale produsenter. For \u00e5 si det enkelt: du f\u00e5r de aller beste spilleautomatene her! Dette gjelder ogs\u00e5 norske klassikere som <a href=\"https:\/\/shopzigzagstripe.com\/collections\/collections\/collections\/mega-joker-gratis\/\">Mega Joker<\/a>. <\/p>\n\n\n\n<p>Live casino har ogs\u00e5 blitt viktigere i l\u00f8pet av de siste \u00e5rene. Stadig flere spillere har lagt sin elsk p\u00e5 denne spillformen, og her er det naturligvis Evolution Gaming som er i f\u00f8rersetet med sine spill. De har en enorm portef\u00f8lje med klassiske casino bordspill som roulette og blackjack, men ogs\u00e5 herlige gameshows som Crazy Time og Balloon Race. <\/p>\n\n\n\n<p>N\u00e5r det gjelder live casino s\u00e5 leverer ogs\u00e5 Pragmatic Play, Stakelogic, Vivo Gaming og flere andre spill til CasinoFriday. <\/p>\n\n\n\n<div>\n<h2 class=\"gb-text\">Oppsummert<\/h2>\n\n\n\n<p>Det er, som du ser, mange grunner til at Casino Friday har f\u00e5tt den posisjonen casinoet har blant norske spillere i dag. Det er kanskje det aller mest popul\u00e6re blant <a href=\"https:\/\/shopzigzagstripe.com\/collections\/collections\/collections\/\">norske casino<\/a> i dag, og er absolutt verdt en titt. <\/p>\n\n\n\n<p>Bonusene er fantastiske, og \u00e5 f\u00e5 no sticky-varianter er selvsagt et stort pluss for oss spillere. At man kan velge mellom en klassisk 100% bonus og en 400% bonus er ogs\u00e5 bra. Husk p\u00e5 at omsetningskravet for 400%-bonusen er betydelig h\u00f8yere &#8211; noe som er helt vanlig. <\/p>\n\n\n\n<p>Spillene er knallbra, og leveres av markedets aller beste spillutviklere. Utvalget er bredt og har h\u00f8y kvalitet. <\/p>\n\n\n\n<p>Til slutt er det ogs\u00e5 verdt \u00e5 nevne at CasinoFriday har en fabelaktig brukervennlighet. Sidene er luftig og ryddige, og oser av god stemning! Det er enkelt \u00e5 finne frem her, og at vi ogs\u00e5 f\u00e5r norsk live chat er noe som virkelig trekker opp. <\/p>\n\n\n\n<p>Det er rett og slett et meget godt online casino!<\/p>\n<\/div>\n","protected":false},"excerpt":{"rendered":"<p>CasinoFriday har f\u00e5tt en helt unik posisjon blant norske casinospillere, og har blitt et go-to casino her p\u00e5 berget. \u00c5rsaken er nok at stemningen her er veldig god \u2013 men samtidig skal man ikke stikke under en stol at den fantastiske no-sticky bonusen deres har mye \u00e5 si. Bli med oss p\u00e5 en litt annerledes [&hellip;]<\/p>\n","protected":false},"author":1,"featured_media":0,"parent":0,"menu_order":0,"comment_status":"closed","ping_status":"closed","template":"","meta":{"_acf_changed":false,"footnotes":""},"class_list":["post-764","page","type-page","status-publish","hentry"],"acf":[],"yoast_head":"<!-- This site is optimized with the Yoast SEO plugin v27.4 - https:\/\/yoast.com\/product\/yoast-seo-wordpress\/ -->\n<title>CasinoFriday - Norges beste online casino - F\u00e5 No Sticky Bonus! &#187; TrygtSpill<\/title>\n<meta name=\"description\" content=\"CasinoFriday er kanskje Norges mest popul\u00e6re online casino! Du f\u00e5r en no sticky 100% opptil 5.000 kr bonus og 200 freespins! Les mer her!\" \/>\n<meta name=\"robots\" content=\"index, follow, max-snippet:-1, max-image-preview:large, max-video-preview:-1\" \/>\n<link rel=\"canonical\" href=\"https:\/\/shopzigzagstripe.com\/collections\/casinofriday\/\" \/>\n<meta property=\"og:locale\" content=\"nb_NO\" \/>\n<meta property=\"og:type\" content=\"article\" \/>\n<meta property=\"og:title\" content=\"CasinoFriday - Norges beste online casino - F\u00e5 No Sticky Bonus! &#187; TrygtSpill\" \/>\n<meta property=\"og:description\" content=\"CasinoFriday er kanskje Norges mest popul\u00e6re online casino! Du f\u00e5r en no sticky 100% opptil 5.000 kr bonus og 200 freespins! Les mer her!\" \/>\n<meta property=\"og:url\" content=\"https:\/\/shopzigzagstripe.com\/collections\/casinofriday\/\" \/>\n<meta property=\"og:site_name\" content=\"TrygtSpill\" \/>\n<meta property=\"article:modified_time\" content=\"2025-10-17T23:31:54+00:00\" \/>\n<meta property=\"og:image\" content=\"https:\/\/shopzigzagstripe.com\/collections\/wp-content\/uploads\/2025\/10\/CasinoFriday.svg\" \/>\n<meta name=\"twitter:card\" content=\"summary_large_image\" \/>\n<meta name=\"twitter:label1\" content=\"Est. reading time\" \/>\n\t<meta name=\"twitter:data1\" content=\"9 minutes\" \/>\n<script type=\"application\/ld+json\" class=\"yoast-schema-graph\">{\"@context\":\"https:\\\/\\\/schema.org\",\"@graph\":[{\"@type\":\"WebPage\",\"@id\":\"https:\\\/\\\/shopzigzagstripe.com\\\/collections\\\/casinofriday\\\/\",\"url\":\"https:\\\/\\\/shopzigzagstripe.com\\\/collections\\\/casinofriday\\\/\",\"name\":\"CasinoFriday - Norges beste online casino - F\u00e5 No Sticky Bonus! &#187; TrygtSpill\",\"isPartOf\":{\"@id\":\"https:\\\/\\\/shopzigzagstripe.com\\\/collections\\\/#website\"},\"primaryImageOfPage\":{\"@id\":\"https:\\\/\\\/shopzigzagstripe.com\\\/collections\\\/casinofriday\\\/#primaryimage\"},\"image\":{\"@id\":\"https:\\\/\\\/shopzigzagstripe.com\\\/collections\\\/casinofriday\\\/#primaryimage\"},\"thumbnailUrl\":\"https:\\\/\\\/shopzigzagstripe.com\\\/collections\\\/collections\\\/wp-content\\\/uploads\\\/2025\\\/10\\\/CasinoFriday.svg\",\"datePublished\":\"2025-03-10T10:15:20+00:00\",\"dateModified\":\"2025-10-17T23:31:54+00:00\",\"description\":\"CasinoFriday er kanskje Norges mest popul\u00e6re online casino! Du f\u00e5r en no sticky 100% opptil 5.000 kr bonus og 200 freespins! Les mer her!\",\"breadcrumb\":{\"@id\":\"https:\\\/\\\/shopzigzagstripe.com\\\/collections\\\/casinofriday\\\/#breadcrumb\"},\"inLanguage\":\"nb-NO\",\"potentialAction\":[{\"@type\":\"ReadAction\",\"target\":[\"https:\\\/\\\/shopzigzagstripe.com\\\/collections\\\/casinofriday\\\/\"]}]},{\"@type\":\"ImageObject\",\"inLanguage\":\"nb-NO\",\"@id\":\"https:\\\/\\\/shopzigzagstripe.com\\\/collections\\\/casinofriday\\\/#primaryimage\",\"url\":\"https:\\\/\\\/shopzigzagstripe.com\\\/collections\\\/collections\\\/wp-content\\\/uploads\\\/2025\\\/10\\\/CasinoFriday.svg\",\"contentUrl\":\"https:\\\/\\\/shopzigzagstripe.com\\\/collections\\\/collections\\\/wp-content\\\/uploads\\\/2025\\\/10\\\/CasinoFriday.svg\"},{\"@type\":\"BreadcrumbList\",\"@id\":\"https:\\\/\\\/shopzigzagstripe.com\\\/collections\\\/casinofriday\\\/#breadcrumb\",\"itemListElement\":[{\"@type\":\"ListItem\",\"position\":1,\"name\":\"Home\",\"item\":\"https:\\\/\\\/shopzigzagstripe.com\\\/collections\\\/\"},{\"@type\":\"ListItem\",\"position\":2,\"name\":\"CasinoFriday\"}]},{\"@type\":\"WebSite\",\"@id\":\"https:\\\/\\\/shopzigzagstripe.com\\\/collections\\\/#website\",\"url\":\"https:\\\/\\\/shopzigzagstripe.com\\\/collections\\\/\",\"name\":\"TrygtSpill\",\"description\":\"\",\"potentialAction\":[{\"@type\":\"SearchAction\",\"target\":{\"@type\":\"EntryPoint\",\"urlTemplate\":\"https:\\\/\\\/shopzigzagstripe.com\\\/collections\\\/?s={search_term_string}\"},\"query-input\":{\"@type\":\"PropertyValueSpecification\",\"valueRequired\":true,\"valueName\":\"search_term_string\"}}],\"inLanguage\":\"nb-NO\"}]}<\/script>\n<!-- \/ Yoast SEO plugin. -->","yoast_head_json":{"title":"CasinoFriday - Norges beste online casino - F\u00e5 No Sticky Bonus! &#187; TrygtSpill","description":"CasinoFriday er kanskje Norges mest popul\u00e6re online casino! Du f\u00e5r en no sticky 100% opptil 5.000 kr bonus og 200 freespins! Les mer her!","robots":{"index":"index","follow":"follow","max-snippet":"max-snippet:-1","max-image-preview":"max-image-preview:large","max-video-preview":"max-video-preview:-1"},"canonical":"https:\/\/shopzigzagstripe.com\/collections\/casinofriday\/","og_locale":"nb_NO","og_type":"article","og_title":"CasinoFriday - Norges beste online casino - F\u00e5 No Sticky Bonus! &#187; TrygtSpill","og_description":"CasinoFriday er kanskje Norges mest popul\u00e6re online casino! Du f\u00e5r en no sticky 100% opptil 5.000 kr bonus og 200 freespins! Les mer her!","og_url":"https:\/\/shopzigzagstripe.com\/collections\/casinofriday\/","og_site_name":"TrygtSpill","article_modified_time":"2025-10-17T23:31:54+00:00","og_image":[{"url":"https:\/\/shopzigzagstripe.com\/collections\/wp-content\/uploads\/2025\/10\/CasinoFriday.svg","type":"","width":"","height":""}],"twitter_card":"summary_large_image","twitter_misc":{"Est. reading time":"9 minutes"},"schema":{"@context":"https:\/\/schema.org","@graph":[{"@type":"WebPage","@id":"https:\/\/shopzigzagstripe.com\/collections\/casinofriday\/","url":"https:\/\/shopzigzagstripe.com\/collections\/casinofriday\/","name":"CasinoFriday - Norges beste online casino - F\u00e5 No Sticky Bonus! &#187; TrygtSpill","isPartOf":{"@id":"https:\/\/shopzigzagstripe.com\/collections\/#website"},"primaryImageOfPage":{"@id":"https:\/\/shopzigzagstripe.com\/collections\/casinofriday\/#primaryimage"},"image":{"@id":"https:\/\/shopzigzagstripe.com\/collections\/casinofriday\/#primaryimage"},"thumbnailUrl":"https:\/\/shopzigzagstripe.com\/collections\/collections\/wp-content\/uploads\/2025\/10\/CasinoFriday.svg","datePublished":"2025-03-10T10:15:20+00:00","dateModified":"2025-10-17T23:31:54+00:00","description":"CasinoFriday er kanskje Norges mest popul\u00e6re online casino! Du f\u00e5r en no sticky 100% opptil 5.000 kr bonus og 200 freespins! Les mer her!","breadcrumb":{"@id":"https:\/\/shopzigzagstripe.com\/collections\/casinofriday\/#breadcrumb"},"inLanguage":"nb-NO","potentialAction":[{"@type":"ReadAction","target":["https:\/\/shopzigzagstripe.com\/collections\/casinofriday\/"]}]},{"@type":"ImageObject","inLanguage":"nb-NO","@id":"https:\/\/shopzigzagstripe.com\/collections\/casinofriday\/#primaryimage","url":"https:\/\/shopzigzagstripe.com\/collections\/collections\/wp-content\/uploads\/2025\/10\/CasinoFriday.svg","contentUrl":"https:\/\/shopzigzagstripe.com\/collections\/collections\/wp-content\/uploads\/2025\/10\/CasinoFriday.svg"},{"@type":"BreadcrumbList","@id":"https:\/\/shopzigzagstripe.com\/collections\/casinofriday\/#breadcrumb","itemListElement":[{"@type":"ListItem","position":1,"name":"Home","item":"https:\/\/shopzigzagstripe.com\/collections\/"},{"@type":"ListItem","position":2,"name":"CasinoFriday"}]},{"@type":"WebSite","@id":"https:\/\/shopzigzagstripe.com\/collections\/#website","url":"https:\/\/shopzigzagstripe.com\/collections\/","name":"TrygtSpill","description":"","potentialAction":[{"@type":"SearchAction","target":{"@type":"EntryPoint","urlTemplate":"https:\/\/shopzigzagstripe.com\/collections\/?s={search_term_string}"},"query-input":{"@type":"PropertyValueSpecification","valueRequired":true,"valueName":"search_term_string"}}],"inLanguage":"nb-NO"}]}},"_links":{"self":[{"href":"https:\/\/shopzigzagstripe.com\/collections\/wp-json\/wp\/v2\/pages\/764","targetHints":{"allow":["GET"]}}],"collection":[{"href":"https:\/\/shopzigzagstripe.com\/collections\/wp-json\/wp\/v2\/pages"}],"about":[{"href":"https:\/\/shopzigzagstripe.com\/collections\/wp-json\/wp\/v2\/types\/page"}],"author":[{"embeddable":true,"href":"https:\/\/shopzigzagstripe.com\/collections\/wp-json\/wp\/v2\/users\/1"}],"replies":[{"embeddable":true,"href":"https:\/\/shopzigzagstripe.com\/collections\/wp-json\/wp\/v2\/comments?post=764"}],"version-history":[{"count":10,"href":"https:\/\/shopzigzagstripe.com\/collections\/wp-json\/wp\/v2\/pages\/764\/revisions"}],"predecessor-version":[{"id":1813,"href":"https:\/\/shopzigzagstripe.com\/collections\/wp-json\/wp\/v2\/pages\/764\/revisions\/1813"}],"wp:attachment":[{"href":"https:\/\/shopzigzagstripe.com\/collections\/wp-json\/wp\/v2\/media?parent=764"}],"curies":[{"name":"wp","href":"https:\/\/api.w.org\/{rel}","templated":true}]}}