{"id":706,"date":"2025-03-04T11:25:16","date_gmt":"2025-03-04T11:25:16","guid":{"rendered":"https:\/\/oxford.fetchtdelivery.com\/?page_id=706"},"modified":"2025-10-17T23:06:04","modified_gmt":"2025-10-17T23:06:04","slug":"nordicautomaten","status":"publish","type":"page","link":"https:\/\/shopzigzagstripe.com\/collections\/nordicautomaten\/","title":{"rendered":"NordicAutomaten Casino"},"content":{"rendered":"\n<p>NordicAutomaten er navnet p\u00e5 gode gamle NorgesAutomaten, og det velkjente norske casinoet lever derfor i beste velg\u00e5ende. Her er det masse digg \u00e5 finne for oss som er glade i litt nettspill!<\/p>\n\n\n\n<div class=\"gbp-section gb-element-35e20675\">\n<div class=\"gbp-section__inner gb-element-3120f5e5\">\n<div>\n<h3 class=\"gb-text gbp-card__title\">Lang historie<\/h3>\n\n\n\n<p class=\"gb-text gbp-card__text\">NordicAutomaten er alts\u00e5 navnet p\u00e5 gamle NorgesAutomaten. Dette casinoet ble lansert tilbake i 2006 &#8211; og har derfor snaut 20 \u00e5r med erfaring i ryggen! Man skiftet navn p\u00e5 casinoet for \u00e5 ikke havne i tr\u00f8bbel med norske myndighter, men norske spillere kan spille her!<\/p>\n<\/div>\n\n\n\n<div>\n<h3 class=\"gb-text gbp-card__title\">Herlig bonus venter<\/h3>\n\n\n\n<p class=\"gb-text gbp-card__text\">NordicAutomaten har selvsagt en fin-fin bonus til sine nye spillere. Denne kan du, som ny kunde, selvsagt ogs\u00e5 nyte godt av. Du f\u00e5r <strong>100% opptil 2.500 kroner<\/strong> p\u00e5 ditt f\u00f8rste innskudd. Setter du inn 2.500 kroner f\u00e5r du alts\u00e5 2.500 kroner ekstra \u00e5 spille med. Totalt vil du da ha 5.000 kroner p\u00e5 din konto!<\/p>\n<\/div>\n\n\n\n<div>\n<h3 class=\"gb-text gbp-card__title\">Gamle Betsson<\/h3>\n\n\n\n<p class=\"gb-text gbp-card__text\">Det er gamle BML Group &#8211; n\u00e5 Alta Platform Gaming Limited som st\u00e5r bak Nordic Automaten. For de som er litt kjent med historien, s\u00e5 er dette de gamle eierne av Betsson. Det er derfor en meget erfaren akt\u00f8r som st\u00e5r bak, og BML har foretatt navneendringer p\u00e5 alle sine casinoer!<\/p>\n<\/div>\n\n\n\n<div>\n<h3 class=\"gb-text gbp-card__title\">Topp spillutvalg<\/h3>\n\n\n\n<p class=\"gb-text gbp-card__text\">I og med at det er en stor og velkjent akt\u00f8r som st\u00e5r bak NordicAutomaten betyr det samtidig at du f\u00e5r et glimrende spillutvalg. Her kan du hygge deg med spilleautomater, bordspill, live casino med fantastiske spill, video poker og mye mer. Underholdningen er f\u00f8rsteklasses, med andre ord!<\/p>\n<\/div>\n<\/div>\n<\/div>\n\n\n\n<p><\/p>\n\n\n\n<div>\n<h2 class=\"gb-text\">Nordic Automaten &#8211; lovlig \u00e5 spille!<\/h2>\n\n\n\n<p>Det er mye surr og r\u00f8r n\u00e5r det gjelder <a href=\"\/collections\/collections\/hotell-kristiansand\/\">norsk casino<\/a> &#8211; og hva som er lov og ikke er lov. Det som er helt sikkert er at du har lov til \u00e5 spille p\u00e5 Nordic Automaten &#8211; om du har lyst til det!<\/p>\n\n\n\n<p>Blant de store casinoene som er godt kjent blant nordmenn, slik som NordicAutomaten, Unibet, Betsson, Maria Casino, Betsson etc har det v\u00e6rt mye st\u00f8y. Eierne, alts\u00e5 gamle BML Group (Betsson, Nordic Automaten) og Kindred (Unibet, Maria Casino) har v\u00e6rt i konflikt med Lotteritilsynet i Norge. <\/p>\n\n\n\n<p>De har f\u00e5tt p\u00e5pakninger om \u00e5 ligge unna norske spillere, og \u00e5 ikke markedsf\u00f8re seg oss. Dette er grunnen til at alle disse nettsidene n\u00e5 ikke opererer med norske tekster, norske bonuser, norsk valuta o.l. Hos Unibet er det s\u00e5gar slikt at de har stengt d\u00f8rene for norske spillere. <\/p>\n\n\n\n<p>Slik er det ikke hos NordicAutomaten. Som norsk spiller har du lov til \u00e5 velge hvor du skal spille. Det er casinoene som har f\u00e5tt begrensninger i sin markedsf\u00f8ring. <strong>Du kan derfor velge \u00e5 spille hvor du vil<\/strong>. <\/p>\n<\/div>\n\n\n\n<div>\n<h2 class=\"gb-text\">NordicAutomaten Casino &#8211; et topp alternativ<\/h2>\n\n\n\n<p>Det er alts\u00e5 ingen nybegynnere som st\u00e5r bak NordicAutomaten Casino &#8211; det hersker det ingen tvil om. Denne gjengen har lansert det ene toppcasinoet etter det andre &#8211; og vet derfor hva de driver med. <\/p>\n\n\n\n<p>Spesielt gjelder dette for b\u00e5de brukervennlighet og spillutvalg. <\/p>\n\n\n\n<p>NordicAutomaten er superenkelt \u00e5 bruke, og er et ryddig nettcasino. Her er det null stress \u00e5 bevege seg mellom de ulike delene av casinoet. Alt er logisk bygd opp og f\u00f8lgelig er det enkelt \u00e5 finne frem til det du m\u00e5tte ha behov for. Dette gjelder naturligvis i like stor grad enten du bruker en vanlig PC eller en mobiltelefon \/ et nettbrett. <\/p>\n\n\n\n<p>Som vi nevnte i starten s\u00e5 er ogs\u00e5 spillene p\u00e5 et h\u00f8yt niv\u00e5. NordicAutomaten har et samarbeid med de beste utviklerne av spill i bransjen. Du finner derfor b\u00e5de spilleautomater og bordspill fra sterke leverand\u00f8rer som NetEnt, Pragmatic Play, Play&#8217;n GO, Yggdrasil, Push Gaming og Nolimit City &#8211; for \u00e5 nevne noen f\u00e5. <\/p>\n\n\n\n<p>Tusenvis av spill er p\u00e5 plass, og som nevnt f\u00e5r du ogs\u00e5 live casino. Dette er levert av markedsdominerende Evolution Gaming og Pragmatic Play.<\/p>\n<\/div>\n\n\n\n<div>\n<h2 class=\"gb-text\">MGA-lisens og ansvarlig spill hos NordicAutomaten<\/h2>\n\n\n\n<p>Det er mange som s\u00f8ker etter trygge norske casino, og i den grad et online casino i det hele tatt kan betegnes som trygt, s\u00e5 er NordicAutomaten i den b\u00e5sen!<\/p>\n\n\n\n<p>Casinoet har den ettertraktede og popul\u00e6re MGA-lisensen, og det betyr samtidig at de forplikter seg til \u00e5 f\u00f8lge et strengt regelverk. Herunder snakker vi om rettferdig utfall av spill og ansvarlig spill. <\/p>\n\n\n\n<p>N\u00e5r det gjelder rettferdig utfall av spill, s\u00e5 snakker vi her om at mekanismene som styrer spillutfall er 100% tilfeldig. Dette gj\u00f8res ved random number generators og at casinoet sjekkes av aktuelle kontrollinstanser. <\/p>\n\n\n\n<p>N\u00e5r det kommer til ansvarlig spill har casinoet en rekke verkt\u00f8y for h\u00e5nden som du kan nyte godt av: <\/p>\n\n\n\n<ul class=\"wp-block-list\">\n<li><strong>Innskuddsgrenser<\/strong> \u2013 Spillere kan sette daglige, ukentlige eller m\u00e5nedlige innskuddsgrenser.<\/li>\n\n\n\n<li><strong>Tidsavbrudd (Time Out)<\/strong> \u2013 Mulighet for midlertidige pauser fra spill, fra 24 timer til ubegrenset selvekskludering.<\/li>\n\n\n\n<li><strong>Reality Check<\/strong> \u2013 Varsler som hjelper spillere \u00e5 holde oversikt over hvor lenge de har spilt.<\/li>\n\n\n\n<li><strong>Selvekskludering<\/strong> \u2013 Alternativ for \u00e5 blokkere seg selv fra plattformen i en lengre periode.<\/li>\n\n\n\n<li><strong>Selvtest (Self-Assessment Test)<\/strong> \u2013 Verkt\u00f8y for \u00e5 vurdere egne spillevaner og identifisere potensielle problemer.<\/li>\n\n\n\n<li><strong>Beskyttelse av mindre\u00e5rige<\/strong> \u2013 Anbefalinger om programvare som NetNanny for \u00e5 hindre tilgang for barn.<\/li>\n\n\n\n<li><strong>Support og r\u00e5dgivning<\/strong> \u2013 Kundeservice tilgjengelig 24\/7 for hjelp med ansvarlig spill.<\/li>\n<\/ul>\n<\/div>\n\n\n\n<div><div class=\"wp-block-image\">\n<figure class=\"alignright size-medium\"><img loading=\"lazy\" decoding=\"async\" width=\"163\" height=\"300\" src=\"https:\/\/shopzigzagstripe.com\/collections\/collections\/wp-content\/uploads\/2025\/03\/Innskudd-nordicautomaten-163x300.jpg\" alt=\"Tilgjengelige metoder for innskudd hos NordicAutomaten\" class=\"wp-image-714\" srcset=\"https:\/\/shopzigzagstripe.com\/collections\/wp-content\/uploads\/2025\/03\/Innskudd-nordicautomaten-163x300.jpg 163w, https:\/\/shopzigzagstripe.com\/collections\/wp-content\/uploads\/2025\/03\/Innskudd-nordicautomaten.jpg 400w\" sizes=\"auto, (max-width: 163px) 100vw, 163px\" \/><\/figure>\n<\/div>\n\n\n<h2 class=\"gb-text\">Hvordan gj\u00f8re innskudd hos NordicAutomaten<\/h2>\n\n\n\n<p>\u00c5 sette inn og ta ut penger hos online casino kan v\u00e6re problematisk for norske spillere. Dette er velkjent, og spesielt er dette et tema fordi mange foretrekker \u00e5 bruke sitt eget bankkort. <\/p>\n\n\n\n<p>Norske banker har f\u00e5tt p\u00e5legg om \u00e5 ikke gjennomf\u00f8re betalinger til og fra online casino. Mange online casino har l\u00f8st dette ved \u00e5 bruke tredjepartsl\u00f8sninger. <\/p>\n\n\n\n<p>Om du vil gj\u00f8re innskudd med ditt bankkort er det derfor vanskelig \u00e5 si om du vil lykkes med det. <\/p>\n\n\n\n<p>Visa kommer opp som et alternativ, men om det fungerer vil i stor grad v\u00e6re avhengig av banken din. Det enkleste og faktisk \u00e5 fikse seg en konto hos Revolut. Der f\u00e5r du et virtuelt Visa som ikke er tilknyttet noen norsk bank, og dermed er b\u00e5de innskudd og uttak helt uproblematisk. <\/p>\n\n\n\n<p>Alternativt er Mifinity en god l\u00f8sning som gj\u00f8r at du unng\u00e5r problemer. Som sagt: sett deg opp med en egen Revolut-konto og du har ditt elektroniske Visa-kort tilgjengelig i appen hele tiden. Da har du ogs\u00e5 kontroll p\u00e5 gambling-pengene dine. <\/p>\n\n\n\n<p>Vi kan ogs\u00e5 anbefale at du sjekker ut v\u00e5r artikkel om <a href=\"https:\/\/shopzigzagstripe.com\/collections\/collections\/collections\/casinofriday\/\">CasinoFriday<\/a> &#8211; et annet casino som scorer h\u00f8yt blant nordmenn!<\/p>\n<\/div>\n\n\n\n<p>Ps: om du er ute etter spilleautomaten som gikk under navnet Norgesautomaten, s\u00e5 kan du sjekke ut v\u00e5r artikkel om <a href=\"https:\/\/shopzigzagstripe.com\/collections\/collections\/collections\/norgesautomaten\/\">Norgesautomaten Jackpot 6000<\/a> her. <\/p>\n","protected":false},"excerpt":{"rendered":"<p>NordicAutomaten er navnet p\u00e5 gode gamle NorgesAutomaten, og det velkjente norske casinoet lever derfor i beste velg\u00e5ende. Her er det masse digg \u00e5 finne for oss som er glade i litt nettspill! Lang historie NordicAutomaten er alts\u00e5 navnet p\u00e5 gamle NorgesAutomaten. Dette casinoet ble lansert tilbake i 2006 &#8211; og har derfor snaut 20 \u00e5r [&hellip;]<\/p>\n","protected":false},"author":1,"featured_media":0,"parent":0,"menu_order":0,"comment_status":"closed","ping_status":"closed","template":"","meta":{"_acf_changed":false,"footnotes":""},"class_list":["post-706","page","type-page","status-publish","hentry"],"acf":[],"yoast_head":"<!-- This site is optimized with the Yoast SEO plugin v27.4 - https:\/\/yoast.com\/product\/yoast-seo-wordpress\/ -->\n<title>NordicAutomaten - 100% lovlig og tilgjengelig for norske spillere! &#187; TrygtSpill<\/title>\n<meta name=\"description\" content=\"Nordic Automaten er et 100% lovlig norsk casino som kan tilby et herlig utvalg av spill, store bonuser og h\u00f8y brukervennlighet. Les mer her!\" \/>\n<meta name=\"robots\" content=\"index, follow, max-snippet:-1, max-image-preview:large, max-video-preview:-1\" \/>\n<link rel=\"canonical\" href=\"https:\/\/shopzigzagstripe.com\/collections\/nordicautomaten\/\" \/>\n<meta property=\"og:locale\" content=\"nb_NO\" \/>\n<meta property=\"og:type\" content=\"article\" \/>\n<meta property=\"og:title\" content=\"NordicAutomaten - 100% lovlig og tilgjengelig for norske spillere! &#187; TrygtSpill\" \/>\n<meta property=\"og:description\" content=\"Nordic Automaten er et 100% lovlig norsk casino som kan tilby et herlig utvalg av spill, store bonuser og h\u00f8y brukervennlighet. Les mer her!\" \/>\n<meta property=\"og:url\" content=\"https:\/\/shopzigzagstripe.com\/collections\/nordicautomaten\/\" \/>\n<meta property=\"og:site_name\" content=\"TrygtSpill\" \/>\n<meta property=\"article:modified_time\" content=\"2025-10-17T23:06:04+00:00\" \/>\n<meta property=\"og:image\" content=\"https:\/\/shopzigzagstripe.com\/collections\/wp-content\/uploads\/2025\/03\/Innskudd-nordicautomaten-163x300.jpg\" \/>\n<meta name=\"twitter:card\" content=\"summary_large_image\" \/>\n<meta name=\"twitter:label1\" content=\"Est. reading time\" \/>\n\t<meta name=\"twitter:data1\" content=\"7 minutes\" \/>\n<script type=\"application\/ld+json\" class=\"yoast-schema-graph\">{\"@context\":\"https:\\\/\\\/schema.org\",\"@graph\":[{\"@type\":\"WebPage\",\"@id\":\"https:\\\/\\\/shopzigzagstripe.com\\\/collections\\\/nordicautomaten\\\/\",\"url\":\"https:\\\/\\\/shopzigzagstripe.com\\\/collections\\\/nordicautomaten\\\/\",\"name\":\"NordicAutomaten - 100% lovlig og tilgjengelig for norske spillere! &#187; TrygtSpill\",\"isPartOf\":{\"@id\":\"https:\\\/\\\/shopzigzagstripe.com\\\/collections\\\/#website\"},\"primaryImageOfPage\":{\"@id\":\"https:\\\/\\\/shopzigzagstripe.com\\\/collections\\\/nordicautomaten\\\/#primaryimage\"},\"image\":{\"@id\":\"https:\\\/\\\/shopzigzagstripe.com\\\/collections\\\/nordicautomaten\\\/#primaryimage\"},\"thumbnailUrl\":\"https:\\\/\\\/shopzigzagstripe.com\\\/collections\\\/collections\\\/wp-content\\\/uploads\\\/2025\\\/03\\\/Innskudd-nordicautomaten-163x300.jpg\",\"datePublished\":\"2025-03-04T11:25:16+00:00\",\"dateModified\":\"2025-10-17T23:06:04+00:00\",\"description\":\"Nordic Automaten er et 100% lovlig norsk casino som kan tilby et herlig utvalg av spill, store bonuser og h\u00f8y brukervennlighet. Les mer her!\",\"breadcrumb\":{\"@id\":\"https:\\\/\\\/shopzigzagstripe.com\\\/collections\\\/nordicautomaten\\\/#breadcrumb\"},\"inLanguage\":\"nb-NO\",\"potentialAction\":[{\"@type\":\"ReadAction\",\"target\":[\"https:\\\/\\\/shopzigzagstripe.com\\\/collections\\\/nordicautomaten\\\/\"]}]},{\"@type\":\"ImageObject\",\"inLanguage\":\"nb-NO\",\"@id\":\"https:\\\/\\\/shopzigzagstripe.com\\\/collections\\\/nordicautomaten\\\/#primaryimage\",\"url\":\"https:\\\/\\\/shopzigzagstripe.com\\\/collections\\\/collections\\\/wp-content\\\/uploads\\\/2025\\\/03\\\/Innskudd-nordicautomaten-163x300.jpg\",\"contentUrl\":\"https:\\\/\\\/shopzigzagstripe.com\\\/collections\\\/collections\\\/wp-content\\\/uploads\\\/2025\\\/03\\\/Innskudd-nordicautomaten-163x300.jpg\"},{\"@type\":\"BreadcrumbList\",\"@id\":\"https:\\\/\\\/shopzigzagstripe.com\\\/collections\\\/nordicautomaten\\\/#breadcrumb\",\"itemListElement\":[{\"@type\":\"ListItem\",\"position\":1,\"name\":\"Home\",\"item\":\"https:\\\/\\\/shopzigzagstripe.com\\\/collections\\\/\"},{\"@type\":\"ListItem\",\"position\":2,\"name\":\"NordicAutomaten Casino\"}]},{\"@type\":\"WebSite\",\"@id\":\"https:\\\/\\\/shopzigzagstripe.com\\\/collections\\\/#website\",\"url\":\"https:\\\/\\\/shopzigzagstripe.com\\\/collections\\\/\",\"name\":\"TrygtSpill\",\"description\":\"\",\"potentialAction\":[{\"@type\":\"SearchAction\",\"target\":{\"@type\":\"EntryPoint\",\"urlTemplate\":\"https:\\\/\\\/shopzigzagstripe.com\\\/collections\\\/?s={search_term_string}\"},\"query-input\":{\"@type\":\"PropertyValueSpecification\",\"valueRequired\":true,\"valueName\":\"search_term_string\"}}],\"inLanguage\":\"nb-NO\"}]}<\/script>\n<!-- \/ Yoast SEO plugin. -->","yoast_head_json":{"title":"NordicAutomaten - 100% lovlig og tilgjengelig for norske spillere! &#187; TrygtSpill","description":"Nordic Automaten er et 100% lovlig norsk casino som kan tilby et herlig utvalg av spill, store bonuser og h\u00f8y brukervennlighet. Les mer her!","robots":{"index":"index","follow":"follow","max-snippet":"max-snippet:-1","max-image-preview":"max-image-preview:large","max-video-preview":"max-video-preview:-1"},"canonical":"https:\/\/shopzigzagstripe.com\/collections\/nordicautomaten\/","og_locale":"nb_NO","og_type":"article","og_title":"NordicAutomaten - 100% lovlig og tilgjengelig for norske spillere! &#187; TrygtSpill","og_description":"Nordic Automaten er et 100% lovlig norsk casino som kan tilby et herlig utvalg av spill, store bonuser og h\u00f8y brukervennlighet. Les mer her!","og_url":"https:\/\/shopzigzagstripe.com\/collections\/nordicautomaten\/","og_site_name":"TrygtSpill","article_modified_time":"2025-10-17T23:06:04+00:00","og_image":[{"url":"https:\/\/shopzigzagstripe.com\/collections\/wp-content\/uploads\/2025\/03\/Innskudd-nordicautomaten-163x300.jpg","type":"","width":"","height":""}],"twitter_card":"summary_large_image","twitter_misc":{"Est. reading time":"7 minutes"},"schema":{"@context":"https:\/\/schema.org","@graph":[{"@type":"WebPage","@id":"https:\/\/shopzigzagstripe.com\/collections\/nordicautomaten\/","url":"https:\/\/shopzigzagstripe.com\/collections\/nordicautomaten\/","name":"NordicAutomaten - 100% lovlig og tilgjengelig for norske spillere! &#187; TrygtSpill","isPartOf":{"@id":"https:\/\/shopzigzagstripe.com\/collections\/#website"},"primaryImageOfPage":{"@id":"https:\/\/shopzigzagstripe.com\/collections\/nordicautomaten\/#primaryimage"},"image":{"@id":"https:\/\/shopzigzagstripe.com\/collections\/nordicautomaten\/#primaryimage"},"thumbnailUrl":"https:\/\/shopzigzagstripe.com\/collections\/collections\/wp-content\/uploads\/2025\/03\/Innskudd-nordicautomaten-163x300.jpg","datePublished":"2025-03-04T11:25:16+00:00","dateModified":"2025-10-17T23:06:04+00:00","description":"Nordic Automaten er et 100% lovlig norsk casino som kan tilby et herlig utvalg av spill, store bonuser og h\u00f8y brukervennlighet. Les mer her!","breadcrumb":{"@id":"https:\/\/shopzigzagstripe.com\/collections\/nordicautomaten\/#breadcrumb"},"inLanguage":"nb-NO","potentialAction":[{"@type":"ReadAction","target":["https:\/\/shopzigzagstripe.com\/collections\/nordicautomaten\/"]}]},{"@type":"ImageObject","inLanguage":"nb-NO","@id":"https:\/\/shopzigzagstripe.com\/collections\/nordicautomaten\/#primaryimage","url":"https:\/\/shopzigzagstripe.com\/collections\/collections\/wp-content\/uploads\/2025\/03\/Innskudd-nordicautomaten-163x300.jpg","contentUrl":"https:\/\/shopzigzagstripe.com\/collections\/collections\/wp-content\/uploads\/2025\/03\/Innskudd-nordicautomaten-163x300.jpg"},{"@type":"BreadcrumbList","@id":"https:\/\/shopzigzagstripe.com\/collections\/nordicautomaten\/#breadcrumb","itemListElement":[{"@type":"ListItem","position":1,"name":"Home","item":"https:\/\/shopzigzagstripe.com\/collections\/"},{"@type":"ListItem","position":2,"name":"NordicAutomaten Casino"}]},{"@type":"WebSite","@id":"https:\/\/shopzigzagstripe.com\/collections\/#website","url":"https:\/\/shopzigzagstripe.com\/collections\/","name":"TrygtSpill","description":"","potentialAction":[{"@type":"SearchAction","target":{"@type":"EntryPoint","urlTemplate":"https:\/\/shopzigzagstripe.com\/collections\/?s={search_term_string}"},"query-input":{"@type":"PropertyValueSpecification","valueRequired":true,"valueName":"search_term_string"}}],"inLanguage":"nb-NO"}]}},"_links":{"self":[{"href":"https:\/\/shopzigzagstripe.com\/collections\/wp-json\/wp\/v2\/pages\/706","targetHints":{"allow":["GET"]}}],"collection":[{"href":"https:\/\/shopzigzagstripe.com\/collections\/wp-json\/wp\/v2\/pages"}],"about":[{"href":"https:\/\/shopzigzagstripe.com\/collections\/wp-json\/wp\/v2\/types\/page"}],"author":[{"embeddable":true,"href":"https:\/\/shopzigzagstripe.com\/collections\/wp-json\/wp\/v2\/users\/1"}],"replies":[{"embeddable":true,"href":"https:\/\/shopzigzagstripe.com\/collections\/wp-json\/wp\/v2\/comments?post=706"}],"version-history":[{"count":3,"href":"https:\/\/shopzigzagstripe.com\/collections\/wp-json\/wp\/v2\/pages\/706\/revisions"}],"predecessor-version":[{"id":1799,"href":"https:\/\/shopzigzagstripe.com\/collections\/wp-json\/wp\/v2\/pages\/706\/revisions\/1799"}],"wp:attachment":[{"href":"https:\/\/shopzigzagstripe.com\/collections\/wp-json\/wp\/v2\/media?parent=706"}],"curies":[{"name":"wp","href":"https:\/\/api.w.org\/{rel}","templated":true}]}}