{"id":1728,"date":"2025-02-19T14:08:38","date_gmt":"2025-02-19T14:08:38","guid":{"rendered":"https:\/\/oxford.fetchtdelivery.com\/?page_id=96"},"modified":"2025-10-17T22:18:50","modified_gmt":"2025-10-17T22:18:50","slug":"100-casino-bonus","status":"publish","type":"page","link":"https:\/\/shopzigzagstripe.com\/collections\/casino-bonus\/100-casino-bonus\/","title":{"rendered":"100% casino bonus"},"content":{"rendered":"\n<p>En 100% casino bonus er den vanligste bonusen vi finner i et norsk nettcasino. Den dukker opp i velkomstbonuser til nye spillere, men ogs\u00e5 som reload bonus \u2013 alts\u00e5 en p\u00e5fyllingsbonus til lojale kunder.<\/p>\n\n\n\n<p>En bonus som dette gir deg dobbel verdi av innskuddet ditt. Setter du inn 500 kroner f\u00e5r du 500 kroner ekstra \u00e5 spille med.<\/p>\n\n\n\n<p>Men \u2013 ingen bonuser er gratis. Casinoet stiller alltid krav til hvordan bonuspengene brukes, og du m\u00e5 forst\u00e5 vilk\u00e5rene f\u00f8r du godtar.<\/p>\n\n\n\n<p><strong>I denne guiden forklarer vi:<\/strong><\/p>\n\n\n\n<ul class=\"wp-block-list\">\n<li>Hvordan en 100% bonus fungerer<\/li>\n\n\n\n<li>Hvilke fordeler og ulemper den har<\/li>\n\n\n\n<li>Hva du b\u00f8r sjekke f\u00f8r du godtar en bonus<\/li>\n<\/ul>\n\n\n\n<div>\n<div class=\"gb-element-af1a33dd\">\n<p class=\"gb-text gb-text-03c7e616\"><em>\ud83d\uded1 <strong>Husk dette:<\/strong> Casinoet har alltid en fordel p\u00e5 sikt. \u00c5 spille p\u00e5 nettcasino inneb\u00e6rer risiko, s\u00e5 bruk kun penger du har r\u00e5d til \u00e5 tape. Sett grenser for spillet ditt og spill ansvarlig.\ud83d\udd1e <strong>Aldersgrense: 18 \u00e5r.<\/strong> Trenger du st\u00f8tte? Bes\u00f8k v\u00e5r side om ansvarlig spilling eller Hjelpelinjen.no for hjelp.<\/em><\/p>\n<\/div>\n<\/div>\n\n\n\n<h2 class=\"gb-text\">Norges beste 100% casino bonus<\/h2>\n\n\n<div class=\"casino-banners\"><p>Ingen casinoer funnet.<\/p><\/div>\n\n\n\n<figure class=\"wp-block-image size-full\"><img decoding=\"async\" src=\"https:\/\/shopzigzagstripe.com\/collections\/collections\/wp-content\/uploads\/2025\/02\/100-casino-bonus.jpg\" alt=\"Infografikk til artikkel 100% casino bonus. Bulletpoints med innhold i artikkel, og sparsymbol med norsk flagg + logo NorskCasino.io\" class=\"wp-image-98\"\/><\/figure>\n\n\n\n<p><\/p>\n\n\n\n<h2 class=\"wp-block-heading\">Hva er en 100% casino bonus? F\u00e5 dobbelt opp!<\/h2>\n\n\n\n<p>Som vi allerede har v\u00e6rt inne p\u00e5 s\u00e5 vil en 100 casino bonus doble summen penger du har \u00e5 spille for. I praksis betyr det alts\u00e5 at et casino vil gi deg en <a href=\"https:\/\/shopzigzagstripe.com\/collections\/collections\/collections\/casino-bonus\/\">casino bonus<\/a> som tilsvarer innskuddet ditt. Husk p\u00e5 at det alltid vil v\u00e6re en \u00f8verste grense.<\/p>\n\n\n\n<p>En typisk 100% casino bonus vil da kunne se slik ut: F\u00e5 100% opptil 1.000 kroner.<\/p>\n\n\n\n<p>\u2018Opptil 1.000 kroner\u2019 angir grensen for hvor stort bonusbel\u00f8p du kan f\u00e5. I dette tilfellet vil et innskudd p\u00e5 1.000 kroner derfor gi deg 1.000 kroner ekstra \u00e5 spille for. Da vil du totalt ha 2.000 kroner p\u00e5 din spillekonto.<\/p>\n\n\n\n<p>Som regel vil nedre grense for en slik bonus typisk ligge p\u00e5 200 kroner. Les ogs\u00e5 om <a href=\"https:\/\/shopzigzagstripe.com\/collections\/collections\/collections\/norsk-casino-bonus\/200-casino-bonus\/\" data-type=\"page\" data-id=\"123\">200% casino bonus<\/a>!<\/p>\n\n\n\n<h2 class=\"wp-block-heading\">Eksempler p\u00e5 100 casino bonus<\/h2>\n\n\n\n<p>En 100% casino bonus kan alts\u00e5 ha forskjellige maksgrenser. Noen casinoer tilbyr opptil 1.000 kr, mens andre kan gi 5.000 kr eller til og med 10.000 kr.<\/p>\n\n\n\n<div>\n<div class=\"gb-element-4f8f9aec\">\n<div class=\"gb-element-003c021e\">\n<figure class=\"wp-block-table\"><table class=\"has-fixed-layout\"><tbody><tr><td><strong>Bonus<\/strong><\/td><td><strong>Maks bonus<\/strong><\/td><td><strong>Innskudd for maks bonus<\/strong><\/td><td><strong>Totalt \u00e5 spille for<\/strong><\/td><\/tr><tr><td>100% opptil 1.000 kr<\/td><td>1.000 kr<\/td><td>1.000 kr<\/td><td>2.000 kr<\/td><\/tr><tr><td>100% opptil 5.000 kr<\/td><td>5.000 kr<\/td><td>5.000 kr<\/td><td>10.000 kr<\/td><\/tr><tr><td>100% opptil 10.000 kr<\/td><td>10.000 kr<\/td><td>10.000 kr<\/td><td>20.000 kr<\/td><\/tr><\/tbody><\/table><\/figure>\n<\/div>\n<\/div>\n<\/div>\n\n\n\n<h2 class=\"wp-block-heading\">Den vanligste bonusen<\/h2>\n\n\n\n<p>En 100% casino bonus er den desidert vanligste bonusen i norske casino p\u00e5 nett. Det er denne bonusen som i stor grad tilbys nye spillere i et casino som en velkomstbonus. Som vi ogs\u00e5 nevnte kan man av og til finne en 100 casino bonus som en reloadbonus til eksisterende spillere. Vanligvis er disse bonusene noe lavere rent prosentmessig, men det skjer allikevel at man kan f\u00e5 en 100% bonus ogs\u00e5 der.<\/p>\n\n\n\n<p>\u00c5rsaken til at bonusen er popul\u00e6r er rett og slett at den er enkel \u00e5 forst\u00e5! Den dobler innskuddet ditt og gir deg mer \u00e5 spille for. Det er ikke n\u00f8dvendig med noen kompliserte utregninger.<\/p>\n\n\n\n<h2 class=\"wp-block-heading\">Steg-for-steg: Slik aktiverer du en 100% casino bonus<\/h2>\n\n\n\n<p>1\ufe0f\u20e3 Velg et casino med 100% bonus.<br>2\ufe0f\u20e3 Registrer deg og opprett en konto.<br>3\ufe0f\u20e3 Sjekk bonusvilk\u00e5rene \u2013 Er det en bonuskode? Hva er omsetningskravet?<br>4\ufe0f\u20e3 Sett inn penger \u2013 Bonusen matches automatisk i de fleste tilfeller.<br>5\ufe0f\u20e3 Begynn \u00e5 spille \u2013 Husk hvilke spill som teller mot omsetningskravet.<\/p>\n\n\n\n<h2 class=\"wp-block-heading\">Bonusvilk\u00e5r: 100% casino bonus<\/h2>\n\n\n\n<p>Som alltid n\u00e5r det gjelder casino bonuser, er det viktig \u00e5 forst\u00e5 hva du sier ja til. En 100% casino bonus h\u00f8res kanskje bra ut \u2013 men det er bonusvilk\u00e5rene som avgj\u00f8r om den faktisk er verdt det.<\/p>\n\n\n\n<p>Den viktigste faktoren? Omsetningskravet.<\/p>\n\n\n\n<h3 class=\"wp-block-heading\">Omsetningskrav \u2013 hvor mye m\u00e5 du spille for?<\/h3>\n\n\n\n<p>Omsetningskravet viser hvor mange ganger bonusbel\u00f8pet (eller i noen tilfeller innskudd + bonus) m\u00e5 omsettes f\u00f8r du kan ta ut gevinstene dine.<\/p>\n\n\n\n<p>La oss ta et eksempel. Under ser du en 100% bonus opptil 3.000 kroner, og hvor mye man m\u00e5 omsette for f\u00f8r man kan ta ut penger med ulike omsetningskrav. <\/p>\n\n\n\n<figure class=\"wp-block-table\"><table class=\"has-fixed-layout\"><tbody><tr><td><strong>Omsetningskrav<\/strong><\/td><td><strong>Bonus<\/strong><\/td><td><strong>Totalt p\u00e5 konto<\/strong><\/td><td><strong>M\u00e5 omsettes f\u00f8r uttak<\/strong><\/td><\/tr><tr><td>25x<\/td><td>3.000 kr<\/td><td>6.000 kr<\/td><td>75.000 kr<\/td><\/tr><tr><td>30x<\/td><td>3.000 kr<\/td><td>6.000 kr<\/td><td>90.000 kr<\/td><\/tr><tr><td>40x<\/td><td>3.000 kr<\/td><td>6.000 kr<\/td><td>120.000 kr<\/td><\/tr><\/tbody><\/table><\/figure>\n\n\n\n<p><strong>N\u00e6rmere forklart:<\/strong><\/p>\n\n\n\n<p>Omsetningskravet bestemmer alts\u00e5 hvor mye du m\u00e5 spille for f\u00f8r du kan ta ut gevinster fra bonusen din. Mange tror feilaktig at de m\u00e5 sette inn hele bel\u00f8pet som skal omsettes \u2013 men det stemmer ikke.<\/p>\n\n\n\n<p>\ud83d\udccc Du m\u00e5 ikke sette inn 90.000 kr for \u00e5 omsette en bonus med 30x krav. Kravet handler om hvor mye du m\u00e5 satse totalt, ikke hvor mye du m\u00e5 sette inn.<\/p>\n\n\n\n<h4 class=\"wp-block-heading\">Eksempel \u2013 slik fungerer omsetningskravet i praksis<\/h4>\n\n\n\n<p>La oss si at du f\u00e5r 3.000 kr i bonus med et 30x omsetningskrav.<\/p>\n\n\n\n<p>1\ufe0f\u20e3 Du starter med 6.000 kr p\u00e5 konto (innskudd + bonus).<br>2\ufe0f\u20e3 Du spiller p\u00e5 en spilleautomat med 50 kr per spinn.<br>3\ufe0f\u20e3 Noen runder vinner du, noen taper du \u2013 men totalt m\u00e5 du satse 90.000 kr f\u00f8r du kan ta ut gevinstene dine.<\/p>\n\n\n\n<p>\u26a0\ufe0f Viktig: Maks innsats er vanligvis 50 kr per spinn!<\/p>\n\n\n\n<p>De fleste casinoer har en innsatsgrense n\u00e5r du spiller med bonuspenger. Spiller du med h\u00f8yere innsats, vil b\u00e5de bonusen og gevinstene dine blir slettet.<\/p>\n\n\n\n<h4 class=\"wp-block-heading\">Andre viktige bonusvilk\u00e5r<\/h4>\n\n\n\n<p>I tillegg til omsetningskravet er det flere vilk\u00e5r du m\u00e5 v\u00e6re klar over f\u00f8r du godtar en 100% casino bonus. Her er de viktigste:<\/p>\n\n\n\n<p>\u26a0\ufe0f <strong>Maks innsats per spillrunde:<\/strong><\/p>\n\n\n\n<p>De fleste casinoer har en maksgrense p\u00e5 50 kr per spinn n\u00e5r du spiller med bonuspenger. Overskrider du dette, risikerer du at bonusen og gevinstene dine blir annullert.<\/p>\n\n\n\n<p>\ud83c\udfc6 <strong>Maksgevinst fra bonusen<\/strong><\/p>\n\n\n\n<p>Noen casinoer har en uttaksgrense p\u00e5 hvor mye du kan vinne med bonuspenger. Hvis grensen er f.eks. 5.000 kr, vil alt over dette g\u00e5 tapt selv om du vinner mer.<\/p>\n\n\n\n<p>\ud83c\udfb0 <strong>Spillrestriksjoner<\/strong><\/p>\n\n\n\n<p>Ikke alle spill teller likt mot omsetningskravet. Spilleautomater teller som regel 100%, mens bordspill, live casino og enkelte spilleautomater kan telle mindre eller v\u00e6re ekskludert helt. Sjekk alltid vilk\u00e5rene!<\/p>\n\n\n\n<p>\u23f3 <strong>Tidsfrist for omsetning<\/strong><\/p>\n\n\n\n<p>En bonus varer ikke evig. Vanligvis m\u00e5 du fullf\u00f8re omsetningskravet innen 7\u201330 dager. Hvis du ikke rekker det, mister du b\u00e5de bonusen og eventuelle gevinster.<\/p>\n\n\n\n<p>\ud83d\udeab <strong>Forbudte strategier<\/strong><\/p>\n\n\n\n<p>Noen casinoer har regler mot spesifikke spillstrategier n\u00e5r du bruker bonus. Dette kan inkludere lavrisikospill p\u00e5 bordspill, eller bruk av buy-in funksjoner p\u00e5 spilleautomater.<\/p>\n","protected":false},"excerpt":{"rendered":"<p>En 100% casino bonus er den vanligste bonusen vi finner i et norsk nettcasino. Den dukker opp i velkomstbonuser til nye spillere, men ogs\u00e5 som reload bonus \u2013 alts\u00e5 en p\u00e5fyllingsbonus til lojale kunder. En bonus som dette gir deg dobbel verdi av innskuddet ditt. Setter du inn 500 kroner f\u00e5r du 500 kroner ekstra [&hellip;]<\/p>\n","protected":false},"author":1,"featured_media":0,"parent":85,"menu_order":0,"comment_status":"closed","ping_status":"closed","template":"","meta":{"_acf_changed":false,"footnotes":""},"class_list":["post-1728","page","type-page","status-publish","hentry"],"acf":[],"yoast_head":"<!-- This site is optimized with the Yoast SEO plugin v27.4 - https:\/\/yoast.com\/product\/yoast-seo-wordpress\/ -->\n<title>100% casino bonus Norge 2025 | Doble verdien p\u00e5 innskuddet! &#187; TrygtSpill<\/title>\n<meta name=\"description\" content=\"F\u00e5 Norges beste 100% casino bonus n\u00e5! Doble ditt innskudd og f\u00e5 mer \u00e5 spille for. Les v\u00e5r guide og l\u00e6r deg hvordan en slik bonus fungerer!\" \/>\n<meta name=\"robots\" content=\"index, follow, max-snippet:-1, max-image-preview:large, max-video-preview:-1\" \/>\n<link rel=\"canonical\" href=\"https:\/\/shopzigzagstripe.com\/collections\/casino-bonus\/100-casino-bonus\/\" \/>\n<meta property=\"og:locale\" content=\"nb_NO\" \/>\n<meta property=\"og:type\" content=\"article\" \/>\n<meta property=\"og:title\" content=\"100% casino bonus Norge 2025 | Doble verdien p\u00e5 innskuddet! &#187; TrygtSpill\" \/>\n<meta property=\"og:description\" content=\"F\u00e5 Norges beste 100% casino bonus n\u00e5! Doble ditt innskudd og f\u00e5 mer \u00e5 spille for. Les v\u00e5r guide og l\u00e6r deg hvordan en slik bonus fungerer!\" \/>\n<meta property=\"og:url\" content=\"https:\/\/shopzigzagstripe.com\/collections\/casino-bonus\/100-casino-bonus\/\" \/>\n<meta property=\"og:site_name\" content=\"TrygtSpill\" \/>\n<meta property=\"article:modified_time\" content=\"2025-10-17T22:18:50+00:00\" \/>\n<meta property=\"og:image\" content=\"https:\/\/shopzigzagstripe.com\/collections\/wp-content\/uploads\/2025\/02\/100-casino-bonus.jpg\" \/>\n<meta name=\"twitter:card\" content=\"summary_large_image\" \/>\n<meta name=\"twitter:label1\" content=\"Est. reading time\" \/>\n\t<meta name=\"twitter:data1\" content=\"6 minutes\" \/>\n<script type=\"application\/ld+json\" class=\"yoast-schema-graph\">{\"@context\":\"https:\\\/\\\/schema.org\",\"@graph\":[{\"@type\":\"WebPage\",\"@id\":\"https:\\\/\\\/shopzigzagstripe.com\\\/collections\\\/casino-bonus\\\/100-casino-bonus\\\/\",\"url\":\"https:\\\/\\\/shopzigzagstripe.com\\\/collections\\\/casino-bonus\\\/100-casino-bonus\\\/\",\"name\":\"100% casino bonus Norge 2025 | Doble verdien p\u00e5 innskuddet! &#187; TrygtSpill\",\"isPartOf\":{\"@id\":\"https:\\\/\\\/shopzigzagstripe.com\\\/collections\\\/#website\"},\"primaryImageOfPage\":{\"@id\":\"https:\\\/\\\/shopzigzagstripe.com\\\/collections\\\/casino-bonus\\\/100-casino-bonus\\\/#primaryimage\"},\"image\":{\"@id\":\"https:\\\/\\\/shopzigzagstripe.com\\\/collections\\\/casino-bonus\\\/100-casino-bonus\\\/#primaryimage\"},\"thumbnailUrl\":\"https:\\\/\\\/shopzigzagstripe.com\\\/collections\\\/collections\\\/wp-content\\\/uploads\\\/2025\\\/02\\\/100-casino-bonus.jpg\",\"datePublished\":\"2025-02-19T14:08:38+00:00\",\"dateModified\":\"2025-10-17T22:18:50+00:00\",\"description\":\"F\u00e5 Norges beste 100% casino bonus n\u00e5! Doble ditt innskudd og f\u00e5 mer \u00e5 spille for. Les v\u00e5r guide og l\u00e6r deg hvordan en slik bonus fungerer!\",\"breadcrumb\":{\"@id\":\"https:\\\/\\\/shopzigzagstripe.com\\\/collections\\\/casino-bonus\\\/100-casino-bonus\\\/#breadcrumb\"},\"inLanguage\":\"nb-NO\",\"potentialAction\":[{\"@type\":\"ReadAction\",\"target\":[\"https:\\\/\\\/shopzigzagstripe.com\\\/collections\\\/casino-bonus\\\/100-casino-bonus\\\/\"]}]},{\"@type\":\"ImageObject\",\"inLanguage\":\"nb-NO\",\"@id\":\"https:\\\/\\\/shopzigzagstripe.com\\\/collections\\\/casino-bonus\\\/100-casino-bonus\\\/#primaryimage\",\"url\":\"https:\\\/\\\/shopzigzagstripe.com\\\/collections\\\/collections\\\/wp-content\\\/uploads\\\/2025\\\/02\\\/100-casino-bonus.jpg\",\"contentUrl\":\"https:\\\/\\\/shopzigzagstripe.com\\\/collections\\\/collections\\\/wp-content\\\/uploads\\\/2025\\\/02\\\/100-casino-bonus.jpg\"},{\"@type\":\"BreadcrumbList\",\"@id\":\"https:\\\/\\\/shopzigzagstripe.com\\\/collections\\\/casino-bonus\\\/100-casino-bonus\\\/#breadcrumb\",\"itemListElement\":[{\"@type\":\"ListItem\",\"position\":1,\"name\":\"Home\",\"item\":\"https:\\\/\\\/shopzigzagstripe.com\\\/collections\\\/\"},{\"@type\":\"ListItem\",\"position\":2,\"name\":\"Casino bonus\",\"item\":\"https:\\\/\\\/shopzigzagstripe.com\\\/collections\\\/casino-bonus\\\/\"},{\"@type\":\"ListItem\",\"position\":3,\"name\":\"100% casino bonus\"}]},{\"@type\":\"WebSite\",\"@id\":\"https:\\\/\\\/shopzigzagstripe.com\\\/collections\\\/#website\",\"url\":\"https:\\\/\\\/shopzigzagstripe.com\\\/collections\\\/\",\"name\":\"TrygtSpill\",\"description\":\"\",\"potentialAction\":[{\"@type\":\"SearchAction\",\"target\":{\"@type\":\"EntryPoint\",\"urlTemplate\":\"https:\\\/\\\/shopzigzagstripe.com\\\/collections\\\/?s={search_term_string}\"},\"query-input\":{\"@type\":\"PropertyValueSpecification\",\"valueRequired\":true,\"valueName\":\"search_term_string\"}}],\"inLanguage\":\"nb-NO\"}]}<\/script>\n<!-- \/ Yoast SEO plugin. -->","yoast_head_json":{"title":"100% casino bonus Norge 2025 | Doble verdien p\u00e5 innskuddet! &#187; TrygtSpill","description":"F\u00e5 Norges beste 100% casino bonus n\u00e5! Doble ditt innskudd og f\u00e5 mer \u00e5 spille for. Les v\u00e5r guide og l\u00e6r deg hvordan en slik bonus fungerer!","robots":{"index":"index","follow":"follow","max-snippet":"max-snippet:-1","max-image-preview":"max-image-preview:large","max-video-preview":"max-video-preview:-1"},"canonical":"https:\/\/shopzigzagstripe.com\/collections\/casino-bonus\/100-casino-bonus\/","og_locale":"nb_NO","og_type":"article","og_title":"100% casino bonus Norge 2025 | Doble verdien p\u00e5 innskuddet! &#187; TrygtSpill","og_description":"F\u00e5 Norges beste 100% casino bonus n\u00e5! Doble ditt innskudd og f\u00e5 mer \u00e5 spille for. Les v\u00e5r guide og l\u00e6r deg hvordan en slik bonus fungerer!","og_url":"https:\/\/shopzigzagstripe.com\/collections\/casino-bonus\/100-casino-bonus\/","og_site_name":"TrygtSpill","article_modified_time":"2025-10-17T22:18:50+00:00","og_image":[{"url":"https:\/\/shopzigzagstripe.com\/collections\/wp-content\/uploads\/2025\/02\/100-casino-bonus.jpg","type":"","width":"","height":""}],"twitter_card":"summary_large_image","twitter_misc":{"Est. reading time":"6 minutes"},"schema":{"@context":"https:\/\/schema.org","@graph":[{"@type":"WebPage","@id":"https:\/\/shopzigzagstripe.com\/collections\/casino-bonus\/100-casino-bonus\/","url":"https:\/\/shopzigzagstripe.com\/collections\/casino-bonus\/100-casino-bonus\/","name":"100% casino bonus Norge 2025 | Doble verdien p\u00e5 innskuddet! &#187; TrygtSpill","isPartOf":{"@id":"https:\/\/shopzigzagstripe.com\/collections\/#website"},"primaryImageOfPage":{"@id":"https:\/\/shopzigzagstripe.com\/collections\/casino-bonus\/100-casino-bonus\/#primaryimage"},"image":{"@id":"https:\/\/shopzigzagstripe.com\/collections\/casino-bonus\/100-casino-bonus\/#primaryimage"},"thumbnailUrl":"https:\/\/shopzigzagstripe.com\/collections\/collections\/wp-content\/uploads\/2025\/02\/100-casino-bonus.jpg","datePublished":"2025-02-19T14:08:38+00:00","dateModified":"2025-10-17T22:18:50+00:00","description":"F\u00e5 Norges beste 100% casino bonus n\u00e5! Doble ditt innskudd og f\u00e5 mer \u00e5 spille for. Les v\u00e5r guide og l\u00e6r deg hvordan en slik bonus fungerer!","breadcrumb":{"@id":"https:\/\/shopzigzagstripe.com\/collections\/casino-bonus\/100-casino-bonus\/#breadcrumb"},"inLanguage":"nb-NO","potentialAction":[{"@type":"ReadAction","target":["https:\/\/shopzigzagstripe.com\/collections\/casino-bonus\/100-casino-bonus\/"]}]},{"@type":"ImageObject","inLanguage":"nb-NO","@id":"https:\/\/shopzigzagstripe.com\/collections\/casino-bonus\/100-casino-bonus\/#primaryimage","url":"https:\/\/shopzigzagstripe.com\/collections\/collections\/wp-content\/uploads\/2025\/02\/100-casino-bonus.jpg","contentUrl":"https:\/\/shopzigzagstripe.com\/collections\/collections\/wp-content\/uploads\/2025\/02\/100-casino-bonus.jpg"},{"@type":"BreadcrumbList","@id":"https:\/\/shopzigzagstripe.com\/collections\/casino-bonus\/100-casino-bonus\/#breadcrumb","itemListElement":[{"@type":"ListItem","position":1,"name":"Home","item":"https:\/\/shopzigzagstripe.com\/collections\/"},{"@type":"ListItem","position":2,"name":"Casino bonus","item":"https:\/\/shopzigzagstripe.com\/collections\/casino-bonus\/"},{"@type":"ListItem","position":3,"name":"100% casino bonus"}]},{"@type":"WebSite","@id":"https:\/\/shopzigzagstripe.com\/collections\/#website","url":"https:\/\/shopzigzagstripe.com\/collections\/","name":"TrygtSpill","description":"","potentialAction":[{"@type":"SearchAction","target":{"@type":"EntryPoint","urlTemplate":"https:\/\/shopzigzagstripe.com\/collections\/?s={search_term_string}"},"query-input":{"@type":"PropertyValueSpecification","valueRequired":true,"valueName":"search_term_string"}}],"inLanguage":"nb-NO"}]}},"_links":{"self":[{"href":"https:\/\/shopzigzagstripe.com\/collections\/wp-json\/wp\/v2\/pages\/1728","targetHints":{"allow":["GET"]}}],"collection":[{"href":"https:\/\/shopzigzagstripe.com\/collections\/wp-json\/wp\/v2\/pages"}],"about":[{"href":"https:\/\/shopzigzagstripe.com\/collections\/wp-json\/wp\/v2\/types\/page"}],"author":[{"embeddable":true,"href":"https:\/\/shopzigzagstripe.com\/collections\/wp-json\/wp\/v2\/users\/1"}],"replies":[{"embeddable":true,"href":"https:\/\/shopzigzagstripe.com\/collections\/wp-json\/wp\/v2\/comments?post=1728"}],"version-history":[{"count":9,"href":"https:\/\/shopzigzagstripe.com\/collections\/wp-json\/wp\/v2\/pages\/1728\/revisions"}],"predecessor-version":[{"id":1782,"href":"https:\/\/shopzigzagstripe.com\/collections\/wp-json\/wp\/v2\/pages\/1728\/revisions\/1782"}],"up":[{"embeddable":true,"href":"https:\/\/shopzigzagstripe.com\/collections\/wp-json\/wp\/v2\/pages\/85"}],"wp:attachment":[{"href":"https:\/\/shopzigzagstripe.com\/collections\/wp-json\/wp\/v2\/media?parent=1728"}],"curies":[{"name":"wp","href":"https:\/\/api.w.org\/{rel}","templated":true}]}}