{"id":123,"date":"2025-02-19T16:28:21","date_gmt":"2025-02-19T16:28:21","guid":{"rendered":"https:\/\/oxford.fetchtdelivery.com\/?page_id=123"},"modified":"2025-02-19T16:28:21","modified_gmt":"2025-02-19T16:28:21","slug":"200-casino-bonus","status":"publish","type":"page","link":"https:\/\/shopzigzagstripe.com\/collections\/casino-bonus\/200-casino-bonus\/","title":{"rendered":"200% casino bonus"},"content":{"rendered":"\n<p>En 200% casino bonus gir deg dobbelt s\u00e5 mye i bonuspenger som du setter inn! Setter du inn 500 kr, f\u00e5r du 1.000 kr ekstra, noe som gir deg totalt 1.500 kr \u00e5 spille for \u2013 alts\u00e5 tre ganger innskuddsbel\u00f8pet ditt i spillkreditt.<\/p>\n\n\n\n<p>Dette er en av de mest sjener\u00f8se bonusene, men den kommer ofte med h\u00f8yere omsetningskrav og strengere vilk\u00e5r. Her finner v\u00e5re beste 200% bonuser, samt alt du m\u00e5 vite f\u00f8r du velger en.<\/p>\n\n\n\n<div class=\"gb-element-7c8549eb\">\n<p>\ud83d\uded1 Viktig \u00e5 huske: Casinoet vinner alltid over tid. Spill p\u00e5 nettcasino inneb\u00e6rer risiko, og du b\u00f8r kun spille for penger du har r\u00e5d til \u00e5 tape. Sett spillgrenser og spill med ansvar. \ud83d\udd1e Aldersgrense: 18 \u00e5r. Trenger du hjelp? Les mer p\u00e5 v\u00e5r side om ansvarlig spilling eller bes\u00f8k <a href=\"https:\/\/hjelpelinjen.no\/\" target=\"_blank\" rel=\"noreferrer noopener\">Hjelpelinjen.no<\/a>.<\/p>\n<\/div>\n\n\n\n<h2 class=\"gb-text gb-text-2e35dc83\">Beste norske 200% casino bonus<\/h2>\n\n\n<div class=\"casino-banners\"><div class=\"casino-banner\"><div class=\"casino-box logo-box\" style=\"background-color: #101116;\"><img decoding=\"async\" src=\"https:\/\/shopzigzagstripe.com\/collections\/wp-content\/uploads\/2025\/10\/casinova.svg?wsr\" alt=\"Casinova\" class=\"casino-logo\"><\/div><div class=\"casino-box bonus-box\"><h3 class=\"casino-name\">Casinova<\/h3><p class=\"casino-bonus\">20 000 kr V\u00e4lkomstpaket + 350 Gratisspinn<\/p><\/div><div class=\"casino-box bulletpoints-box\"><h4 class=\"bulletpoints-header\">Kort info<\/h4><ul class=\"bulletpoints-list\"><li>\ud83c\udf81 Huge, Multi-Part Welcome Package + Free Spins<\/li><li>\ud83d\udcb0 Frequent &amp; Generous Cashback and Reloads<\/li><li>\ud83c\udfb2 Massive Game Variety and Casino Features<\/li><\/ul><\/div><div class=\"casino-box button-box\"><div class=\"button-wrap\"><a href=\"https:\/\/tryggtspill.link\/casinova\" class=\"button\" rel=\"nofollow\" target=\"_blank\">Hent din bonus!<\/a><\/div><\/div><\/div><\/div>\n\n\n\n<h2 class=\"wp-block-heading\">Hva er en 200% casino bonus?<\/h2>\n\n\n\n<figure class=\"wp-block-image size-full\"><img decoding=\"async\" src=\"https:\/\/shopzigzagstripe.com\/collections\/collections\/wp-content\/uploads\/2025\/02\/200-casino-bonus-infografikk.jpg\" alt=\"Infografikk: 200% casino bonus med illustrasjon og bulletpoints\" class=\"wp-image-124\"\/><\/figure>\n\n\n\n<p><\/p>\n\n\n\n<p>Vi har allerede v\u00e6rt inne p\u00e5 det i innledningen av artikkelen. En god ting kan dog ikke gjentas for ofte, og her g\u00e5r vi litt mer i dybden.<\/p>\n\n\n\n<p>En 200% norsk casino bonus betyr alts\u00e5 at casinoet gir deg et bonusbel\u00f8p tilsvarende det dobbelte av innskuddet ditt.\u00a0 Det betyr at hvis du setter inn 500 kr, f\u00e5r du 1.000 kr ekstra, slik at du har 1.500 kr totalt \u00e5 spille for.<\/p>\n\n\n\n<p>Denne typen bonus skiller seg fra en standard <a href=\"https:\/\/shopzigzagstripe.com\/collections\/collections\/collections\/norsk-casino-bonus\/100-casino-bonus\/\" data-type=\"page\" data-id=\"96\">100% casino bonus<\/a> ved at du starter med en betydelig st\u00f8rre bankroll. Mange casinoer bruker 200% bonuser for \u00e5 tiltrekke seg nye spillere, men det er viktig \u00e5 forst\u00e5 b\u00e5de fordelene og vilk\u00e5rene f\u00f8r du godtar en slik bonus.<\/p>\n\n\n\n<h3 class=\"wp-block-heading\">Eksempler p\u00e5 200% bonus basert p\u00e5 maksbel\u00f8p<\/h3>\n\n\n\n<figure class=\"wp-block-table\"><table class=\"has-fixed-layout\"><tbody><tr><td><strong>Innskudd<\/strong><\/td><td><strong>Bonus<\/strong><\/td><td><strong>Totalt \u00e5 spille for<\/strong><\/td><\/tr><tr><td>200 kr<\/td><td>400 kr<\/td><td>600 kr<\/td><\/tr><tr><td>500 kr<\/td><td>1.000 kr<\/td><td>1.500 kr<\/td><\/tr><tr><td>1.000 kr<\/td><td>2.000 kr<\/td><td>3.000 kr<\/td><\/tr><\/tbody><\/table><\/figure>\n\n\n\n<p>Mens en 200% bonus gir deg mer penger \u00e5 spille for, er det viktig \u00e5 huske at bonusbel\u00f8pet alltid er begrenset. Noen casinoer tilbyr 200% opp til 1.000 kr, mens andre kan gi 200% opp til 5.000 kr eller mer.<\/p>\n\n\n\n<p>Forskjellen mellom disse bonusene er viktig, siden en h\u00f8yere maksgrense gir deg mer verdi hvis du planlegger \u00e5 sette inn et st\u00f8rre bel\u00f8p.<\/p>\n\n\n\n<h3 class=\"wp-block-heading\"><br>Forskjellige 200% bonuser basert p\u00e5 maksbel\u00f8p<\/h3>\n\n\n\n<figure class=\"wp-block-table\"><table class=\"has-fixed-layout\"><tbody><tr><td><strong>Bonus<\/strong><\/td><td><strong>Maksbel\u00f8p man kan f\u00e5<\/strong><\/td><td><strong>Innskudd for \u00e5 f\u00e5 maks bonus<\/strong><\/td><td><strong>Totalt \u00e5 spille for<\/strong><\/td><\/tr><tr><td>200% opptil 1.000 kr<\/td><td>1.000 kr<\/td><td>500 kr<\/td><td>1.500 kr<\/td><\/tr><tr><td>200% opptil 3.000 kr<\/td><td>3.000 kr<\/td><td>1.500 kr<\/td><td>4.500 kr<\/td><\/tr><tr><td>200% opptil 5.000 kr<\/td><td>5.000 kr<\/td><td>2.500 kr<\/td><td>7.500 kr<\/td><\/tr><\/tbody><\/table><\/figure>\n\n\n\n<p>Vi har n\u00e5 sett p\u00e5 hva en 200 casino bonus er, og illustrert med to tabeller. Videre skal vi g\u00e5 inn p\u00e5 noe annet viktig: nemlig omsetningskravet. Dette er noe som er sv\u00e6rt viktig for \u00e5 forst\u00e5 din 200% bonus fullt ut.<\/p>\n\n\n\n<h2 class=\"wp-block-heading\"><br>Omsetningskrav p\u00e5 en 200% bonus<\/h2>\n\n\n\n<p>En 200% bonus gir deg mye mer \u00e5 spille for, casinoet krever f\u00f8rst at du omsetter bonusen f\u00f8r du kan ta ut gevinster. 200% bonuser har ofte strengere krav enn 100% bonuser, s\u00e5 det er viktig \u00e5 vite hva du sier ja til. Herunder kommer blant annet omsetningskravet inn i bildet.<\/p>\n\n\n\n<p><strong>\ud83d\udca1 Hva er et omsetningskrav?<\/strong><\/p>\n\n\n\n<p>Omsetningskravet viser hvor mange ganger du m\u00e5 satse \/ omsette bonusen (og eventuelt innskuddet) f\u00f8r du kan gj\u00f8re et uttak.<\/p>\n\n\n\n<p>Under illustrerer vi hvor forskjellig flere tilsynelatende like 200% bonuser kan utarte seg for deg \u2013 avhengig av omsetningskravet.<\/p>\n\n\n\n<h3 class=\"wp-block-heading\">Hvordan ulike omsetningskrav p\u00e5virker en 200% bonus opptil 1.000 kr<\/h3>\n\n\n\n<figure class=\"wp-block-table\"><table class=\"has-fixed-layout\"><tbody><tr><td><strong>Mottatt bonusbel\u00f8p<\/strong><\/td><td><strong>Omsetningskrav<\/strong><\/td><td><strong>Totalt \u00e5 omsette f\u00f8r uttak<\/strong><\/td><\/tr><tr><td>1.000 kr (200% bonus)<\/td><td>30x<\/td><td>30.000 kr<\/td><\/tr><tr><td>1.000 kr (200% bonus)<\/td><td>35x<\/td><td>35.000 kr<\/td><\/tr><tr><td>1.000 kr (200% bonus)<\/td><td>40x<\/td><td>40.000 kr<\/td><\/tr><tr><td>1.000 kr (200% bonus)<\/td><td>45x<\/td><td>45.000 kr<\/td><\/tr><\/tbody><\/table><\/figure>\n\n\n\n<p>\ud83d\udccc <strong>Hva betyr dette for deg?<\/strong><\/p>\n\n\n\n<p>\ud83c\udfad Alle bonusene ser like ut ved f\u00f8rste \u00f8yekast \u2013 200% opptil 1.000 kr.<\/p>\n\n\n\n<p>\ud83d\udcca Forskjellen ligger i omsetningskravet \u2013 jo h\u00f8yere krav, desto mer m\u00e5 du spille f\u00f8r uttak.<\/p>\n\n\n\n<p>\ud83c\udfb0 30x omsetning er overkommelig, mens 45x betyr at du m\u00e5 satse langt mer f\u00f8r du f\u00e5r ut pengene dine.<\/p>\n\n\n\n<h2 class=\"wp-block-heading\">Unng\u00e5 disse feilene med en 200% casinobonus<\/h2>\n\n\n\n<p>En 200% bonus er helt klart fristende! Mange spillere gj\u00f8r imidlertid \u2018feil\u2019 som kan koste dem gevinster eller f\u00f8re til un\u00f8dvendige problemer.<\/p>\n\n\n\n<p>Her er de vanligste tabbene \u2013 og hvordan du unng\u00e5r dem.<\/p>\n\n\n\n<p><strong>1\ufe0f\u20e3 Ikke sjekke omsetningskravet<\/strong><\/p>\n\n\n\n<p>\ud83d\udcdc Noen 200% bonuser har skyh\u00f8ye krav, som gj\u00f8r det n\u00e6rmest umulig \u00e5 omsette bonusen f\u00f8r den utl\u00f8per. Sjekk alltid omsetningskravet f\u00f8r du aksepterer bonusen!<\/p>\n\n\n\n<p>2\ufe0f\u20e3 <strong>Ikke v\u00e6re klar over maks innsats<\/strong><\/p>\n\n\n\n<p>\u26a0\ufe0f Mange casinoer setter en maksgrense per spinn eller h\u00e5nd (ofte 50 kr). Satser du over dette, kan casinoet annullere bonusen din og gevinstene dine.<\/p>\n\n\n\n<p>3\ufe0f\u20e3 <strong>Spille p\u00e5 spill som ikke teller mot omsetningskravet<\/strong><\/p>\n\n\n\n<p>\ud83c\udfb0 Bordspill og live casino teller ofte kun 5-10% eller ingenting. Sjekk alltid hvilke spill som faktisk teller f\u00f8r du bruker bonusen din feil.<\/p>\n\n\n\n<p>4\ufe0f\u20e3 <strong>Ikke se etter maksgevinst-begrensninger<\/strong><\/p>\n\n\n\n<p>\ud83d\udcb0 Noen 200% bonuser har et tak p\u00e5 hvor mye du kan vinne. Har bonusen f.eks. en maksgevinst p\u00e5 5.000 kr, kan du ikke ta ut mer enn dette, uansett hvor mye du vinner.<\/p>\n\n\n\n<p>5\ufe0f\u20e3 <strong>Ikke bruke bonusen innen tidsfristen<\/strong><\/p>\n\n\n\n<p>\u23f3 De fleste bonuser m\u00e5 omsettes innen 7\u201330 dager. Glemmer du det, mister du b\u00e5de bonusen og gevinstene dine. Sett deg en p\u00e5minnelse s\u00e5 du ikke kaster bort bonusen!<\/p>\n\n\n\n<p>Husk p\u00e5 f\u00f8lgende: casinoet f\u00f8lger disse retningslinjene med lupe. Gj\u00f8r du en feil underveis kan vi garantere at du mister b\u00e5de bonus og eventuelle gevinster du m\u00e5tte ha vunnet.<\/p>\n\n\n\n<h2 class=\"wp-block-heading\">Hvordan skaffer du deg en 200% casino bonus?<\/h2>\n\n\n\n<p>\u00c5 hente en 200% bonus er enkelt! Det er imidlertid viktig \u00e5 gj\u00f8re det riktig for \u00e5 sikre at du f\u00e5r bonusen uten problemer. F\u00f8lg denne enkle steg-for-steg guiden:<\/p>\n\n\n\n<p>1\ufe0f\u20e3 <strong>Velg et av v\u00e5re casino med 200% bonus<\/strong><\/p>\n\n\n\n<p>\ud83c\udfb0 Bla gjennom v\u00e5r toppliste over de beste 200% bonusene og velg et casino som passer for deg.<\/p>\n\n\n\n<p>2\ufe0f\u20e3 <strong>Opprett en konto<\/strong><\/p>\n\n\n\n<p>\ud83d\udcdd Registrer deg p\u00e5 casinoets nettside ved \u00e5 fylle ut skjemaet med dine personlige opplysninger.<\/p>\n\n\n\n<p>3\ufe0f\u20e3 <strong>Sjekk om bonusen krever en kode<\/strong><\/p>\n\n\n\n<p>\ud83d\udd11 Noen casinoer krever en bonuskode for \u00e5 aktivere tilbudet. Sjekk alltid vilk\u00e5rene f\u00f8r du setter inn penger.<\/p>\n\n\n\n<p>4\ufe0f\u20e3 <strong>Gj\u00f8r et innskudd<\/strong><\/p>\n\n\n\n<p>\ud83d\udcb3 G\u00e5 til innskuddssiden og sett inn et bel\u00f8p som kvalifiserer for bonusen. Husk \u00e5 f\u00f8lge minstekravet for \u00e5 aktivere bonusen!<\/p>\n\n\n\n<p>5\ufe0f\u20e3 <strong>Aktiver bonusen hvis n\u00f8dvendig<\/strong><\/p>\n\n\n\n<p>\u26a1 Noen casinoer krediterer bonusen automatisk, mens andre krever at du aktiverer den manuelt via din konto under \u00abBonuser\u00bb.<\/p>\n\n\n\n<p>6\ufe0f\u20e3 <strong>Start spillingen!<\/strong><\/p>\n\n\n\n<p>\ud83c\udfaf Velg spill som teller mot omsetningskravet og begynn \u00e5 spille! Lykke til!<\/p>\n","protected":false},"excerpt":{"rendered":"<p>En 200% casino bonus gir deg dobbelt s\u00e5 mye i bonuspenger som du setter inn! Setter du inn 500 kr, f\u00e5r du 1.000 kr ekstra, noe som gir deg totalt 1.500 kr \u00e5 spille for \u2013 alts\u00e5 tre ganger innskuddsbel\u00f8pet ditt i spillkreditt. Dette er en av de mest sjener\u00f8se bonusene, men den kommer ofte [&hellip;]<\/p>\n","protected":false},"author":1,"featured_media":0,"parent":85,"menu_order":0,"comment_status":"closed","ping_status":"closed","template":"","meta":{"_acf_changed":false,"footnotes":""},"class_list":["post-123","page","type-page","status-publish","hentry"],"acf":[],"yoast_head":"<!-- This site is optimized with the Yoast SEO plugin v27.4 - https:\/\/yoast.com\/product\/yoast-seo-wordpress\/ -->\n<title>200% casino bonus 2025 | F\u00e5 3 ganger mer \u00e5 spille for! &#187; TrygtSpill<\/title>\n<meta name=\"description\" content=\"En 200% casino bonus gir deg 3x s\u00e5 mye \u00e5 spille for! \ud83d\ude80 Sett inn 1.000 kr, f\u00e5 2000 kr ekstra og spill for 3.000 kr til sammen. F\u00e5 bonus n\u00e5!\" \/>\n<meta name=\"robots\" content=\"index, follow, max-snippet:-1, max-image-preview:large, max-video-preview:-1\" \/>\n<link rel=\"canonical\" href=\"https:\/\/shopzigzagstripe.com\/collections\/casino-bonus\/200-casino-bonus\/\" \/>\n<meta property=\"og:locale\" content=\"nb_NO\" \/>\n<meta property=\"og:type\" content=\"article\" \/>\n<meta property=\"og:title\" content=\"200% casino bonus 2025 | F\u00e5 3 ganger mer \u00e5 spille for! &#187; TrygtSpill\" \/>\n<meta property=\"og:description\" content=\"En 200% casino bonus gir deg 3x s\u00e5 mye \u00e5 spille for! \ud83d\ude80 Sett inn 1.000 kr, f\u00e5 2000 kr ekstra og spill for 3.000 kr til sammen. F\u00e5 bonus n\u00e5!\" \/>\n<meta property=\"og:url\" content=\"https:\/\/shopzigzagstripe.com\/collections\/casino-bonus\/200-casino-bonus\/\" \/>\n<meta property=\"og:site_name\" content=\"TrygtSpill\" \/>\n<meta property=\"og:image\" content=\"https:\/\/shopzigzagstripe.com\/collections\/wp-content\/uploads\/2025\/02\/200-casino-bonus-infografikk.jpg\" \/>\n<meta name=\"twitter:card\" content=\"summary_large_image\" \/>\n<meta name=\"twitter:label1\" content=\"Est. reading time\" \/>\n\t<meta name=\"twitter:data1\" content=\"6 minutes\" \/>\n<script type=\"application\/ld+json\" class=\"yoast-schema-graph\">{\"@context\":\"https:\\\/\\\/schema.org\",\"@graph\":[{\"@type\":\"WebPage\",\"@id\":\"https:\\\/\\\/shopzigzagstripe.com\\\/collections\\\/casino-bonus\\\/200-casino-bonus\\\/\",\"url\":\"https:\\\/\\\/shopzigzagstripe.com\\\/collections\\\/casino-bonus\\\/200-casino-bonus\\\/\",\"name\":\"200% casino bonus 2025 | F\u00e5 3 ganger mer \u00e5 spille for! &#187; TrygtSpill\",\"isPartOf\":{\"@id\":\"https:\\\/\\\/shopzigzagstripe.com\\\/collections\\\/#website\"},\"primaryImageOfPage\":{\"@id\":\"https:\\\/\\\/shopzigzagstripe.com\\\/collections\\\/casino-bonus\\\/200-casino-bonus\\\/#primaryimage\"},\"image\":{\"@id\":\"https:\\\/\\\/shopzigzagstripe.com\\\/collections\\\/casino-bonus\\\/200-casino-bonus\\\/#primaryimage\"},\"thumbnailUrl\":\"https:\\\/\\\/shopzigzagstripe.com\\\/collections\\\/collections\\\/wp-content\\\/uploads\\\/2025\\\/02\\\/200-casino-bonus-infografikk.jpg\",\"datePublished\":\"2025-02-19T16:28:21+00:00\",\"description\":\"En 200% casino bonus gir deg 3x s\u00e5 mye \u00e5 spille for! \ud83d\ude80 Sett inn 1.000 kr, f\u00e5 2000 kr ekstra og spill for 3.000 kr til sammen. F\u00e5 bonus n\u00e5!\",\"breadcrumb\":{\"@id\":\"https:\\\/\\\/shopzigzagstripe.com\\\/collections\\\/casino-bonus\\\/200-casino-bonus\\\/#breadcrumb\"},\"inLanguage\":\"nb-NO\",\"potentialAction\":[{\"@type\":\"ReadAction\",\"target\":[\"https:\\\/\\\/shopzigzagstripe.com\\\/collections\\\/casino-bonus\\\/200-casino-bonus\\\/\"]}]},{\"@type\":\"ImageObject\",\"inLanguage\":\"nb-NO\",\"@id\":\"https:\\\/\\\/shopzigzagstripe.com\\\/collections\\\/casino-bonus\\\/200-casino-bonus\\\/#primaryimage\",\"url\":\"https:\\\/\\\/shopzigzagstripe.com\\\/collections\\\/collections\\\/wp-content\\\/uploads\\\/2025\\\/02\\\/200-casino-bonus-infografikk.jpg\",\"contentUrl\":\"https:\\\/\\\/shopzigzagstripe.com\\\/collections\\\/collections\\\/wp-content\\\/uploads\\\/2025\\\/02\\\/200-casino-bonus-infografikk.jpg\"},{\"@type\":\"BreadcrumbList\",\"@id\":\"https:\\\/\\\/shopzigzagstripe.com\\\/collections\\\/casino-bonus\\\/200-casino-bonus\\\/#breadcrumb\",\"itemListElement\":[{\"@type\":\"ListItem\",\"position\":1,\"name\":\"Home\",\"item\":\"https:\\\/\\\/shopzigzagstripe.com\\\/collections\\\/\"},{\"@type\":\"ListItem\",\"position\":2,\"name\":\"Casino bonus\",\"item\":\"https:\\\/\\\/shopzigzagstripe.com\\\/collections\\\/casino-bonus\\\/\"},{\"@type\":\"ListItem\",\"position\":3,\"name\":\"200% casino bonus\"}]},{\"@type\":\"WebSite\",\"@id\":\"https:\\\/\\\/shopzigzagstripe.com\\\/collections\\\/#website\",\"url\":\"https:\\\/\\\/shopzigzagstripe.com\\\/collections\\\/\",\"name\":\"TrygtSpill\",\"description\":\"\",\"potentialAction\":[{\"@type\":\"SearchAction\",\"target\":{\"@type\":\"EntryPoint\",\"urlTemplate\":\"https:\\\/\\\/shopzigzagstripe.com\\\/collections\\\/?s={search_term_string}\"},\"query-input\":{\"@type\":\"PropertyValueSpecification\",\"valueRequired\":true,\"valueName\":\"search_term_string\"}}],\"inLanguage\":\"nb-NO\"}]}<\/script>\n<!-- \/ Yoast SEO plugin. -->","yoast_head_json":{"title":"200% casino bonus 2025 | F\u00e5 3 ganger mer \u00e5 spille for! &#187; TrygtSpill","description":"En 200% casino bonus gir deg 3x s\u00e5 mye \u00e5 spille for! \ud83d\ude80 Sett inn 1.000 kr, f\u00e5 2000 kr ekstra og spill for 3.000 kr til sammen. F\u00e5 bonus n\u00e5!","robots":{"index":"index","follow":"follow","max-snippet":"max-snippet:-1","max-image-preview":"max-image-preview:large","max-video-preview":"max-video-preview:-1"},"canonical":"https:\/\/shopzigzagstripe.com\/collections\/casino-bonus\/200-casino-bonus\/","og_locale":"nb_NO","og_type":"article","og_title":"200% casino bonus 2025 | F\u00e5 3 ganger mer \u00e5 spille for! &#187; TrygtSpill","og_description":"En 200% casino bonus gir deg 3x s\u00e5 mye \u00e5 spille for! \ud83d\ude80 Sett inn 1.000 kr, f\u00e5 2000 kr ekstra og spill for 3.000 kr til sammen. F\u00e5 bonus n\u00e5!","og_url":"https:\/\/shopzigzagstripe.com\/collections\/casino-bonus\/200-casino-bonus\/","og_site_name":"TrygtSpill","og_image":[{"url":"https:\/\/shopzigzagstripe.com\/collections\/wp-content\/uploads\/2025\/02\/200-casino-bonus-infografikk.jpg","type":"","width":"","height":""}],"twitter_card":"summary_large_image","twitter_misc":{"Est. reading time":"6 minutes"},"schema":{"@context":"https:\/\/schema.org","@graph":[{"@type":"WebPage","@id":"https:\/\/shopzigzagstripe.com\/collections\/casino-bonus\/200-casino-bonus\/","url":"https:\/\/shopzigzagstripe.com\/collections\/casino-bonus\/200-casino-bonus\/","name":"200% casino bonus 2025 | F\u00e5 3 ganger mer \u00e5 spille for! &#187; TrygtSpill","isPartOf":{"@id":"https:\/\/shopzigzagstripe.com\/collections\/#website"},"primaryImageOfPage":{"@id":"https:\/\/shopzigzagstripe.com\/collections\/casino-bonus\/200-casino-bonus\/#primaryimage"},"image":{"@id":"https:\/\/shopzigzagstripe.com\/collections\/casino-bonus\/200-casino-bonus\/#primaryimage"},"thumbnailUrl":"https:\/\/shopzigzagstripe.com\/collections\/collections\/wp-content\/uploads\/2025\/02\/200-casino-bonus-infografikk.jpg","datePublished":"2025-02-19T16:28:21+00:00","description":"En 200% casino bonus gir deg 3x s\u00e5 mye \u00e5 spille for! \ud83d\ude80 Sett inn 1.000 kr, f\u00e5 2000 kr ekstra og spill for 3.000 kr til sammen. F\u00e5 bonus n\u00e5!","breadcrumb":{"@id":"https:\/\/shopzigzagstripe.com\/collections\/casino-bonus\/200-casino-bonus\/#breadcrumb"},"inLanguage":"nb-NO","potentialAction":[{"@type":"ReadAction","target":["https:\/\/shopzigzagstripe.com\/collections\/casino-bonus\/200-casino-bonus\/"]}]},{"@type":"ImageObject","inLanguage":"nb-NO","@id":"https:\/\/shopzigzagstripe.com\/collections\/casino-bonus\/200-casino-bonus\/#primaryimage","url":"https:\/\/shopzigzagstripe.com\/collections\/collections\/wp-content\/uploads\/2025\/02\/200-casino-bonus-infografikk.jpg","contentUrl":"https:\/\/shopzigzagstripe.com\/collections\/collections\/wp-content\/uploads\/2025\/02\/200-casino-bonus-infografikk.jpg"},{"@type":"BreadcrumbList","@id":"https:\/\/shopzigzagstripe.com\/collections\/casino-bonus\/200-casino-bonus\/#breadcrumb","itemListElement":[{"@type":"ListItem","position":1,"name":"Home","item":"https:\/\/shopzigzagstripe.com\/collections\/"},{"@type":"ListItem","position":2,"name":"Casino bonus","item":"https:\/\/shopzigzagstripe.com\/collections\/casino-bonus\/"},{"@type":"ListItem","position":3,"name":"200% casino bonus"}]},{"@type":"WebSite","@id":"https:\/\/shopzigzagstripe.com\/collections\/#website","url":"https:\/\/shopzigzagstripe.com\/collections\/","name":"TrygtSpill","description":"","potentialAction":[{"@type":"SearchAction","target":{"@type":"EntryPoint","urlTemplate":"https:\/\/shopzigzagstripe.com\/collections\/?s={search_term_string}"},"query-input":{"@type":"PropertyValueSpecification","valueRequired":true,"valueName":"search_term_string"}}],"inLanguage":"nb-NO"}]}},"_links":{"self":[{"href":"https:\/\/shopzigzagstripe.com\/collections\/wp-json\/wp\/v2\/pages\/123","targetHints":{"allow":["GET"]}}],"collection":[{"href":"https:\/\/shopzigzagstripe.com\/collections\/wp-json\/wp\/v2\/pages"}],"about":[{"href":"https:\/\/shopzigzagstripe.com\/collections\/wp-json\/wp\/v2\/types\/page"}],"author":[{"embeddable":true,"href":"https:\/\/shopzigzagstripe.com\/collections\/wp-json\/wp\/v2\/users\/1"}],"replies":[{"embeddable":true,"href":"https:\/\/shopzigzagstripe.com\/collections\/wp-json\/wp\/v2\/comments?post=123"}],"version-history":[{"count":0,"href":"https:\/\/shopzigzagstripe.com\/collections\/wp-json\/wp\/v2\/pages\/123\/revisions"}],"up":[{"embeddable":true,"href":"https:\/\/shopzigzagstripe.com\/collections\/wp-json\/wp\/v2\/pages\/85"}],"wp:attachment":[{"href":"https:\/\/shopzigzagstripe.com\/collections\/wp-json\/wp\/v2\/media?parent=123"}],"curies":[{"name":"wp","href":"https:\/\/api.w.org\/{rel}","templated":true}]}}